{"id":6162,"date":"2022-03-15T11:37:52","date_gmt":"2022-03-15T15:37:52","guid":{"rendered":"http:\/\/ciffa.test\/annulations-et-remboursements\/"},"modified":"2022-03-18T10:59:43","modified_gmt":"2022-03-18T14:59:43","slug":"annulations-et-remboursements","status":"publish","type":"page","link":"https:\/\/ciffa.jkmprojects.com\/fr\/annulations-et-remboursements\/","title":{"rendered":"Annulations et remboursements"},"content":{"rendered":"\t\t<div data-elementor-type=\"wp-page\" data-elementor-id=\"6162\" class=\"elementor elementor-6162 elementor-2591\" data-elementor-post-type=\"page\">\n\t\t\t\t\t\t\t\t\t<section class=\"elementor-section elementor-top-section elementor-element elementor-element-6b607af elementor-section-boxed elementor-section-height-default elementor-section-height-default\" data-id=\"6b607af\" data-element_type=\"section\">\n\t\t\t\t\t\t<div class=\"elementor-container elementor-column-gap-default\">\n\t\t\t\t\t<div class=\"elementor-column elementor-col-100 elementor-top-column elementor-element elementor-element-888744e\" data-id=\"888744e\" data-element_type=\"column\">\n\t\t\t<div class=\"elementor-widget-wrap elementor-element-populated\">\n\t\t\t\t\t\t\t\t<div class=\"elementor-element elementor-element-db5b007 elementor-widget elementor-widget-jk-pageheader\" data-id=\"db5b007\" data-element_type=\"widget\" data-widget_type=\"jk-pageheader.default\">\n\t\t\t\t<div class=\"elementor-widget-container\">\n\t\t\t<header class=\"small\"><div class=\"jkea_header\"><div class=\"jkea_header__contentwrap\"><div class=\"jkea_header__content\"><div class=\"title\"><h1>Annulations et remboursements<\/h1><\/div><div class=\"text\"><\/div><\/div><\/div><div class=\"jkea_header__graphic\"><div class=\"featuredimage full\"><img decoding=\"async\" src=\"https:\/\/ciffa.jkmprojects.com\/wp-content\/plugins\/elementor\/assets\/images\/placeholder.png\" alt=\"\"><\/div><div class=\"jkea_header__threebars\"><div class=\"bars\"><div class=\"bar1\"><\/div><div class=\"bar2\"><\/div><div class=\"bar3\"><\/div><\/div><\/div><div class=\"jkea_header__transparentcorner\"><div class=\"transparency\"><\/div><\/div><\/div><\/div><\/header>\t\t<\/div>\n\t\t\t\t<\/div>\n\t\t\t\t\t<\/div>\n\t\t<\/div>\n\t\t\t\t\t\t\t<\/div>\n\t\t<\/section>\n\t\t\t\t<section class=\"elementor-section elementor-top-section elementor-element elementor-element-a0c9bac elementor-section-boxed elementor-section-height-default elementor-section-height-default\" data-id=\"a0c9bac\" data-element_type=\"section\">\n\t\t\t\t\t\t<div class=\"elementor-container elementor-column-gap-default\">\n\t\t\t\t\t<div class=\"elementor-column elementor-col-100 elementor-top-column elementor-element elementor-element-b4f67af container\" data-id=\"b4f67af\" data-element_type=\"column\">\n\t\t\t<div class=\"elementor-widget-wrap elementor-element-populated\">\n\t\t\t\t\t\t\t\t<div class=\"elementor-element elementor-element-c194dda elementor-widget elementor-widget-text-editor\" data-id=\"c194dda\" data-element_type=\"widget\" data-widget_type=\"text-editor.default\">\n\t\t\t\t<div class=\"elementor-widget-container\">\n\t\t\t\t\t\t\t<p class=\"p1\"><b>(Mise \u00e0 jour\u00a0: Janvier\u00a02021)<\/b><\/p><p class=\"p1\"><b>TOUTES LES DEMANDES D\u2019ANNULATION DOIVENT \u00caTRE PR\u00c9SENT\u00c9ES PAR \u00c9CRIT.<\/b><\/p><p class=\"p1\"><b>Cours pour les transitaires professionnels<\/b><\/p><p class=\"p1\">Toutes les demandes de remboursement doivent \u00eatre pr\u00e9sent\u00e9es par \u00e9crit au bureau de l\u2019ATIC et ne seront accept\u00e9es que selon les conditions suivantes\u00a0:<\/p><p class=\"p1\">Annulations re\u00e7ues\u00a0:<\/p><ul><li class=\"p1\">Avant le d\u00e9but d\u2019un programme de formation ou le premier cours d\u2019un bloc de cours\u00a0\u2013\u00a0remboursement complet (moins des frais d\u2019administration de 100\u00a0$).<\/li><li class=\"p1\">\u00c0 compter de la 2<span class=\"s1\"><sup>e<\/sup><\/span> semaine apr\u00e8s le d\u00e9but d\u2019un programme de formation ou apr\u00e8s le premier cours d\u2019un bloc de cours (pour l\u2019apprentissage en ligne sur demande, \u00e0 compter de deux semaines apr\u00e8s l\u2019inscription initiale)\u00a0\u2013\u00a0remboursement de 50\u00a0%.<\/li><li class=\"p1\">\u00c0 compter de la 3<span class=\"s1\"><sup>e<\/sup><\/span> semaine apr\u00e8s le d\u00e9but d\u2019un programme de formation ou apr\u00e8s le premier cours d\u2019un bloc de cours (pour l\u2019apprentissage en ligne sur demande, \u00e0 compter de trois semaines apr\u00e8s l\u2019inscription initiale)\u00a0\u2013\u00a0aucun remboursement.<\/li><\/ul><p class=\"p2\">Tous les documents de formation doivent \u00eatre retourn\u00e9s au bureau de l\u2019ATIC, aux frais de l\u2019\u00e9tudiant, avant que le remboursement ne soit \u00e9mis.<\/p><p class=\"p3\"><b>Formation en classe et formation virtuelle donn\u00e9es par un instructeur<\/b><\/p><p class=\"p1\">Le remboursement pour ces cours ne sera accord\u00e9 que selon les conditions suivantes\u00a0:<\/p><ul><li class=\"p1\">Plus de 2 semaines avant le d\u00e9but du programme \u2013 remboursement complet (moins des frais d\u2019administration de 100,00 $).<\/li><li class=\"p1\">1 \u00e0 2 semaines avant le d\u00e9but du programme \u2013 remboursement de 50 %.<\/li><li class=\"p1\">Moins d\u2019une semaine avant le d\u00e9but du programme \u2013 aucun remboursement.<\/li><\/ul><p class=\"p5\"><b>Programmes de formation en ligne<\/b><span class=\"s2\"><b><span class=\"Apple-converted-space\">\u00a0<\/span><\/b><\/span><\/p><p class=\"p1\">(sauf pour programmes de formation de transport de fret de l\u2019ATIC)<\/p><ul><li class=\"p1\">Avant le d\u00e9but (ouverture de session) d\u2019un programme de formation en ligne \u2013 remboursement complet (moins des frais d\u2019administration de 100,00 $).<\/li><li class=\"p2\">Apr\u00e8s le d\u00e9but (ouverture de session) d\u2019un programme de formation en ligne \u2013 aucun remboursement.<\/li><\/ul><p class=\"p2\">Toutes les demandes d\u2019annulation doivent \u00eatre pr\u00e9sent\u00e9es par \u00e9crit \u00e0 l\u2019ATIC.<\/p><p class=\"p3\"><b>Politique d\u2019annulation et de remboursement des \u00e9v\u00e9nements<\/b><\/p><ul><li class=\"p1\">Annulation moins d\u2019une semaine avant l\u2019\u00e9v\u00e9nement \u2013 aucun remboursement.<\/li><li class=\"p1\">Annulation une semaine avant l\u2019\u00e9v\u00e9nement \u2013 remboursement complet.<\/li><\/ul><p class=\"p7\"><b>Achats sur la boutique en ligne de l\u2019ATIC<\/b><\/p><ul><li class=\"p1\">Les achats de livres \u00e9lectroniques ou de manuels ne sont pas remboursables.<\/li><\/ul>\t\t\t\t\t\t<\/div>\n\t\t\t\t<\/div>\n\t\t\t\t\t<\/div>\n\t\t<\/div>\n\t\t\t\t\t\t\t<\/div>\n\t\t<\/section>\n\t\t\t\t\t\t\t<\/div>\n\t\t","protected":false},"excerpt":{"rendered":"<p>Annulations et remboursements (Mise \u00e0 jour\u00a0: Janvier\u00a02021) TOUTES LES DEMANDES D\u2019ANNULATION DOIVENT \u00caTRE PR\u00c9SENT\u00c9ES PAR \u00c9CRIT. Cours pour les transitaires professionnels Toutes les demandes de remboursement doivent \u00eatre pr\u00e9sent\u00e9es par \u00e9crit au bureau de l\u2019ATIC et ne seront accept\u00e9es que selon les conditions suivantes\u00a0: Annulations re\u00e7ues\u00a0: Avant le d\u00e9but d\u2019un programme de formation ou le [&hellip;]<\/p>\n","protected":false},"author":1,"featured_media":0,"parent":0,"menu_order":0,"comment_status":"closed","ping_status":"closed","template":"","meta":{"footnotes":""},"acf":[],"yoast_head":"<!-- This site is optimized with the Yoast SEO plugin v21.5 - https:\/\/yoast.com\/wordpress\/plugins\/seo\/ -->\n<title>ATIC | Annulations et remboursements<\/title>\n<meta name=\"description\" content=\"Relire la politique de remboursement pour les cours de transport international.\" \/>\n<meta name=\"robots\" content=\"index, follow, max-snippet:-1, max-image-preview:large, max-video-preview:-1\" \/>\n<link rel=\"canonical\" href=\"https:\/\/ciffa.jkmprojects.com\/fr\/annulations-et-remboursements\/\" \/>\n<meta property=\"og:locale\" content=\"fr_FR\" \/>\n<meta property=\"og:type\" content=\"article\" \/>\n<meta property=\"og:title\" content=\"ATIC | Annulations et remboursements\" \/>\n<meta property=\"og:description\" content=\"Relire la politique de remboursement pour les cours de transport international.\" \/>\n<meta property=\"og:url\" content=\"https:\/\/ciffa.jkmprojects.com\/fr\/annulations-et-remboursements\/\" \/>\n<meta property=\"og:site_name\" content=\"ATIC\" \/>\n<meta property=\"article:modified_time\" content=\"2022-03-18T14:59:43+00:00\" \/>\n<meta property=\"og:image\" content=\"https:\/\/ciffa.jkmprojects.com\/wp-content\/plugins\/elementor\/assets\/images\/placeholder.png\" \/>\n<meta name=\"twitter:card\" content=\"summary_large_image\" \/>\n<meta name=\"twitter:label1\" content=\"Dur\u00e9e de lecture estim\u00e9e\" \/>\n\t<meta name=\"twitter:data1\" content=\"2 minutes\" \/>\n<script type=\"application\/ld+json\" class=\"yoast-schema-graph\">{\"@context\":\"https:\/\/schema.org\",\"@graph\":[{\"@type\":\"WebPage\",\"@id\":\"https:\/\/ciffa.jkmprojects.com\/fr\/annulations-et-remboursements\/\",\"url\":\"https:\/\/ciffa.jkmprojects.com\/fr\/annulations-et-remboursements\/\",\"name\":\"ATIC | Annulations et remboursements\",\"isPartOf\":{\"@id\":\"https:\/\/ciffa.jkmprojects.com\/fr\/#website\"},\"datePublished\":\"2022-03-15T15:37:52+00:00\",\"dateModified\":\"2022-03-18T14:59:43+00:00\",\"description\":\"Relire la politique de remboursement pour les cours de transport international.\",\"breadcrumb\":{\"@id\":\"https:\/\/ciffa.jkmprojects.com\/fr\/annulations-et-remboursements\/#breadcrumb\"},\"inLanguage\":\"fr-FR\",\"potentialAction\":[{\"@type\":\"ReadAction\",\"target\":[\"https:\/\/ciffa.jkmprojects.com\/fr\/annulations-et-remboursements\/\"]}]},{\"@type\":\"BreadcrumbList\",\"@id\":\"https:\/\/ciffa.jkmprojects.com\/fr\/annulations-et-remboursements\/#breadcrumb\",\"itemListElement\":[{\"@type\":\"ListItem\",\"position\":1,\"name\":\"Home\",\"item\":\"https:\/\/ciffa.jkmprojects.com\/fr\/\"},{\"@type\":\"ListItem\",\"position\":2,\"name\":\"Annulations et remboursements\"}]},{\"@type\":\"WebSite\",\"@id\":\"https:\/\/ciffa.jkmprojects.com\/fr\/#website\",\"url\":\"https:\/\/ciffa.jkmprojects.com\/fr\/\",\"name\":\"ATIC\",\"description\":\"\",\"potentialAction\":[{\"@type\":\"SearchAction\",\"target\":{\"@type\":\"EntryPoint\",\"urlTemplate\":\"https:\/\/ciffa.jkmprojects.com\/fr\/?s={search_term_string}\"},\"query-input\":\"required name=search_term_string\"}],\"inLanguage\":\"fr-FR\"}]}<\/script>\n<!-- \/ Yoast SEO plugin. -->","yoast_head_json":{"title":"ATIC | Annulations et remboursements","description":"Relire la politique de remboursement pour les cours de transport international.","robots":{"index":"index","follow":"follow","max-snippet":"max-snippet:-1","max-image-preview":"max-image-preview:large","max-video-preview":"max-video-preview:-1"},"canonical":"https:\/\/ciffa.jkmprojects.com\/fr\/annulations-et-remboursements\/","og_locale":"fr_FR","og_type":"article","og_title":"ATIC | Annulations et remboursements","og_description":"Relire la politique de remboursement pour les cours de transport international.","og_url":"https:\/\/ciffa.jkmprojects.com\/fr\/annulations-et-remboursements\/","og_site_name":"ATIC","article_modified_time":"2022-03-18T14:59:43+00:00","og_image":[{"url":"https:\/\/ciffa.jkmprojects.com\/wp-content\/plugins\/elementor\/assets\/images\/placeholder.png"}],"twitter_card":"summary_large_image","twitter_misc":{"Dur\u00e9e de lecture estim\u00e9e":"2 minutes"},"schema":{"@context":"https:\/\/schema.org","@graph":[{"@type":"WebPage","@id":"https:\/\/ciffa.jkmprojects.com\/fr\/annulations-et-remboursements\/","url":"https:\/\/ciffa.jkmprojects.com\/fr\/annulations-et-remboursements\/","name":"ATIC | Annulations et remboursements","isPartOf":{"@id":"https:\/\/ciffa.jkmprojects.com\/fr\/#website"},"datePublished":"2022-03-15T15:37:52+00:00","dateModified":"2022-03-18T14:59:43+00:00","description":"Relire la politique de remboursement pour les cours de transport international.","breadcrumb":{"@id":"https:\/\/ciffa.jkmprojects.com\/fr\/annulations-et-remboursements\/#breadcrumb"},"inLanguage":"fr-FR","potentialAction":[{"@type":"ReadAction","target":["https:\/\/ciffa.jkmprojects.com\/fr\/annulations-et-remboursements\/"]}]},{"@type":"BreadcrumbList","@id":"https:\/\/ciffa.jkmprojects.com\/fr\/annulations-et-remboursements\/#breadcrumb","itemListElement":[{"@type":"ListItem","position":1,"name":"Home","item":"https:\/\/ciffa.jkmprojects.com\/fr\/"},{"@type":"ListItem","position":2,"name":"Annulations et remboursements"}]},{"@type":"WebSite","@id":"https:\/\/ciffa.jkmprojects.com\/fr\/#website","url":"https:\/\/ciffa.jkmprojects.com\/fr\/","name":"ATIC","description":"","potentialAction":[{"@type":"SearchAction","target":{"@type":"EntryPoint","urlTemplate":"https:\/\/ciffa.jkmprojects.com\/fr\/?s={search_term_string}"},"query-input":"required name=search_term_string"}],"inLanguage":"fr-FR"}]}},"_links":{"self":[{"href":"https:\/\/ciffa.jkmprojects.com\/fr\/wp-json\/wp\/v2\/pages\/6162"}],"collection":[{"href":"https:\/\/ciffa.jkmprojects.com\/fr\/wp-json\/wp\/v2\/pages"}],"about":[{"href":"https:\/\/ciffa.jkmprojects.com\/fr\/wp-json\/wp\/v2\/types\/page"}],"author":[{"embeddable":true,"href":"https:\/\/ciffa.jkmprojects.com\/fr\/wp-json\/wp\/v2\/users\/1"}],"replies":[{"embeddable":true,"href":"https:\/\/ciffa.jkmprojects.com\/fr\/wp-json\/wp\/v2\/comments?post=6162"}],"version-history":[{"count":7,"href":"https:\/\/ciffa.jkmprojects.com\/fr\/wp-json\/wp\/v2\/pages\/6162\/revisions"}],"predecessor-version":[{"id":6762,"href":"https:\/\/ciffa.jkmprojects.com\/fr\/wp-json\/wp\/v2\/pages\/6162\/revisions\/6762"}],"wp:attachment":[{"href":"https:\/\/ciffa.jkmprojects.com\/fr\/wp-json\/wp\/v2\/media?parent=6162"}],"curies":[{"name":"wp","href":"https:\/\/api.w.org\/{rel}","templated":true}]}}