{"id":6166,"date":"2022-03-15T11:41:16","date_gmt":"2022-03-15T15:41:16","guid":{"rendered":"http:\/\/ciffa.test\/politique-de-confidentialite\/"},"modified":"2022-04-05T16:12:03","modified_gmt":"2022-04-05T20:12:03","slug":"politique-de-confidentialite","status":"publish","type":"page","link":"https:\/\/ciffa.jkmprojects.com\/fr\/politique-de-confidentialite\/","title":{"rendered":"Politique de confidentialit\u00e9"},"content":{"rendered":"\t\t<div data-elementor-type=\"wp-page\" data-elementor-id=\"6166\" class=\"elementor elementor-6166 elementor-3\" data-elementor-post-type=\"page\">\n\t\t\t\t\t\t\t\t\t<header class=\"elementor-section elementor-top-section elementor-element elementor-element-8635c95 elementor-section-full_width elementor-section-height-default elementor-section-height-default\" data-id=\"8635c95\" data-element_type=\"section\">\n\t\t\t\t\t\t<div class=\"elementor-container elementor-column-gap-default\">\n\t\t\t\t\t<div class=\"elementor-column elementor-col-100 elementor-top-column elementor-element elementor-element-043171c\" data-id=\"043171c\" data-element_type=\"column\">\n\t\t\t<div class=\"elementor-widget-wrap elementor-element-populated\">\n\t\t\t\t\t\t\t\t<div class=\"elementor-element elementor-element-cab2f09 elementor-widget elementor-widget-jk-pageheader\" data-id=\"cab2f09\" data-element_type=\"widget\" data-widget_type=\"jk-pageheader.default\">\n\t\t\t\t<div class=\"elementor-widget-container\">\n\t\t\t<header class=\"small\"><div class=\"jkea_header\"><div class=\"jkea_header__contentwrap\"><div class=\"jkea_header__content\"><div class=\"title\"><h1>Politique de confidentialit\u00e9 <\/h1><\/div><div class=\"text\"><\/div><\/div><\/div><div class=\"jkea_header__graphic\"><div class=\"featuredimage full\"><img decoding=\"async\" src=\"https:\/\/ciffa.jkmprojects.com\/wp-content\/plugins\/elementor\/assets\/images\/placeholder.png\" alt=\"\"><\/div><div class=\"jkea_header__threebars\"><div class=\"bars\"><div class=\"bar1\"><\/div><div class=\"bar2\"><\/div><div class=\"bar3\"><\/div><\/div><\/div><div class=\"jkea_header__transparentcorner\"><div class=\"transparency\"><\/div><\/div><\/div><\/div><\/header>\t\t<\/div>\n\t\t\t\t<\/div>\n\t\t\t\t\t<\/div>\n\t\t<\/div>\n\t\t\t\t\t\t\t<\/div>\n\t\t<\/header>\n\t\t\t\t<section class=\"elementor-section elementor-top-section elementor-element elementor-element-4937f84f elementor-section-boxed elementor-section-height-default elementor-section-height-default\" data-id=\"4937f84f\" data-element_type=\"section\">\n\t\t\t\t\t\t<div class=\"elementor-container elementor-column-gap-default\">\n\t\t\t\t\t<div class=\"elementor-column elementor-col-100 elementor-top-column elementor-element elementor-element-23db43fc container\" data-id=\"23db43fc\" data-element_type=\"column\">\n\t\t\t<div class=\"elementor-widget-wrap elementor-element-populated\">\n\t\t\t\t\t\t\t\t<div class=\"elementor-element elementor-element-34882fa9 elementor-widget elementor-widget-text-editor\" data-id=\"34882fa9\" data-element_type=\"widget\" data-widget_type=\"text-editor.default\">\n\t\t\t\t<div class=\"elementor-widget-container\">\n\t\t\t\t\t\t\t<h4><b>R\u00e9vis\u00e9 le 24\u00a0ao\u00fbt\u00a02017<\/b><\/h4><h3 class=\"p2\"><b>Association des transitaires internationaux canadiens (ATIC)\u00a0: Politique de confidentialit\u00e9<\/b><\/h3><p class=\"p3\">L\u2019ATIC a <i>pour mission de repr\u00e9senter et de soutenir les membres de l\u2019industrie canadienne du transport international pour qu\u2019ils offrent \u00e0 leurs clients des services professionnels de la plus haute qualit\u00e9.<\/i> Pour accomplir cette mission, l\u2019ATIC porte un souci particulier \u00e0 ses trois grands piliers\u00a0: le soci\u00e9tariat, la formation et la repr\u00e9sentation. Or, tous exigent la collecte et l\u2019utilisation de renseignements personnels.<\/p><p class=\"p4\">L\u2019ATIC respecte le droit de chacun \u00e0 la vie priv\u00e9e et prend toutes les mesures n\u00e9cessaires pour s\u2019assurer que les renseignements qu\u2019elle d\u00e9tient sont prot\u00e9g\u00e9s. La pr\u00e9sente Politique de confidentialit\u00e9 s\u2019applique \u00e0 tous les renseignements personnels fournis \u00e0 l\u2019ATIC et vise \u00e0 respecter ou \u00e0 d\u00e9passer les obligations juridiques de l\u2019ATIC, y compris <i>la Loi sur la protection des renseignements personnels et les documents \u00e9lectroniques<\/i>. Si vous avez des questions ou des inqui\u00e9tudes au sujet de la politique de confidentialit\u00e9 de l\u2019ATIC, veuillez envoyer un courriel \u00e0 l\u2019adresse privacy@ciffa.com.<\/p><h4 class=\"p4\"><span class=\"s1\"><b>Questions fr\u00e9quentes concernant la Politique de confidentialit\u00e9 de l\u2019ATIC<\/b><\/span><\/h4><p><strong><i>Q\u00a0: Qu\u2019entend-on par renseignement personnel?<\/i><\/strong><\/p><p class=\"p4\">Est qualifi\u00e9 de \u00ab\u00a0renseignement personnel\u00a0\u00bb toute information concernant une personne identifiable, \u00e0 l\u2019exception des renseignements pouvant se trouver sur une \u00ab\u00a0carte professionnelle\u00a0\u00bb comme le nom, le titre et l\u2019adresse au travail d\u2019un employ\u00e9 d\u2019une organisation. La l\u00e9gislation peut aussi exclure d\u2019autres renseignements.<\/p><p class=\"p4\"><strong><i>Q\u00a0: Comment l\u2019ATIC obtient-elle les renseignements personnels?<\/i><\/strong><span class=\"Apple-converted-space\">\u00a0<\/span><\/p><p class=\"p4\">Les renseignements personnels que nous conservons ont plusieurs sources\u00a0: membres potentiels, r\u00e9guliers, associ\u00e9s ou individuels, \u00e9tudiants, chercheurs d\u2019emploi; b\u00e9n\u00e9voles, etc. L\u2019information est collect\u00e9e par diff\u00e9rents moyens : verbalement (r\u00e9unions, rencontres, t\u00e9l\u00e9conf\u00e9rences ou autres), par voie \u00e9lectronique (notamment par l\u2019interm\u00e9diaire des programmes d\u2019apprentissage \u00e0 distance offerts par l\u2019ATIC, par notre site Web <a href=\"https:\/\/ciffa.jkmprojects.com\/\">www.ciffa.com<\/a> ou par le portail d\u2019emploi CareerConnects) et par \u00e9crit (par exemple gr\u00e2ce aux formulaires de demande d\u2019adh\u00e9sion ou d\u2019inscription aux formations ou aux \u00e9v\u00e9nements).<\/p><p class=\"p4\">Les renseignements personnels que nous recueillons sous quelque forme que ce soit (verbalement, par \u00e9crit ou par voie \u00e9lectronique) sont fournis volontairement et, avec le consentement explicite ou implicite d\u2019une personne, pr\u00e9cisant que ces renseignements peuvent \u00eatre utilis\u00e9s par l\u2019ATIC \u00e0 des fins qui respectent la mission de l\u2019ATIC, ainsi que la pr\u00e9sente Politique de confidentialit\u00e9. Le consentement expr\u00e8s est donn\u00e9 de fa\u00e7on explicite, soit verbalement ou par \u00e9crit. Le consentement implicite d\u00e9signe un consentement qui peut \u00eatre raisonnablement d\u00e9duit en raison d\u2019une action ou absence d\u2019action de la personne.<\/p><p class=\"p4\"><strong><i>Q\u00a0: Quelle utilisation l\u2019ATIC fait-elle des renseignements personnels?<span class=\"Apple-converted-space\">\u00a0<\/span><\/i><\/strong><\/p><p class=\"p4\">Les renseignements personnels sont utilis\u00e9s pour\u00a0:<\/p><ol class=\"ol1\"><li class=\"li6\"><span class=\"s2\">\u00e9valuer et traiter les demandes d\u2019adh\u00e9sion, inscrire les entreprises membres de l\u2019association et offrir aux entreprises et aux personnes membres des services et produits;<\/span><\/li><li class=\"li6\"><span class=\"s2\">inscrire les personnes aux cours et programmes de formation et g\u00e9rer tous les services de formation, incluant les inscriptions, les paiements, l\u2019organisation, les tests et \u00e9valuations, la correction et la diffusion des r\u00e9sultats, la remise de prix et marques de reconnaissance, ainsi que l\u2019envoi des re\u00e7us pour usage fiscal;<\/span><\/li><li class=\"li6\"><span class=\"s2\">fournir les produits et services demand\u00e9s et traiter les paiements;<\/span><\/li><li class=\"li6\"><span class=\"s2\">enregistrer les personnes \u00e0 la recherche d\u2019un emploi et administrer les services li\u00e9s aux offres d\u2019emploi;<\/span><\/li><li class=\"li6\"><span class=\"s2\">offrir des bourses, des prix et des r\u00e9compenses;<\/span><\/li><li class=\"li6\"><span class=\"s2\">faciliter la communication lorsqu\u2019il s\u2019agit, par exemple\u00a0:<\/span><\/li><\/ol><ol class=\"ol1\"><li style=\"list-style-type: none;\"><ul class=\"ul1\"><li class=\"li6\"><span class=\"s2\">d\u2019envoyer aux membres des renseignements sur les produits et services susceptibles de les int\u00e9resser;<\/span><\/li><li class=\"li6\"><span class=\"s2\">de pr\u00e9senter les initiatives qui appuient le travail de l\u2019ATIC en mati\u00e8re de formation, de soci\u00e9tariat et de repr\u00e9sentation;<\/span><\/li><li class=\"li6\"><span class=\"s2\">d\u2019obtenir les renseignements n\u00e9cessaires aux fins de planification;<\/span><\/li><li class=\"li6\"><span class=\"s2\">de compiler des renseignements et d\u2019envoyer des magazines, des bulletins d\u2019information, des bulletins \u00e9lectroniques et d\u2019autres types de communication;<\/span><\/li><li class=\"li6\"><span class=\"s2\">d\u2019obtenir des donn\u00e9es ou des commentaires et de faire des analyses ou de la recherche dans le cadre d\u2019initiatives li\u00e9es \u00e0 l\u2019industrie;<\/span><\/li><li class=\"li7\"><span class=\"s2\">de permettre aux membres d\u2019acc\u00e9der \u00e0 la zone r\u00e9serv\u00e9e du site Web.<\/span><\/li><\/ul><\/li><\/ol><h4 class=\"p2\"><i>Sur quels principes la Politique de confidentialit\u00e9 de l\u2019ATIC repose-t-elle?<\/i><\/h4><p class=\"p8\"><b>Responsabilit\u00e9<\/b>\u00a0: L\u2019ATIC reconna\u00eet \u00eatre responsable de tous les renseignements personnels qu\u2019elle recueille. Cette Politique de confidentialit\u00e9 se veut fid\u00e8le au contenu et \u00e0 l\u2019esprit de la <i>Loi sur l\u2019acc\u00e8s \u00e0 l\u2019information<\/i> et de la <i>Loi sur la<\/i> <i>protection des<\/i> renseignements personnels. Nous avons nomm\u00e9 un agent de protection de la vie priv\u00e9e devant assurer la conformit\u00e9 \u00e0 cette Politique. Vous pouvez communiquer avec lui en toute confidentialit\u00e9 par courriel \u00e0 l\u2019adresse privacy@ciffa.com.<\/p><p class=\"p8\"><b>Acc\u00e8s\u00a0:<\/b> L\u2019ATIC indique la fa\u00e7on dont elle traite les renseignements personnels de ses membres. En envoyant une demande par courriel \u00e0 notre agent de protection de la vie priv\u00e9e \u00e0 l\u2019adresse privacy@ciffa.com, vous pourrez avoir acc\u00e8s aux renseignements personnels que nous avons \u00e0 votre sujet et vous pourrez au besoin y apporter des correctifs.<\/p><p class=\"p8\"><b>Consentement\u00a0:<\/b> S\u2019il y a lieu, l\u2019ATIC et toute tierce partie, organisation en sous-traitance ou personne agissant en son nom s\u2019assure que la personne consent de mani\u00e8re \u00e9clair\u00e9e \u00e0 la collecte, l\u2019utilisation et la divulgation de ses renseignements personnels. L\u2019ATIC consid\u00e8re que la personne qui fournit des renseignements personnels volontairement donne son consentement pour qu\u2019ils soient utilis\u00e9s de la mani\u00e8re et aux fins d\u00e9crites par la pr\u00e9sente Politique. Au besoin, nous exposerons avant ou au moment de la collecte toute autre raison pour laquelle les renseignements personnels sont recueillis.<\/p><p class=\"p9\"><b>Restrictions en mati\u00e8re de collecte, d\u2019utilisation, de divulgation et de conservation des renseignements<\/b>\u00a0: L\u2019ATIC veille \u00e0 limiter sa collecte de renseignements personnels \u00e0 ceux qui sont n\u00e9cessaires pour les raisons expos\u00e9es pr\u00e9c\u00e9demment. Les renseignements personnels ne seront pas utilis\u00e9s ni divulgu\u00e9s pour des raisons autres que celles pour lesquelles ils ont \u00e9t\u00e9 recueillis, sauf si la personne concern\u00e9e y consent ou lorsque la loi l\u2019exige. Les renseignements personnels ne seront conserv\u00e9s que le temps n\u00e9cessaire pour satisfaire \u00e0 ces raisons.<\/p><p class=\"p9\"><b>Exactitude<\/b>\u00a0: L\u2019ATIC s\u2019efforce de veiller \u00e0 ce que les renseignements personnels qui lui sont confi\u00e9s soient suffisamment exacts, complets et \u00e0 jour pour r\u00e9pondre aux objectifs de leur utilisation. Il est toujours possible pour une personne d\u2019exiger l\u2019acc\u00e8s \u00e0 ses renseignements personnels afin de les corriger, d\u2019en contester l\u2019exactitude ou l\u2019exhaustivit\u00e9 et de les modifier au besoin.<\/p><p class=\"p9\"><b>Mesures de protection\u00a0<\/b>: L\u2019ATIC prend les mesures n\u00e9cessaires pour assurer la s\u00e9curit\u00e9 des renseignements personnels et met en place les m\u00e9canismes de s\u00e9curit\u00e9 appropri\u00e9s pour prot\u00e9ger la confidentialit\u00e9 de l\u2019information.<\/p><p class=\"p4\"><b>Transparence\u00a0<\/b>: La politique de confidentialit\u00e9 de l\u2019ATIC est un document public qui peut \u00eatre consult\u00e9 sur le site Web <a href=\"https:\/\/ciffa.jkmprojects.com\/\"><span class=\"s4\">www.ciffa.com<\/span><\/a> ou en pr\u00e9sentant une demande par courriel au Secr\u00e9tariat en \u00e9crivant \u00e0 privacy@ciffa.com.<\/p><p class=\"p4\">Si vous pensez que l\u2019ATIC a failli \u00e0 ses obligations en vertu de cette Politique, nous vous invitons \u00e0 communiquer avec notre agent de protection de la vie priv\u00e9e. L\u2019ATIC s\u2019engage \u00e0 \u00e9tudier en d\u00e9tail toute plainte relative \u00e0 la gestion des renseignements personnels.<\/p><p class=\"p4\"><i>Bien que l\u2019ATIC veille \u00e0 prot\u00e9ger la vie priv\u00e9e de toutes les personnes avec qui elle interagit, ni elle, ni ses administrateurs, dirigeants ou employ\u00e9s ne peuvent \u00eatre tenus responsables, sur le plan contractuel ou d\u00e9lictuel, de toute violation all\u00e9gu\u00e9e du droit \u00e0 la vie priv\u00e9e, et ce, quelle qu\u2019en soit la cause, incluant la n\u00e9gligence de ceux qui rel\u00e8vent de l\u2019ATIC en vertu de la loi.<\/i><\/p>\t\t\t\t\t\t<\/div>\n\t\t\t\t<\/div>\n\t\t\t\t\t<\/div>\n\t\t<\/div>\n\t\t\t\t\t\t\t<\/div>\n\t\t<\/section>\n\t\t\t\t\t\t\t<\/div>\n\t\t","protected":false},"excerpt":{"rendered":"<p>Politique de confidentialit\u00e9 R\u00e9vis\u00e9 le 24\u00a0ao\u00fbt\u00a02017 Association des transitaires internationaux canadiens (ATIC)\u00a0: Politique de confidentialit\u00e9 L\u2019ATIC a pour mission de repr\u00e9senter et de soutenir les membres de l\u2019industrie canadienne du transport international pour qu\u2019ils offrent \u00e0 leurs clients des services professionnels de la plus haute qualit\u00e9. Pour accomplir cette mission, l\u2019ATIC porte un souci particulier [&hellip;]<\/p>\n","protected":false},"author":1,"featured_media":0,"parent":0,"menu_order":0,"comment_status":"closed","ping_status":"open","template":"","meta":{"footnotes":""},"acf":[],"yoast_head":"<!-- This site is optimized with the Yoast SEO plugin v21.5 - https:\/\/yoast.com\/wordpress\/plugins\/seo\/ -->\n<title>Politique de confidentialit\u00e9 - ATIC<\/title>\n<meta name=\"robots\" content=\"index, follow, max-snippet:-1, max-image-preview:large, max-video-preview:-1\" \/>\n<link rel=\"canonical\" href=\"https:\/\/ciffa.jkmprojects.com\/fr\/politique-de-confidentialite\/\" \/>\n<meta property=\"og:locale\" content=\"fr_FR\" \/>\n<meta property=\"og:type\" content=\"article\" \/>\n<meta property=\"og:title\" content=\"Politique de confidentialit\u00e9 - ATIC\" \/>\n<meta property=\"og:description\" content=\"Politique de confidentialit\u00e9 R\u00e9vis\u00e9 le 24\u00a0ao\u00fbt\u00a02017 Association des transitaires internationaux canadiens (ATIC)\u00a0: Politique de confidentialit\u00e9 L\u2019ATIC a pour mission de repr\u00e9senter et de soutenir les membres de l\u2019industrie canadienne du transport international pour qu\u2019ils offrent \u00e0 leurs clients des services professionnels de la plus haute qualit\u00e9. Pour accomplir cette mission, l\u2019ATIC porte un souci particulier [&hellip;]\" \/>\n<meta property=\"og:url\" content=\"https:\/\/ciffa.jkmprojects.com\/fr\/politique-de-confidentialite\/\" \/>\n<meta property=\"og:site_name\" content=\"ATIC\" \/>\n<meta property=\"article:modified_time\" content=\"2022-04-05T20:12:03+00:00\" \/>\n<meta property=\"og:image\" content=\"https:\/\/ciffa.jkmprojects.com\/wp-content\/plugins\/elementor\/assets\/images\/placeholder.png\" \/>\n<meta name=\"twitter:card\" content=\"summary_large_image\" \/>\n<meta name=\"twitter:label1\" content=\"Dur\u00e9e de lecture estim\u00e9e\" \/>\n\t<meta name=\"twitter:data1\" content=\"7 minutes\" \/>\n<script type=\"application\/ld+json\" class=\"yoast-schema-graph\">{\"@context\":\"https:\/\/schema.org\",\"@graph\":[{\"@type\":\"WebPage\",\"@id\":\"https:\/\/ciffa.jkmprojects.com\/fr\/politique-de-confidentialite\/\",\"url\":\"https:\/\/ciffa.jkmprojects.com\/fr\/politique-de-confidentialite\/\",\"name\":\"Politique de confidentialit\u00e9 - ATIC\",\"isPartOf\":{\"@id\":\"https:\/\/ciffa.jkmprojects.com\/fr\/#website\"},\"datePublished\":\"2022-03-15T15:41:16+00:00\",\"dateModified\":\"2022-04-05T20:12:03+00:00\",\"breadcrumb\":{\"@id\":\"https:\/\/ciffa.jkmprojects.com\/fr\/politique-de-confidentialite\/#breadcrumb\"},\"inLanguage\":\"fr-FR\",\"potentialAction\":[{\"@type\":\"ReadAction\",\"target\":[\"https:\/\/ciffa.jkmprojects.com\/fr\/politique-de-confidentialite\/\"]}]},{\"@type\":\"BreadcrumbList\",\"@id\":\"https:\/\/ciffa.jkmprojects.com\/fr\/politique-de-confidentialite\/#breadcrumb\",\"itemListElement\":[{\"@type\":\"ListItem\",\"position\":1,\"name\":\"Home\",\"item\":\"https:\/\/ciffa.jkmprojects.com\/fr\/\"},{\"@type\":\"ListItem\",\"position\":2,\"name\":\"Politique de confidentialit\u00e9\"}]},{\"@type\":\"WebSite\",\"@id\":\"https:\/\/ciffa.jkmprojects.com\/fr\/#website\",\"url\":\"https:\/\/ciffa.jkmprojects.com\/fr\/\",\"name\":\"ATIC\",\"description\":\"\",\"potentialAction\":[{\"@type\":\"SearchAction\",\"target\":{\"@type\":\"EntryPoint\",\"urlTemplate\":\"https:\/\/ciffa.jkmprojects.com\/fr\/?s={search_term_string}\"},\"query-input\":\"required name=search_term_string\"}],\"inLanguage\":\"fr-FR\"}]}<\/script>\n<!-- \/ Yoast SEO plugin. -->","yoast_head_json":{"title":"Politique de confidentialit\u00e9 - ATIC","robots":{"index":"index","follow":"follow","max-snippet":"max-snippet:-1","max-image-preview":"max-image-preview:large","max-video-preview":"max-video-preview:-1"},"canonical":"https:\/\/ciffa.jkmprojects.com\/fr\/politique-de-confidentialite\/","og_locale":"fr_FR","og_type":"article","og_title":"Politique de confidentialit\u00e9 - ATIC","og_description":"Politique de confidentialit\u00e9 R\u00e9vis\u00e9 le 24\u00a0ao\u00fbt\u00a02017 Association des transitaires internationaux canadiens (ATIC)\u00a0: Politique de confidentialit\u00e9 L\u2019ATIC a pour mission de repr\u00e9senter et de soutenir les membres de l\u2019industrie canadienne du transport international pour qu\u2019ils offrent \u00e0 leurs clients des services professionnels de la plus haute qualit\u00e9. Pour accomplir cette mission, l\u2019ATIC porte un souci particulier [&hellip;]","og_url":"https:\/\/ciffa.jkmprojects.com\/fr\/politique-de-confidentialite\/","og_site_name":"ATIC","article_modified_time":"2022-04-05T20:12:03+00:00","og_image":[{"url":"https:\/\/ciffa.jkmprojects.com\/wp-content\/plugins\/elementor\/assets\/images\/placeholder.png"}],"twitter_card":"summary_large_image","twitter_misc":{"Dur\u00e9e de lecture estim\u00e9e":"7 minutes"},"schema":{"@context":"https:\/\/schema.org","@graph":[{"@type":"WebPage","@id":"https:\/\/ciffa.jkmprojects.com\/fr\/politique-de-confidentialite\/","url":"https:\/\/ciffa.jkmprojects.com\/fr\/politique-de-confidentialite\/","name":"Politique de confidentialit\u00e9 - ATIC","isPartOf":{"@id":"https:\/\/ciffa.jkmprojects.com\/fr\/#website"},"datePublished":"2022-03-15T15:41:16+00:00","dateModified":"2022-04-05T20:12:03+00:00","breadcrumb":{"@id":"https:\/\/ciffa.jkmprojects.com\/fr\/politique-de-confidentialite\/#breadcrumb"},"inLanguage":"fr-FR","potentialAction":[{"@type":"ReadAction","target":["https:\/\/ciffa.jkmprojects.com\/fr\/politique-de-confidentialite\/"]}]},{"@type":"BreadcrumbList","@id":"https:\/\/ciffa.jkmprojects.com\/fr\/politique-de-confidentialite\/#breadcrumb","itemListElement":[{"@type":"ListItem","position":1,"name":"Home","item":"https:\/\/ciffa.jkmprojects.com\/fr\/"},{"@type":"ListItem","position":2,"name":"Politique de confidentialit\u00e9"}]},{"@type":"WebSite","@id":"https:\/\/ciffa.jkmprojects.com\/fr\/#website","url":"https:\/\/ciffa.jkmprojects.com\/fr\/","name":"ATIC","description":"","potentialAction":[{"@type":"SearchAction","target":{"@type":"EntryPoint","urlTemplate":"https:\/\/ciffa.jkmprojects.com\/fr\/?s={search_term_string}"},"query-input":"required name=search_term_string"}],"inLanguage":"fr-FR"}]}},"_links":{"self":[{"href":"https:\/\/ciffa.jkmprojects.com\/fr\/wp-json\/wp\/v2\/pages\/6166"}],"collection":[{"href":"https:\/\/ciffa.jkmprojects.com\/fr\/wp-json\/wp\/v2\/pages"}],"about":[{"href":"https:\/\/ciffa.jkmprojects.com\/fr\/wp-json\/wp\/v2\/types\/page"}],"author":[{"embeddable":true,"href":"https:\/\/ciffa.jkmprojects.com\/fr\/wp-json\/wp\/v2\/users\/1"}],"replies":[{"embeddable":true,"href":"https:\/\/ciffa.jkmprojects.com\/fr\/wp-json\/wp\/v2\/comments?post=6166"}],"version-history":[{"count":19,"href":"https:\/\/ciffa.jkmprojects.com\/fr\/wp-json\/wp\/v2\/pages\/6166\/revisions"}],"predecessor-version":[{"id":6873,"href":"https:\/\/ciffa.jkmprojects.com\/fr\/wp-json\/wp\/v2\/pages\/6166\/revisions\/6873"}],"wp:attachment":[{"href":"https:\/\/ciffa.jkmprojects.com\/fr\/wp-json\/wp\/v2\/media?parent=6166"}],"curies":[{"name":"wp","href":"https:\/\/api.w.org\/{rel}","templated":true}]}}