{"id":6186,"date":"2022-03-15T12:05:37","date_gmt":"2022-03-15T16:05:37","guid":{"rendered":"http:\/\/ciffa.test\/nous-joindre\/"},"modified":"2022-04-05T15:41:46","modified_gmt":"2022-04-05T19:41:46","slug":"nous-joindre","status":"publish","type":"page","link":"https:\/\/ciffa.jkmprojects.com\/fr\/nous-joindre\/","title":{"rendered":"Nous joindre"},"content":{"rendered":"\t\t<div data-elementor-type=\"wp-page\" data-elementor-id=\"6186\" class=\"elementor elementor-6186 elementor-223\" data-elementor-post-type=\"page\">\n\t\t\t\t\t\t\t\t\t<section class=\"elementor-section elementor-top-section elementor-element elementor-element-03b6407 elementor-section-boxed elementor-section-height-default elementor-section-height-default\" data-id=\"03b6407\" data-element_type=\"section\">\n\t\t\t\t\t\t<div class=\"elementor-container elementor-column-gap-default\">\n\t\t\t\t\t<div class=\"elementor-column elementor-col-100 elementor-top-column elementor-element elementor-element-5e3405c\" data-id=\"5e3405c\" data-element_type=\"column\">\n\t\t\t<div class=\"elementor-widget-wrap elementor-element-populated\">\n\t\t\t\t\t\t\t\t<div class=\"elementor-element elementor-element-f1bcad5 elementor-widget elementor-widget-jk-pageheader\" data-id=\"f1bcad5\" data-element_type=\"widget\" data-widget_type=\"jk-pageheader.default\">\n\t\t\t\t<div class=\"elementor-widget-container\">\n\t\t\t<header class=\"medium\"><div class=\"jkea_header\"><div class=\"jkea_header__contentwrap\"><div class=\"jkea_header__content\"><div class=\"title\"><h1>Nous joindre<\/h1><\/div><div class=\"text\"><\/div><\/div><\/div><div class=\"jkea_header__graphic\"><div class=\"featuredimage full\"><img decoding=\"async\" src=\"https:\/\/ciffa.jkmprojects.com\/wp-content\/uploads\/2021\/01\/contact.jpg\" alt=\"contact us\"><\/div><div class=\"jkea_header__threebars\"><div class=\"bars\"><div class=\"bar1\"><\/div><div class=\"bar2\"><\/div><div class=\"bar3\"><\/div><\/div><\/div><div class=\"jkea_header__transparentcorner\"><div class=\"transparency\"><\/div><\/div><\/div><\/div><\/header>\t\t<\/div>\n\t\t\t\t<\/div>\n\t\t\t\t\t<\/div>\n\t\t<\/div>\n\t\t\t\t\t\t\t<\/div>\n\t\t<\/section>\n\t\t\t\t<section class=\"elementor-section elementor-top-section elementor-element elementor-element-1ff16c4 elementor-section-boxed elementor-section-height-default elementor-section-height-default\" data-id=\"1ff16c4\" data-element_type=\"section\">\n\t\t\t\t\t\t<div class=\"elementor-container elementor-column-gap-default\">\n\t\t\t\t\t<div class=\"elementor-column elementor-col-100 elementor-top-column elementor-element elementor-element-0a7f7c6\" data-id=\"0a7f7c6\" data-element_type=\"column\">\n\t\t\t<div class=\"elementor-widget-wrap elementor-element-populated\">\n\t\t\t\t\t\t\t\t<div class=\"elementor-element elementor-element-8386fd2 elementor-widget elementor-widget-shortcode\" data-id=\"8386fd2\" data-element_type=\"widget\" data-widget_type=\"shortcode.default\">\n\t\t\t\t<div class=\"elementor-widget-container\">\n\t\t\t\t\t<div class=\"elementor-shortcode\">    <section id=\"contact\">\n        <div class=\"container\">\n            \n            \n            <div class=\"contactform\">\n                <h2>Communiquez avec nous<\/h2>\n                <p>Nous sommes heureux de r\u00e9pondre \u00e0 toutes vos questions et de recevoir vos commentaires.<\/p>\n                \n                <div class=\"contactselection\">\n                    <select id=\"reasonselect\" class=\"\" name=\"reasonselect\">\n                        <option value=\"\">S\u00e9lectionnez une r\u00e9ponse<\/option>\n                        <option value=\"General Contact & Questions\">Adresse et questions g\u00e9n\u00e9rales<\/option>\n                        <option value=\"Marketing Inquiries\">Questions sur le marketing<\/option>\n                        <option value=\"Membership Inquiries\">Questions sur les adh\u00e9sions<\/option>\n                        <option value=\"Education Inquiries\">Questions sur la formation<\/option>\n                        <option value=\"Accounting Inquiries\">Questions comptables<\/option>\n                        <option value=\"Secretariat Contact\">Personne-ressource au Secr\u00e9tariat <\/option>\n                    <\/select>\n                <\/div>\n                <div class=\"secretariattab\">\n                    \n                                            \n                                                    <div class=\"contact\">\n                                <div class=\"name\">Bruce Rodgers<\/div>\n                                <div class=\"title\">Directeur g\u00e9n\u00e9ral<\/div>\n                                <div class=\"subhead\">Personne-ressource pour\u00a0: <\/div>\n                                <div class=\"contactfor\">\n                                    Plaintes au sujet de l\u2019adh\u00e9sion<br \/>Conseil d\u2019administration national<br \/>Vision et planification strat\u00e9giques<br \/>Achats<br \/>Personnel                                <\/div>\n                                <div class=\"contactbutton\"><a href=\"\" data-cid=\"6194\">Contacter<\/a><\/div>\n                            <\/div>\n                        \n                                                    <div class=\"contact\">\n                                <div class=\"name\">Mike Drake<\/div>\n                                <div class=\"title\">Directeur de compte\u00a0\u2013\u00a0Partenaires de formation<\/div>\n                                <div class=\"subhead\">Personne-ressource pour\u00a0: <\/div>\n                                <div class=\"contactfor\">\n                                    Partenariats avec les coll\u00e8ges<br \/>Nouveaux partenariats d\u2019affaires<br \/>Programme de gestion Schulich                                <\/div>\n                                <div class=\"contactbutton\"><a href=\"\" data-cid=\"6197\">Contacter<\/a><\/div>\n                            <\/div>\n                        \n                                                    <div class=\"contact\">\n                                <div class=\"name\">Nick Lutz<\/div>\n                                <div class=\"title\">Sp\u00e9cialiste du marketing<\/div>\n                                <div class=\"subhead\">Personne-ressource pour\u00a0: <\/div>\n                                <div class=\"contactfor\">\n                                    Marketing et publicit\u00e9<br \/>Commandites<br \/>\u00c9v\u00e9nements de l\u2019ATIC<br \/>Webinaires entre membres                                <\/div>\n                                <div class=\"contactbutton\"><a href=\"\" data-cid=\"6198\">Contacter<\/a><\/div>\n                            <\/div>\n                        \n                                                    <div class=\"contact\">\n                                <div class=\"name\">Sanket Sheth<\/div>\n                                <div class=\"title\">Coordonnateur de la formation<\/div>\n                                <div class=\"subhead\">Personne-ressource pour\u00a0: <\/div>\n                                <div class=\"contactfor\">\n                                    Cours de gestion et de transport international<br \/>Dipl\u00f4me de FIATA et titre de PFF<br \/>Aide aux \u00e9tudiants <br \/>Commandes de manuels                                <\/div>\n                                <div class=\"contactbutton\"><a href=\"\" data-cid=\"6200\">Contacter<\/a><\/div>\n                            <\/div>\n                        \n                                                    <div class=\"contact\">\n                                <div class=\"name\">Mahesh Khedu<\/div>\n                                <div class=\"title\">Comptable principal<\/div>\n                                <div class=\"subhead\">Personne-ressource pour\u00a0: <\/div>\n                                <div class=\"contactfor\">\n                                    Comptabilit\u00e9 \/ facturation                                <\/div>\n                                <div class=\"contactbutton\"><a href=\"\" data-cid=\"6201\">Contacter<\/a><\/div>\n                            <\/div>\n                        \n                                                    <div class=\"contact\">\n                                <div class=\"name\">Marsha Robinson<\/div>\n                                <div class=\"title\">Coordonnatrice de l\u2019adh\u00e9sion et du marketing<\/div>\n                                <div class=\"subhead\">Personne-ressource pour\u00a0: <\/div>\n                                <div class=\"contactfor\">\n                                    Demandes d\u2019adh\u00e9sion \u00e0 l\u2019ATIC<br \/>Programme de fid\u00e9lit\u00e9<br \/>Achat de documents et de formulaires de l\u2019ATIC et de la FIATA<br \/>Aide aux membres<br \/>Aide pour le portail libre-service des membres                                <\/div>\n                                <div class=\"contactbutton\"><a href=\"\" data-cid=\"6203\">Contacter<\/a><\/div>\n                            <\/div>\n                        \n                                                    <div class=\"contact\">\n                                <div class=\"name\">Stephen McDermott<\/div>\n                                <div class=\"title\">Administrateur\u00a0: Formation et marketing<\/div>\n                                <div class=\"subhead\">Personne-ressource pour\u00a0: <\/div>\n                                <div class=\"contactfor\">\n                                    Partenariats pour la formation<br \/>Formations en entreprise<br \/>Demandes de formations personnalis\u00e9es                                <\/div>\n                                <div class=\"contactbutton\"><a href=\"\" data-cid=\"6195\">Contacter<\/a><\/div>\n                            <\/div>\n                        \n                                                    <div class=\"contact\">\n                                <div class=\"name\">Julia Kuzeljevich<\/div>\n                                <div class=\"title\">Directrice des affaires publiques<\/div>\n                                <div class=\"subhead\">Personne-ressource pour\u00a0: <\/div>\n                                <div class=\"contactfor\">\n                                    Affaires publiques<br \/>Repr\u00e9sentation<br \/>Comit\u00e9s nationaux<br \/>Communications (bulletins \u00e9lectroniques<br \/>communiqu\u00e9s de presse<br \/>etc.)                                <\/div>\n                                <div class=\"contactbutton\"><a href=\"\" data-cid=\"6196\">Contacter<\/a><\/div>\n                            <\/div>\n                        \n                                                    <div class=\"contact\">\n                                <div class=\"name\">Petra Javornikova<\/div>\n                                <div class=\"title\">Conceptrice principale de formation<\/div>\n                                <div class=\"subhead\">Personne-ressource pour\u00a0: <\/div>\n                                <div class=\"contactfor\">\n                                    D\u00e9veloppement des cours en ligne<br \/>Conception des cours\r\n<br \/>Question sur le prix des Jeunes transitaires internationaux canadiens (JTC)                                <\/div>\n                                <div class=\"contactbutton\"><a href=\"\" data-cid=\"6199\">Contacter<\/a><\/div>\n                            <\/div>\n                        \n                                                    <div class=\"contact\">\n                                <div class=\"name\">Charlotte Clarke<\/div>\n                                <div class=\"title\">Coordonnatrice, formation et \u00e9v\u00e9nements<\/div>\n                                <div class=\"subhead\">Personne-ressource pour\u00a0: <\/div>\n                                <div class=\"contactfor\">\n                                    Cours sur les marchandises dangereuses<br \/>Ateliers virtuels<br \/>Programmes de formation sur la s\u00e9curit\u00e9 du fret a\u00e9rien<br \/>Aide aux \u00e9tudiants<br \/>Inscription aux \u00e9v\u00e9nements de l\u2019ATIC                                <\/div>\n                                <div class=\"contactbutton\"><a href=\"\" data-cid=\"6202\">Contacter<\/a><\/div>\n                            <\/div>\n                        \n                                                                    \n                                        \n                                            <!-- <div class=\"contact\">\n                            <div class=\"name\"><\/div>\n                            <div class=\"title\"><\/div>\n                            <div class=\"subhead\">Personne-ressource pour\u00a0: <\/div>\n                            <div class=\"contactfor\">\n                                                            <\/div>\n                            <div class=\"contactbutton\"><a href=\"\" data-cid=\"\">Contacter<\/a><\/div>\n                        <\/div> -->\n                                        \n                    \n                    \n                <\/div>\n                <div class=\"contactformtab\">\n                    \n<div class=\"wpcf7 no-js\" id=\"wpcf7-f6185-o1\" lang=\"fr-FR\" dir=\"ltr\">\n<div class=\"screen-reader-response\"><p role=\"status\" aria-live=\"polite\" aria-atomic=\"true\"><\/p> <ul><\/ul><\/div>\n<form action=\"\/fr\/wp-json\/wp\/v2\/pages\/6186#wpcf7-f6185-o1\" method=\"post\" class=\"wpcf7-form init\" aria-label=\"Formulaire de contact\" novalidate=\"novalidate\" data-status=\"init\">\n<div style=\"display: none;\">\n<input type=\"hidden\" name=\"_wpcf7\" value=\"6185\" \/>\n<input type=\"hidden\" name=\"_wpcf7_version\" value=\"5.8.2\" \/>\n<input type=\"hidden\" name=\"_wpcf7_locale\" value=\"fr_FR\" \/>\n<input type=\"hidden\" name=\"_wpcf7_unit_tag\" value=\"wpcf7-f6185-o1\" \/>\n<input type=\"hidden\" name=\"_wpcf7_container_post\" value=\"0\" \/>\n<input type=\"hidden\" name=\"_wpcf7_posted_data_hash\" value=\"\" \/>\n<input type=\"hidden\" name=\"_wpcf7_recaptcha_response\" value=\"\" \/>\n<\/div>\n<input class=\"wpcf7-form-control wpcf7-hidden\" id=\"reason\" value=\"\" type=\"hidden\" name=\"reason\" \/>\n<input class=\"wpcf7-form-control wpcf7-hidden\" id=\"contactid\" value=\"0\" type=\"hidden\" name=\"contactid\" \/>\n<div class=\"formfields two\">\n\t<div class=\"form-group\">\n\t\t<p><label> Pr\u00e9nom (obligatoire)<br \/>\n<span class=\"wpcf7-form-control-wrap\" data-name=\"firstname\"><input size=\"40\" class=\"wpcf7-form-control wpcf7-text wpcf7-validates-as-required\" aria-required=\"true\" aria-invalid=\"false\" value=\"\" type=\"text\" name=\"firstname\" \/><\/span> <\/label>\n\t\t<\/p>\n\t<\/div>\n\t<div class=\"form-group\">\n\t\t<p><label> Nom de famille (obligatoire)<br \/>\n<span class=\"wpcf7-form-control-wrap\" data-name=\"lastname\"><input size=\"40\" class=\"wpcf7-form-control wpcf7-text wpcf7-validates-as-required\" aria-required=\"true\" aria-invalid=\"false\" value=\"\" type=\"text\" name=\"lastname\" \/><\/span> <\/label>\n\t\t<\/p>\n\t<\/div>\n<\/div>\n<div class=\"formfields one\">\n\t<div class=\"form-group\">\n\t\t<p><label> Adresse courriel (obligatoire)<br \/>\n<span class=\"wpcf7-form-control-wrap\" data-name=\"email\"><input size=\"40\" class=\"wpcf7-form-control wpcf7-email wpcf7-validates-as-required wpcf7-text wpcf7-validates-as-email\" aria-required=\"true\" aria-invalid=\"false\" value=\"\" type=\"email\" name=\"email\" \/><\/span> <\/label>\n\t\t<\/p>\n\t<\/div>\n<\/div>\n<div class=\"formfields one\">\n\t<div class=\"form-group\">\n\t\t<p><label> Message<br \/>\n<span class=\"wpcf7-form-control-wrap\" data-name=\"message\"><textarea cols=\"40\" rows=\"10\" class=\"wpcf7-form-control wpcf7-textarea\" aria-invalid=\"false\" name=\"message\"><\/textarea><\/span> <\/label>\n\t\t<\/p>\n\t<\/div>\n<\/div>\n<div class=\"formfields one\">\n\t<div class=\"form-group casl\">\n\t\t<p><span class=\"wpcf7-form-control-wrap\" data-name=\"casl\"><span class=\"wpcf7-form-control wpcf7-acceptance optional\"><span class=\"wpcf7-list-item\"><label><input type=\"checkbox\" name=\"casl\" value=\"1\" class=\"styled-checkbox\" aria-invalid=\"false\" \/><span class=\"wpcf7-list-item-label\"><span><sup>\u2020<\/sup> Oui, j\u2019accepte de relever les derni\u00e8res nouvelles, des annonces, des offres et des promotions de l\u2019Association des transitaires internationaux canadiens (ATIC). Vous pouvez par la suite retirer votre consentement. <\/span><\/span><\/label><\/span><\/span><\/span>\n\t\t<\/p>\n\t<\/div>\n<\/div>\n<div class=\"formfields one\">\n\t<div class=\"form-group\">\n\t\t<p><button class=\"wpcf7-form-control wpcf7-submit btn\">ENVOYER<\/button>\n\t\t<\/p>\n\t<\/div>\n<\/div>\n<div class=\"formfields\">\n\t<div class=\"legal\">\n\t\t<p>\u2020 L\u2019ATIC a besoin de votre consentement. Si vous avez la moindre question, n\u2019h\u00e9sitez pas \u00e0 nous \u00e9crire \u00e0 l\u2019adresse\u00a0170,\u00a0rue Attwell, bureau 480, Toronto (Ontario) M9W\u00a05Z5, ou \u00e0 nous appeler au 1\u00a0866\u00a0282-4332 | <a href=\"\/fr\/politique-de-confidentialite\/\" target=\"_blank\"> Politique de confidentialit\u00e9 <\/a><br \/>\nCe site est prot\u00e9g\u00e9 par reCAPTCHA et la <a href=\"https:\/\/policies.google.com\/privacy\" target=\"_blank\"> politique de confidentialit\u00e9 <\/a> ainsi que <a href=\"https:\/\/policies.google.com\/terms\" target=\"_blank\"> les conditions de service <\/a> de Google s\u2019appliquent.\n\t\t<\/p>\n\t<\/div>\n<\/div><div class=\"wpcf7-response-output\" aria-hidden=\"true\"><\/div>\n<\/form>\n<\/div>\n                <\/div>\n            <\/div>\n            \n            <div class=\"locations\">\n                <h3>Emplacement de notre bureau<\/h3>\n                <div class=\"locationwrapper\">\n\n                                      <div class=\"location\">\n                        <div class=\"title\">\n                            Association des transitaires internationaux canadiens (ATIC)                        <\/div>\n                        <div class=\"address\">\n                           T\u00e9l\u00e9phone : 416 234-5100<br \/> \n                           Sans frais au Canada :  866 282-4332<br \/> \n                            170, Attwell Drive, bureau 480<br \/>\n                            Toronto, (Ontario) <br \/>\n                            Canada<br \/>\n                            M9W 5Z5                            <h4>Heures d\u2019ouverture normales<\/h4>\n                            Du lundi au vendredi, de 8\u00a0h\u00a030 \u00e0 17\u00a0h.                        <\/div>\n                    <\/div>\n                    \n                                    <\/div>\n                <div class=\"social\">\n                    <h3>Suivez-nous sur les m\u00e9dias sociaux<\/h3>\n                    <!-- <a href=\"#\" target=\"_blank\"><span class=\"fa fa-facebook\"><\/span><\/a> -->\n                    <a href=\"https:\/\/twitter.com\/CIFFAInc\" target=\"_blank\"><span class=\"fa fa-twitter\"><\/span><\/a>\n                    <a href=\"https:\/\/www.linkedin.com\/company\/ciffa\/\" target=\"_blank\"><span class=\"fa fa-linkedin\"><\/span><\/a>\n                <\/div>\n            <\/div>\n            \n        <\/div>\n    \n    <\/section>\n    \n    <\/div>\n\t\t\t\t<\/div>\n\t\t\t\t<\/div>\n\t\t\t\t\t<\/div>\n\t\t<\/div>\n\t\t\t\t\t\t\t<\/div>\n\t\t<\/section>\n\t\t\t\t\t\t\t<\/div>\n\t\t","protected":false},"excerpt":{"rendered":"<p>Nous joindre<\/p>\n","protected":false},"author":1,"featured_media":0,"parent":0,"menu_order":0,"comment_status":"closed","ping_status":"closed","template":"","meta":{"footnotes":""},"acf":[],"yoast_head":"<!-- This site is optimized with the Yoast SEO plugin v21.5 - https:\/\/yoast.com\/wordpress\/plugins\/seo\/ -->\n<title>ATIC | Nous joindre<\/title>\n<meta name=\"description\" content=\"Vous avez des questions ou des commentaires? Restez en contact et communiquez avec nous.\" \/>\n<meta name=\"robots\" content=\"index, follow, max-snippet:-1, max-image-preview:large, max-video-preview:-1\" \/>\n<link rel=\"canonical\" href=\"https:\/\/ciffa.jkmprojects.com\/fr\/nous-joindre\/\" \/>\n<meta property=\"og:locale\" content=\"fr_FR\" \/>\n<meta property=\"og:type\" content=\"article\" \/>\n<meta property=\"og:title\" content=\"ATIC | Nous joindre\" \/>\n<meta property=\"og:description\" content=\"Vous avez des questions ou des commentaires? Restez en contact et communiquez avec nous.\" \/>\n<meta property=\"og:url\" content=\"https:\/\/ciffa.jkmprojects.com\/fr\/nous-joindre\/\" \/>\n<meta property=\"og:site_name\" content=\"ATIC\" \/>\n<meta property=\"article:modified_time\" content=\"2022-04-05T19:41:46+00:00\" \/>\n<meta property=\"og:image\" content=\"https:\/\/ciffa.jkmprojects.com\/wp-content\/uploads\/2021\/01\/contact.jpg\" \/>\n<meta name=\"twitter:card\" content=\"summary_large_image\" \/>\n<meta name=\"twitter:label1\" content=\"Dur\u00e9e de lecture estim\u00e9e\" \/>\n\t<meta name=\"twitter:data1\" content=\"3 minutes\" \/>\n<script type=\"application\/ld+json\" class=\"yoast-schema-graph\">{\"@context\":\"https:\/\/schema.org\",\"@graph\":[{\"@type\":\"WebPage\",\"@id\":\"https:\/\/ciffa.jkmprojects.com\/fr\/nous-joindre\/\",\"url\":\"https:\/\/ciffa.jkmprojects.com\/fr\/nous-joindre\/\",\"name\":\"ATIC | Nous joindre\",\"isPartOf\":{\"@id\":\"https:\/\/ciffa.jkmprojects.com\/fr\/#website\"},\"datePublished\":\"2022-03-15T16:05:37+00:00\",\"dateModified\":\"2022-04-05T19:41:46+00:00\",\"description\":\"Vous avez des questions ou des commentaires? Restez en contact et communiquez avec nous.\",\"breadcrumb\":{\"@id\":\"https:\/\/ciffa.jkmprojects.com\/fr\/nous-joindre\/#breadcrumb\"},\"inLanguage\":\"fr-FR\",\"potentialAction\":[{\"@type\":\"ReadAction\",\"target\":[\"https:\/\/ciffa.jkmprojects.com\/fr\/nous-joindre\/\"]}]},{\"@type\":\"BreadcrumbList\",\"@id\":\"https:\/\/ciffa.jkmprojects.com\/fr\/nous-joindre\/#breadcrumb\",\"itemListElement\":[{\"@type\":\"ListItem\",\"position\":1,\"name\":\"Home\",\"item\":\"https:\/\/ciffa.jkmprojects.com\/fr\/\"},{\"@type\":\"ListItem\",\"position\":2,\"name\":\"Nous joindre\"}]},{\"@type\":\"WebSite\",\"@id\":\"https:\/\/ciffa.jkmprojects.com\/fr\/#website\",\"url\":\"https:\/\/ciffa.jkmprojects.com\/fr\/\",\"name\":\"ATIC\",\"description\":\"\",\"potentialAction\":[{\"@type\":\"SearchAction\",\"target\":{\"@type\":\"EntryPoint\",\"urlTemplate\":\"https:\/\/ciffa.jkmprojects.com\/fr\/?s={search_term_string}\"},\"query-input\":\"required name=search_term_string\"}],\"inLanguage\":\"fr-FR\"}]}<\/script>\n<!-- \/ Yoast SEO plugin. -->","yoast_head_json":{"title":"ATIC | Nous joindre","description":"Vous avez des questions ou des commentaires? Restez en contact et communiquez avec nous.","robots":{"index":"index","follow":"follow","max-snippet":"max-snippet:-1","max-image-preview":"max-image-preview:large","max-video-preview":"max-video-preview:-1"},"canonical":"https:\/\/ciffa.jkmprojects.com\/fr\/nous-joindre\/","og_locale":"fr_FR","og_type":"article","og_title":"ATIC | Nous joindre","og_description":"Vous avez des questions ou des commentaires? Restez en contact et communiquez avec nous.","og_url":"https:\/\/ciffa.jkmprojects.com\/fr\/nous-joindre\/","og_site_name":"ATIC","article_modified_time":"2022-04-05T19:41:46+00:00","og_image":[{"url":"https:\/\/ciffa.jkmprojects.com\/wp-content\/uploads\/2021\/01\/contact.jpg"}],"twitter_card":"summary_large_image","twitter_misc":{"Dur\u00e9e de lecture estim\u00e9e":"3 minutes"},"schema":{"@context":"https:\/\/schema.org","@graph":[{"@type":"WebPage","@id":"https:\/\/ciffa.jkmprojects.com\/fr\/nous-joindre\/","url":"https:\/\/ciffa.jkmprojects.com\/fr\/nous-joindre\/","name":"ATIC | Nous joindre","isPartOf":{"@id":"https:\/\/ciffa.jkmprojects.com\/fr\/#website"},"datePublished":"2022-03-15T16:05:37+00:00","dateModified":"2022-04-05T19:41:46+00:00","description":"Vous avez des questions ou des commentaires? Restez en contact et communiquez avec nous.","breadcrumb":{"@id":"https:\/\/ciffa.jkmprojects.com\/fr\/nous-joindre\/#breadcrumb"},"inLanguage":"fr-FR","potentialAction":[{"@type":"ReadAction","target":["https:\/\/ciffa.jkmprojects.com\/fr\/nous-joindre\/"]}]},{"@type":"BreadcrumbList","@id":"https:\/\/ciffa.jkmprojects.com\/fr\/nous-joindre\/#breadcrumb","itemListElement":[{"@type":"ListItem","position":1,"name":"Home","item":"https:\/\/ciffa.jkmprojects.com\/fr\/"},{"@type":"ListItem","position":2,"name":"Nous joindre"}]},{"@type":"WebSite","@id":"https:\/\/ciffa.jkmprojects.com\/fr\/#website","url":"https:\/\/ciffa.jkmprojects.com\/fr\/","name":"ATIC","description":"","potentialAction":[{"@type":"SearchAction","target":{"@type":"EntryPoint","urlTemplate":"https:\/\/ciffa.jkmprojects.com\/fr\/?s={search_term_string}"},"query-input":"required name=search_term_string"}],"inLanguage":"fr-FR"}]}},"_links":{"self":[{"href":"https:\/\/ciffa.jkmprojects.com\/fr\/wp-json\/wp\/v2\/pages\/6186"}],"collection":[{"href":"https:\/\/ciffa.jkmprojects.com\/fr\/wp-json\/wp\/v2\/pages"}],"about":[{"href":"https:\/\/ciffa.jkmprojects.com\/fr\/wp-json\/wp\/v2\/types\/page"}],"author":[{"embeddable":true,"href":"https:\/\/ciffa.jkmprojects.com\/fr\/wp-json\/wp\/v2\/users\/1"}],"replies":[{"embeddable":true,"href":"https:\/\/ciffa.jkmprojects.com\/fr\/wp-json\/wp\/v2\/comments?post=6186"}],"version-history":[{"count":8,"href":"https:\/\/ciffa.jkmprojects.com\/fr\/wp-json\/wp\/v2\/pages\/6186\/revisions"}],"predecessor-version":[{"id":6867,"href":"https:\/\/ciffa.jkmprojects.com\/fr\/wp-json\/wp\/v2\/pages\/6186\/revisions\/6867"}],"wp:attachment":[{"href":"https:\/\/ciffa.jkmprojects.com\/fr\/wp-json\/wp\/v2\/media?parent=6186"}],"curies":[{"name":"wp","href":"https:\/\/api.w.org\/{rel}","templated":true}]}}