{"id":6204,"date":"2022-03-15T12:58:36","date_gmt":"2022-03-15T16:58:36","guid":{"rendered":"http:\/\/ciffa.test\/conditions-dutilisation\/"},"modified":"2022-04-05T16:14:48","modified_gmt":"2022-04-05T20:14:48","slug":"conditions-dutilisation","status":"publish","type":"page","link":"https:\/\/ciffa.jkmprojects.com\/fr\/conditions-dutilisation\/","title":{"rendered":"Conditions d\u2019utilisation"},"content":{"rendered":"\t\t<div data-elementor-type=\"wp-page\" data-elementor-id=\"6204\" class=\"elementor elementor-6204 elementor-219\" data-elementor-post-type=\"page\">\n\t\t\t\t\t\t\t\t\t<section class=\"elementor-section elementor-top-section elementor-element elementor-element-944d009 elementor-section-boxed elementor-section-height-default elementor-section-height-default\" data-id=\"944d009\" data-element_type=\"section\">\n\t\t\t\t\t\t<div class=\"elementor-container elementor-column-gap-default\">\n\t\t\t\t\t<div class=\"elementor-column elementor-col-100 elementor-top-column elementor-element elementor-element-30f186c\" data-id=\"30f186c\" data-element_type=\"column\">\n\t\t\t<div class=\"elementor-widget-wrap elementor-element-populated\">\n\t\t\t\t\t\t\t\t<div class=\"elementor-element elementor-element-6bf0c59 elementor-widget elementor-widget-jk-pageheader\" data-id=\"6bf0c59\" data-element_type=\"widget\" data-widget_type=\"jk-pageheader.default\">\n\t\t\t\t<div class=\"elementor-widget-container\">\n\t\t\t<header class=\"small\"><div class=\"jkea_header\"><div class=\"jkea_header__contentwrap\"><div class=\"jkea_header__content\"><div class=\"title\"><h1>Conditions d\u2019utilisation<\/h1><\/div><div class=\"text\"><\/div><\/div><\/div><div class=\"jkea_header__graphic\"><div class=\"featuredimage full\"><img decoding=\"async\" src=\"https:\/\/ciffa.jkmprojects.com\/wp-content\/plugins\/elementor\/assets\/images\/placeholder.png\" alt=\"\"><\/div><div class=\"jkea_header__threebars\"><div class=\"bars\"><div class=\"bar1\"><\/div><div class=\"bar2\"><\/div><div class=\"bar3\"><\/div><\/div><\/div><div class=\"jkea_header__transparentcorner\"><div class=\"transparency\"><\/div><\/div><\/div><\/div><\/header>\t\t<\/div>\n\t\t\t\t<\/div>\n\t\t\t\t\t<\/div>\n\t\t<\/div>\n\t\t\t\t\t\t\t<\/div>\n\t\t<\/section>\n\t\t\t\t<section class=\"elementor-section elementor-top-section elementor-element elementor-element-289c0ce elementor-section-boxed elementor-section-height-default elementor-section-height-default\" data-id=\"289c0ce\" data-element_type=\"section\">\n\t\t\t\t\t\t<div class=\"elementor-container elementor-column-gap-default\">\n\t\t\t\t\t<div class=\"elementor-column elementor-col-100 elementor-top-column elementor-element elementor-element-52886fa\" data-id=\"52886fa\" data-element_type=\"column\">\n\t\t\t<div class=\"elementor-widget-wrap elementor-element-populated\">\n\t\t\t\t\t\t\t\t<div class=\"elementor-element elementor-element-bb25038 elementor-widget elementor-widget-text-editor\" data-id=\"bb25038\" data-element_type=\"widget\" data-widget_type=\"text-editor.default\">\n\t\t\t\t<div class=\"elementor-widget-container\">\n\t\t\t\t\t\t\t<h4><b>Utilisation du site Web<\/b><\/h4><p class=\"p1\">En utilisant ce site Web (le \u00ab\u00a0site Web\u00a0\u00bb) de l\u2019Association canadienne des transitaires internationaux (\u00ab\u00a0ATIC\u00a0\u00bb), y compris, sans toutefois s\u2019y limiter, toute plateforme d\u2019apprentissage, tout portail d\u2019inscription, de suivi ou d\u2019agr\u00e9ment de formation, ou toute page d\u2019inscription \u00e0 un \u00e9v\u00e9nement, vous \u00eates un utilisateur et vous acceptez d\u2019\u00eatre li\u00e9 par ces conditions. L\u2019ATIC se r\u00e9serve le droit de modifier les pr\u00e9sentes conditions en affichant sur son Site Web un avis \u00e0 cet \u00e9gard, avec prise d\u2019effet imm\u00e9diat. En utilisant et en continuant d\u2019utiliser ce site Web, vous en acceptez les modalit\u00e9s, ainsi que leurs modifications successives. Toute utilisation du site Web doit \u00eatre conforme aux lois du Canada, y compris les lois sur le harc\u00e8lement et la discrimination en vertu <i>de la Loi sur les droits de la personne<\/i>.<\/p><h4 class=\"p1\"><b>Avis de non-responsabilit\u00e9\u00a0:<\/b><\/h4><p class=\"p1\">L\u2019ATIC n\u2019est pas un cabinet d\u2019avocats et n\u2019emploie pas d\u2019avocat ou d\u2019autre personne qualifi\u00e9e pour donner des conseils juridiques au secr\u00e9tariat. L\u2019ATIC offre \u00e0 ses membres des conseils d\u2019orientation et une assistance qui reposent sur l\u2019exp\u00e9rience accumul\u00e9e par ses membres et son personnel, et ce, gratuitement et sans responsabilit\u00e9 pour les pertes ou dommages de toute sorte d\u00e9coulant de l\u2019utilisation, \u00e0 bon ou \u00e0 mauvais escient, de cette information, m\u00eame si les pertes ou dommages r\u00e9sultent ou d\u00e9coulent de la n\u00e9gligence de l\u2019ATIC ou de la n\u00e9gligence d\u2019un de ses employ\u00e9s. <em><b>L\u2019ATIC NE PEUT DONNER ET NE DONNE PAS DE CONSEILS JURIDIQUES.<\/b><\/em> Seul un avocat qualifi\u00e9, autoris\u00e9 \u00e0 exercer dans votre territoire et d\u00fbment retenu peut donner des conseils juridiques. Si vous pensez avoir un probl\u00e8me d\u2019ordre juridique, vous devez requ\u00e9rir l\u2019avis d\u2019un professionnel qualifi\u00e9.<\/p><h4 class=\"p1\"><b>Limitation de responsabilit\u00e9<\/b><\/h4><p class=\"p1\">L\u2019ATIC fournit le site Web, ainsi que les renseignements, les documents, les opinions, les liens, et tous les autres documents disponibles sur le site Web (collectivement d\u00e9sign\u00e9s le \u00ab\u00a0Contenu\u00a0\u00bb) TELS QUELS. L\u2019ATIC n\u2019offre aucune garantie explicite ou implicite, quant \u00e0 l\u2019exactitude, la disponibilit\u00e9 et la fiabilit\u00e9 du Contenu. De plus, l\u2019ATIC ne garantit aucunement que le Contenu, en tout ou en partie, soit exact, complet et \u00e0 jour, que les fonctions de ce Site Web ne seront pas interrompues, que le Contenu soit libre d\u2019erreurs, ni que le Site Web soit exempt d\u2019\u00e9l\u00e9ments dommageables comme des virus. Aucun appui \u00e0 des produits, services ou renseignements de quelque tierce partie que ce soit n\u2019est exprim\u00e9 ou sous-entendu par le Contenu.<\/p><p class=\"p1\">Les renseignements, le mat\u00e9riel, et le contenu disponibles sur Site Web ou par son interm\u00e9diaire (le \u00ab\u00a0Contenu\u00a0\u00bb) ne sont fournis qu\u2019\u00e0 titre indicatif; ils ne doivent aucunement \u00eatre per\u00e7us comme des conseils d\u2019ordre financier, juridique, comptable, fiscal ou de quelque autre ordre que ce soit. En aucun cas, l\u2019ATIC, ses administrateurs, dirigeants, employ\u00e9s ou autres personnes ne peuvent \u00eatre tenus responsables de tout dommage direct, indirect, sp\u00e9cial, cons\u00e9cutif ou punitif ou autre, qu\u2019il soit caus\u00e9 par votre utilisation du site Web ou de son contenu, peu importe la cause, y compris les erreurs, les omissions ou la n\u00e9gligence dans la mise \u00e0 disposition du site Web ou de son contenu. Vous utilisez ce site Web est \u00e0 vos risques et votre unique recours en cas de d\u00e9faut, de m\u00e9contentement ou de dommages all\u00e9gu\u00e9s d\u00e9coulant de l\u2019utilisation de ce site Web, de son contenu ou de la confiance accord\u00e9e aux renseignements qu\u2019il contient est de cesser de l\u2019utiliser.<\/p><h4 class=\"p1\"><b>Politique de confidentialit\u00e9<\/b><\/h4><p class=\"p1\">Dans le cadre de sa mission, l\u2019ATIC recueille et conserve des renseignements commerciaux et personnels, y compris des renseignements fournis par voie \u00e9lectronique sur le site Web. Tout renseignement fourni sur le site Web ou en acc\u00e9dant au site Web ou \u00e0 son contenu est recueilli conform\u00e9ment \u00e0 la Politique de confidentialit\u00e9 de l\u2019ATIC, disponible <a href=\"http:\/\/3.99.141.208\/fr\/politique-de-confidentialite\/\"><span class=\"s1\">ici<\/span><\/a>.<\/p><h4 class=\"p1\"><b>Droits de propri\u00e9t\u00e9 intellectuelle<\/b><\/h4><p class=\"p1\">Tout le contenu de ce site est prot\u00e9g\u00e9 par les lois canadiennes et internationales sur le droit d\u2019auteur. Les utilisateurs de ce site Web peuvent imprimer des parties de ce site Web pour autant qu\u2019ils n\u2019en modifient pas le contenu, pour usage personnel seulement. Il est strictement interdit d\u2019utiliser ce contenu, y compris, sans toutefois s\u2019y limiter, de le modifier, publier, transmettre, vendre, louer, ainsi que d\u2019en cr\u00e9er des produits d\u00e9riv\u00e9s, de le distribuer, de l\u2019afficher ou de l\u2019exploiter commercialement sans avoir obtenu le consentement \u00e9crit pr\u00e9alable de l\u2019ATIC. Le logo d\u2019ATIC a \u00e9t\u00e9 con\u00e7u \u00e0 partir d\u2019une police stylis\u00e9e et enregistr\u00e9e comme marque de commerce. Elle ne peut \u00eatre copi\u00e9e ou utilis\u00e9e de quelque fa\u00e7on que ce soit sans avoir obtenu l\u2019autorisation \u00e9crite de l\u2019ATIC. Toute alt\u00e9ration ou modification du site Web ou de son contenu sans autorisation est strictement interdite et contraire \u00e0 la loi.<\/p><h4 class=\"p1\"><b>Renseignements confidentiels<\/b><\/h4><p class=\"p1\">Tout contenu destin\u00e9 uniquement aux membres est un renseignement confidentiel qui ne peut \u00eatre acc\u00e9d\u00e9 par des non-membres et qui ne peut \u00eatre divulgu\u00e9 ni distribu\u00e9 par des membres sans l\u2019autorisation de l\u2019ATIC. Le site Web et son contenu, y compris les portails de formation et d\u2019apprentissage, ainsi que les services li\u00e9s aux \u00e9v\u00e9nements, sont r\u00e9serv\u00e9s \u00e0 l\u2019usage professionnel des membres, des \u00e9tudiants ou des personnes inscrites, selon le cas, et ne peuvent pas \u00eatre utilis\u00e9s par d\u2019autres ou par des tiers ni \u00e0 des fins autres ou ill\u00e9gitimes.<\/p><p class=\"p1\">Bien que l\u2019ATIC prenne toutes les pr\u00e9cautions raisonnables et professionnelles n\u00e9cessaires pour assurer la s\u00e9curit\u00e9 du site Web, de son contenu et de tous les renseignements confidentiels qu\u2019elle recueille, tous les utilisateurs sont cens\u00e9s bien conna\u00eetre les divers moyens d\u2019information \u00e9lectronique utilis\u00e9s ainsi que les risques qu\u2019ils comportent. En outre, ces utilisateurs doivent prendre toutes les pr\u00e9cautions raisonnables n\u00e9cessaires pour assurer la s\u00e9curit\u00e9 et la confidentialit\u00e9 de leur compte d\u2019utilisateur et du contenu accessible \u00e0 partir de ce compte. Les comptes d\u2019utilisateur pour le site Web sont r\u00e9serv\u00e9s \u00e0 l\u2019utilisateur ou au repr\u00e9sentant autoris\u00e9 du membre. Par cons\u00e9quent, il est interdit de partager, transf\u00e9rer ou autrement attribuer un compte d\u2019utilisateur ou les renseignements pour y acc\u00e9der sans avoir obtenu le consentement \u00e9crit pr\u00e9alable de l\u2019ATIC.<\/p><h4 class=\"p1\"><b>Force ex\u00e9cutoire<\/b><\/h4><p class=\"p1\">Les pr\u00e9sentes modalit\u00e9s, ainsi que toute r\u00e9clamation d\u00e9coulant directement ou indirectement de l\u2019utilisation du site Web ou de son contenu, sont r\u00e9gies par les lois du Canada en vigueur en Ontario et peuvent \u00eatre seulement contest\u00e9es devant un tribunal de cette province. Si une de ces modalit\u00e9s est inapplicable ou nulle, elle devra \u00eatre retir\u00e9e et ce retrait n\u2019aura aucune incidence sur la validit\u00e9 et le caract\u00e8re ex\u00e9cutoire des autres dispositions, lesquelles devront \u00eatre interpr\u00e9t\u00e9es comme ayant pleinement effet <i>mutatis mutandis<\/i>.<\/p>\t\t\t\t\t\t<\/div>\n\t\t\t\t<\/div>\n\t\t\t\t\t<\/div>\n\t\t<\/div>\n\t\t\t\t\t\t\t<\/div>\n\t\t<\/section>\n\t\t\t\t\t\t\t<\/div>\n\t\t","protected":false},"excerpt":{"rendered":"<p>Conditions d\u2019utilisation Utilisation du site Web En utilisant ce site Web (le \u00ab\u00a0site Web\u00a0\u00bb) de l\u2019Association canadienne des transitaires internationaux (\u00ab\u00a0ATIC\u00a0\u00bb), y compris, sans toutefois s\u2019y limiter, toute plateforme d\u2019apprentissage, tout portail d\u2019inscription, de suivi ou d\u2019agr\u00e9ment de formation, ou toute page d\u2019inscription \u00e0 un \u00e9v\u00e9nement, vous \u00eates un utilisateur et vous acceptez d\u2019\u00eatre li\u00e9 [&hellip;]<\/p>\n","protected":false},"author":1,"featured_media":0,"parent":0,"menu_order":0,"comment_status":"closed","ping_status":"closed","template":"","meta":{"footnotes":""},"acf":[],"yoast_head":"<!-- This site is optimized with the Yoast SEO plugin v21.5 - https:\/\/yoast.com\/wordpress\/plugins\/seo\/ -->\n<title>ATIC | Documents juridiques<\/title>\n<meta name=\"description\" content=\"Conditions d\u2019utilisation\" \/>\n<meta name=\"robots\" content=\"index, follow, max-snippet:-1, max-image-preview:large, max-video-preview:-1\" \/>\n<link rel=\"canonical\" href=\"https:\/\/ciffa.jkmprojects.com\/fr\/conditions-dutilisation\/\" \/>\n<meta property=\"og:locale\" content=\"fr_FR\" \/>\n<meta property=\"og:type\" content=\"article\" \/>\n<meta property=\"og:title\" content=\"ATIC | Documents juridiques\" \/>\n<meta property=\"og:description\" content=\"Conditions d\u2019utilisation\" \/>\n<meta property=\"og:url\" content=\"https:\/\/ciffa.jkmprojects.com\/fr\/conditions-dutilisation\/\" \/>\n<meta property=\"og:site_name\" content=\"ATIC\" \/>\n<meta property=\"article:modified_time\" content=\"2022-04-05T20:14:48+00:00\" \/>\n<meta property=\"og:image\" content=\"https:\/\/ciffa.jkmprojects.com\/wp-content\/plugins\/elementor\/assets\/images\/placeholder.png\" \/>\n<meta name=\"twitter:card\" content=\"summary_large_image\" \/>\n<meta name=\"twitter:label1\" content=\"Dur\u00e9e de lecture estim\u00e9e\" \/>\n\t<meta name=\"twitter:data1\" content=\"6 minutes\" \/>\n<script type=\"application\/ld+json\" class=\"yoast-schema-graph\">{\"@context\":\"https:\/\/schema.org\",\"@graph\":[{\"@type\":\"WebPage\",\"@id\":\"https:\/\/ciffa.jkmprojects.com\/fr\/conditions-dutilisation\/\",\"url\":\"https:\/\/ciffa.jkmprojects.com\/fr\/conditions-dutilisation\/\",\"name\":\"ATIC | Documents juridiques\",\"isPartOf\":{\"@id\":\"https:\/\/ciffa.jkmprojects.com\/fr\/#website\"},\"datePublished\":\"2022-03-15T16:58:36+00:00\",\"dateModified\":\"2022-04-05T20:14:48+00:00\",\"description\":\"Conditions d\u2019utilisation\",\"breadcrumb\":{\"@id\":\"https:\/\/ciffa.jkmprojects.com\/fr\/conditions-dutilisation\/#breadcrumb\"},\"inLanguage\":\"fr-FR\",\"potentialAction\":[{\"@type\":\"ReadAction\",\"target\":[\"https:\/\/ciffa.jkmprojects.com\/fr\/conditions-dutilisation\/\"]}]},{\"@type\":\"BreadcrumbList\",\"@id\":\"https:\/\/ciffa.jkmprojects.com\/fr\/conditions-dutilisation\/#breadcrumb\",\"itemListElement\":[{\"@type\":\"ListItem\",\"position\":1,\"name\":\"Home\",\"item\":\"https:\/\/ciffa.jkmprojects.com\/fr\/\"},{\"@type\":\"ListItem\",\"position\":2,\"name\":\"Conditions d\u2019utilisation\"}]},{\"@type\":\"WebSite\",\"@id\":\"https:\/\/ciffa.jkmprojects.com\/fr\/#website\",\"url\":\"https:\/\/ciffa.jkmprojects.com\/fr\/\",\"name\":\"ATIC\",\"description\":\"\",\"potentialAction\":[{\"@type\":\"SearchAction\",\"target\":{\"@type\":\"EntryPoint\",\"urlTemplate\":\"https:\/\/ciffa.jkmprojects.com\/fr\/?s={search_term_string}\"},\"query-input\":\"required name=search_term_string\"}],\"inLanguage\":\"fr-FR\"}]}<\/script>\n<!-- \/ Yoast SEO plugin. -->","yoast_head_json":{"title":"ATIC | Documents juridiques","description":"Conditions d\u2019utilisation","robots":{"index":"index","follow":"follow","max-snippet":"max-snippet:-1","max-image-preview":"max-image-preview:large","max-video-preview":"max-video-preview:-1"},"canonical":"https:\/\/ciffa.jkmprojects.com\/fr\/conditions-dutilisation\/","og_locale":"fr_FR","og_type":"article","og_title":"ATIC | Documents juridiques","og_description":"Conditions d\u2019utilisation","og_url":"https:\/\/ciffa.jkmprojects.com\/fr\/conditions-dutilisation\/","og_site_name":"ATIC","article_modified_time":"2022-04-05T20:14:48+00:00","og_image":[{"url":"https:\/\/ciffa.jkmprojects.com\/wp-content\/plugins\/elementor\/assets\/images\/placeholder.png"}],"twitter_card":"summary_large_image","twitter_misc":{"Dur\u00e9e de lecture estim\u00e9e":"6 minutes"},"schema":{"@context":"https:\/\/schema.org","@graph":[{"@type":"WebPage","@id":"https:\/\/ciffa.jkmprojects.com\/fr\/conditions-dutilisation\/","url":"https:\/\/ciffa.jkmprojects.com\/fr\/conditions-dutilisation\/","name":"ATIC | Documents juridiques","isPartOf":{"@id":"https:\/\/ciffa.jkmprojects.com\/fr\/#website"},"datePublished":"2022-03-15T16:58:36+00:00","dateModified":"2022-04-05T20:14:48+00:00","description":"Conditions d\u2019utilisation","breadcrumb":{"@id":"https:\/\/ciffa.jkmprojects.com\/fr\/conditions-dutilisation\/#breadcrumb"},"inLanguage":"fr-FR","potentialAction":[{"@type":"ReadAction","target":["https:\/\/ciffa.jkmprojects.com\/fr\/conditions-dutilisation\/"]}]},{"@type":"BreadcrumbList","@id":"https:\/\/ciffa.jkmprojects.com\/fr\/conditions-dutilisation\/#breadcrumb","itemListElement":[{"@type":"ListItem","position":1,"name":"Home","item":"https:\/\/ciffa.jkmprojects.com\/fr\/"},{"@type":"ListItem","position":2,"name":"Conditions d\u2019utilisation"}]},{"@type":"WebSite","@id":"https:\/\/ciffa.jkmprojects.com\/fr\/#website","url":"https:\/\/ciffa.jkmprojects.com\/fr\/","name":"ATIC","description":"","potentialAction":[{"@type":"SearchAction","target":{"@type":"EntryPoint","urlTemplate":"https:\/\/ciffa.jkmprojects.com\/fr\/?s={search_term_string}"},"query-input":"required name=search_term_string"}],"inLanguage":"fr-FR"}]}},"_links":{"self":[{"href":"https:\/\/ciffa.jkmprojects.com\/fr\/wp-json\/wp\/v2\/pages\/6204"}],"collection":[{"href":"https:\/\/ciffa.jkmprojects.com\/fr\/wp-json\/wp\/v2\/pages"}],"about":[{"href":"https:\/\/ciffa.jkmprojects.com\/fr\/wp-json\/wp\/v2\/types\/page"}],"author":[{"embeddable":true,"href":"https:\/\/ciffa.jkmprojects.com\/fr\/wp-json\/wp\/v2\/users\/1"}],"replies":[{"embeddable":true,"href":"https:\/\/ciffa.jkmprojects.com\/fr\/wp-json\/wp\/v2\/comments?post=6204"}],"version-history":[{"count":10,"href":"https:\/\/ciffa.jkmprojects.com\/fr\/wp-json\/wp\/v2\/pages\/6204\/revisions"}],"predecessor-version":[{"id":6882,"href":"https:\/\/ciffa.jkmprojects.com\/fr\/wp-json\/wp\/v2\/pages\/6204\/revisions\/6882"}],"wp:attachment":[{"href":"https:\/\/ciffa.jkmprojects.com\/fr\/wp-json\/wp\/v2\/media?parent=6204"}],"curies":[{"name":"wp","href":"https:\/\/api.w.org\/{rel}","templated":true}]}}