{"id":6351,"date":"2022-03-16T13:37:30","date_gmt":"2022-03-16T17:37:30","guid":{"rendered":"http:\/\/ciffa.test\/notre-association\/"},"modified":"2023-09-19T19:23:23","modified_gmt":"2023-09-19T23:23:23","slug":"notre-association","status":"publish","type":"page","link":"https:\/\/ciffa.jkmprojects.com\/fr\/notre-association\/","title":{"rendered":"Notre association"},"content":{"rendered":"\t\t<div data-elementor-type=\"wp-page\" data-elementor-id=\"6351\" class=\"elementor elementor-6351 elementor-322\" data-elementor-post-type=\"page\">\n\t\t\t\t\t\t\t\t\t<section class=\"elementor-section elementor-top-section elementor-element elementor-element-09ac402 elementor-section-full_width elementor-section-height-default elementor-section-height-default\" data-id=\"09ac402\" data-element_type=\"section\">\n\t\t\t\t\t\t<div class=\"elementor-container elementor-column-gap-default\">\n\t\t\t\t\t<div class=\"elementor-column elementor-col-100 elementor-top-column elementor-element elementor-element-107c0fa\" data-id=\"107c0fa\" data-element_type=\"column\">\n\t\t\t<div class=\"elementor-widget-wrap elementor-element-populated\">\n\t\t\t\t\t\t\t\t<div class=\"elementor-element elementor-element-b4149b5 elementor-widget elementor-widget-jk-pageheader\" data-id=\"b4149b5\" data-element_type=\"widget\" data-widget_type=\"jk-pageheader.default\">\n\t\t\t\t<div class=\"elementor-widget-container\">\n\t\t\t<header class=\"medium\"><div class=\"jkea_header\"><div class=\"jkea_header__contentwrap\"><div class=\"jkea_header__content\"><div class=\"title\"><h1>Notre association<\/h1><\/div><div class=\"text\"><p>Nous repr\u00e9sentons et soutenons nos membres qui font partie des entreprises dans les industries suivantes : les transiteurs, les courtiers en douane, les transporteurs de factage, les courtiers de fret et les op\u00e9rateurs d\u2019entrep\u00f4t.<\/p><\/div><\/div><\/div><div class=\"jkea_header__graphic\"><div class=\"featuredimage full\"><img decoding=\"async\" src=\"https:\/\/ciffa.jkmprojects.com\/wp-content\/uploads\/2021\/06\/shutterstock_601341731-scaled.jpg\" alt=\"\"><\/div><div class=\"jkea_header__threebars\"><div class=\"bars\"><div class=\"bar1\"><\/div><div class=\"bar2\"><\/div><div class=\"bar3\"><\/div><\/div><\/div><div class=\"jkea_header__transparentcorner\"><div class=\"transparency\"><\/div><\/div><\/div><\/div><\/header>\t\t<\/div>\n\t\t\t\t<\/div>\n\t\t\t\t\t<\/div>\n\t\t<\/div>\n\t\t\t\t\t\t\t<\/div>\n\t\t<\/section>\n\t\t\t\t<section class=\"elementor-section elementor-top-section elementor-element elementor-element-380e77f elementor-section-boxed elementor-section-height-default elementor-section-height-default\" data-id=\"380e77f\" data-element_type=\"section\">\n\t\t\t\t\t\t<div class=\"elementor-container elementor-column-gap-default\">\n\t\t\t\t\t<div class=\"elementor-column elementor-col-100 elementor-top-column elementor-element elementor-element-91d358a container\" data-id=\"91d358a\" data-element_type=\"column\">\n\t\t\t<div class=\"elementor-widget-wrap elementor-element-populated\">\n\t\t\t\t\t\t\t\t<div class=\"elementor-element elementor-element-fbfffc6 elementor-widget elementor-widget-text-editor\" data-id=\"fbfffc6\" data-element_type=\"widget\" data-widget_type=\"text-editor.default\">\n\t\t\t\t<div class=\"elementor-widget-container\">\n\t\t\t\t\t\t\t<p class=\"p1\">Peu importe le r\u00f4le que vous jouez dans le secteur du transport de marchandises, l\u2019Association canadienne des transitaires internationaux est importante. Nous offrons aux transitaires des services de soutien et de repr\u00e9sentation et nous leur permettons de tirer avantage de la r\u00e9putation de la marque ATIC reconnue mondialement. Nous fournissons aux exportateurs et aux importateurs une liste de soci\u00e9t\u00e9s de transport de marchandises hautement qualifi\u00e9es, qui respectent les conditions g\u00e9n\u00e9rales de l\u2019ATIC. Nous permettons aux fournisseurs de biens et de services et aux transporteurs de tous les modes d\u2019avoir acc\u00e8s \u00e0 plus de 300+ soci\u00e9t\u00e9s membres r\u00e9guli\u00e8res.<\/p>\t\t\t\t\t\t<\/div>\n\t\t\t\t<\/div>\n\t\t\t\t\t<\/div>\n\t\t<\/div>\n\t\t\t\t\t\t\t<\/div>\n\t\t<\/section>\n\t\t\t\t<section class=\"elementor-section elementor-top-section elementor-element elementor-element-e26fd78 elementor-section-full_width fullwidthimage elementor-section-height-default elementor-section-height-default\" data-id=\"e26fd78\" data-element_type=\"section\">\n\t\t\t\t\t\t<div class=\"elementor-container elementor-column-gap-default\">\n\t\t\t\t\t<div class=\"elementor-column elementor-col-100 elementor-top-column elementor-element elementor-element-1de0e53\" data-id=\"1de0e53\" data-element_type=\"column\">\n\t\t\t<div class=\"elementor-widget-wrap elementor-element-populated\">\n\t\t\t\t\t\t\t\t<div class=\"elementor-element elementor-element-830a16f elementor-widget elementor-widget-image\" data-id=\"830a16f\" data-element_type=\"widget\" data-widget_type=\"image.default\">\n\t\t\t\t<div class=\"elementor-widget-container\">\n\t\t\t\t\t\t\t\t\t\t\t\t\t\t\t<img decoding=\"async\" loading=\"lazy\" width=\"1201\" height=\"933\" src=\"https:\/\/ciffa.jkmprojects.com\/wp-content\/uploads\/2021\/02\/ourcompanyfullwidth-edit2.jpg\" class=\"attachment-full size-full wp-image-4381\" alt=\"\" srcset=\"https:\/\/ciffa.jkmprojects.com\/wp-content\/uploads\/2021\/02\/ourcompanyfullwidth-edit2.jpg 1201w, https:\/\/ciffa.jkmprojects.com\/wp-content\/uploads\/2021\/02\/ourcompanyfullwidth-edit2-300x233.jpg 300w, https:\/\/ciffa.jkmprojects.com\/wp-content\/uploads\/2021\/02\/ourcompanyfullwidth-edit2-1024x795.jpg 1024w, https:\/\/ciffa.jkmprojects.com\/wp-content\/uploads\/2021\/02\/ourcompanyfullwidth-edit2-768x597.jpg 768w\" sizes=\"(max-width: 1201px) 100vw, 1201px\" \/>\t\t\t\t\t\t\t\t\t\t\t\t\t\t\t<\/div>\n\t\t\t\t<\/div>\n\t\t\t\t\t<\/div>\n\t\t<\/div>\n\t\t\t\t\t\t\t<\/div>\n\t\t<\/section>\n\t\t\t\t<section class=\"elementor-section elementor-top-section elementor-element elementor-element-30f7cc4 elementor-section-full_width elementor-section-height-default elementor-section-height-default\" data-id=\"30f7cc4\" data-element_type=\"section\">\n\t\t\t\t\t\t<div class=\"elementor-container elementor-column-gap-default\">\n\t\t\t\t\t<div class=\"elementor-column elementor-col-100 elementor-top-column elementor-element elementor-element-c311cd5\" data-id=\"c311cd5\" data-element_type=\"column\">\n\t\t\t<div class=\"elementor-widget-wrap elementor-element-populated\">\n\t\t\t\t\t\t\t\t<div class=\"elementor-element elementor-element-32d4d18 elementor-widget elementor-widget-jk-halfpage\" data-id=\"32d4d18\" data-element_type=\"widget\" data-widget_type=\"jk-halfpage.default\">\n\t\t\t\t<div class=\"elementor-widget-container\">\n\t\t\t<div class=\"jkea_halfpage_wrapper left\">\n                <div class=\"jkea_image\">\n                \t<div class=\"image\"><img decoding=\"async\" src=\"https:\/\/ciffa.jkmprojects.com\/wp-content\/uploads\/2021\/01\/3pt1ourhistory.jpg\" alt=\"\">\n\t\t\t\t\t<\/div>\n                \t<div class=\"angledbox\"><\/div>\n                <\/div>\n                <div class=\"jkea_halfpage\">\n                    <div class=\"jkea_halfpage_content\">\n                        <div class=\"jkea_title\">\n                    \t    <h2>Notre histoire<\/h2>\n                    \t<\/div>\n                    \t<div class=\"jkea_text\">\n                    \t\t<p class=\"p1\">L\u2019Association canadienne des transitaires internationaux a \u00e9t\u00e9 fond\u00e9e \u00e0 Montr\u00e9al en septembre\u00a01948. Elle a \u00e9t\u00e9 lanc\u00e9e par un petit groupe de transitaires qui ont constat\u00e9 le besoin de cr\u00e9er une association sectorielle qui r\u00e9pondrait aux besoins professionnels de ses membres. Les premiers objectifs \u00e9taient simples\u00a0:<\/p><ul class=\"ul1\"><li class=\"li1\"><span class=\"s1\">Appuyer et prot\u00e9ger l\u2019industrie et ses travailleurs en favorisant l\u2019uniformisation des pratiques commerciales et des r\u00e8glements<\/span><\/li><li class=\"li1\"><span class=\"s1\">\u00c9tablir des r\u00e8gles d\u2019arbitrage ad\u00e9quates entre les membres et les autres<\/span><\/li><li class=\"li1\"><span class=\"s1\">R\u00e9pondre \u00e0 toutes les questions ayant une incidence sur les int\u00e9r\u00eats des transitaires \u00e9trangers au sens large<\/span><\/li><li class=\"li2\"><span class=\"s1\">Repr\u00e9senter l\u2019industrie au Parlement<\/span><\/li><\/ul><p class=\"p1\">Notre association a sans aucun doute grandi et \u00e9volu\u00e9, mais ces principes fondateurs sont encore respect\u00e9s aujourd\u2019hui.<\/p>\n                    \t<\/div> <\/div>\n                    <\/div>\n                <\/div>\t\t<\/div>\n\t\t\t\t<\/div>\n\t\t\t\t\t<\/div>\n\t\t<\/div>\n\t\t\t\t\t\t\t<\/div>\n\t\t<\/section>\n\t\t\t\t<section class=\"elementor-section elementor-top-section elementor-element elementor-element-2e9e8fa elementor-section-full_width elementor-section-height-default elementor-section-height-default\" data-id=\"2e9e8fa\" data-element_type=\"section\">\n\t\t\t\t\t\t<div class=\"elementor-container elementor-column-gap-default\">\n\t\t\t\t\t<div class=\"elementor-column elementor-col-100 elementor-top-column elementor-element elementor-element-5059ac5\" data-id=\"5059ac5\" data-element_type=\"column\">\n\t\t\t<div class=\"elementor-widget-wrap elementor-element-populated\">\n\t\t\t\t\t\t\t\t<div class=\"elementor-element elementor-element-c7ef777 elementor-widget elementor-widget-jk-halfpage\" data-id=\"c7ef777\" data-element_type=\"widget\" data-widget_type=\"jk-halfpage.default\">\n\t\t\t\t<div class=\"elementor-widget-container\">\n\t\t\t<div class=\"jkea_halfpage_wrapper right\">\n                <div class=\"jkea_image\">\n                \t<div class=\"image\"><img decoding=\"async\" src=\"https:\/\/ciffa.jkmprojects.com\/wp-content\/uploads\/2023\/09\/Arnon-Melo-CIFFA_PM2023_2500SM.jpg\" alt=\"\">\n\t\t\t\t\t<\/div>\n                \t<div class=\"angledbox\"><\/div>\n                <\/div>\n                <div class=\"jkea_halfpage\">\n                    <div class=\"jkea_halfpage_content\">\n                        <div class=\"jkea_title\">\n                    \t    <h2>Un message de notre pr\u00e9sident<\/h2>\n                    \t<\/div>\n                    \t<div class=\"jkea_text\">\n                    \t\t<p>\u00ab Ce fut un honneur d'avoir \u00e9t\u00e9 nomm\u00e9, le 10 mai 2023, le Pr\u00e9sident du conseil d'administration de l\u2019ATIC.<\/p><p>J\u2019assume ce r\u00f4le avec un grand enthousiasme, bien conscient de l\u2019\u00e9norme r\u00e9sponsabilit\u00e9 que cela comporte.<\/p><p>Je m'engage \u00e0 respecter les principes de l\u2019ATIC, et je me consacre \u00e0 assurer le succ\u00e8s continu de l\u2019association. \u00bb<\/p><p class=\"p1\"><b>Arnon Melo, pr\u00e9sident de l\u2019ATIC<\/b><\/p>\n                    \t<\/div> <\/div>\n                    <\/div>\n                <\/div>\t\t<\/div>\n\t\t\t\t<\/div>\n\t\t\t\t\t<\/div>\n\t\t<\/div>\n\t\t\t\t\t\t\t<\/div>\n\t\t<\/section>\n\t\t\t\t<section class=\"elementor-section elementor-top-section elementor-element elementor-element-7719cf3 elementor-section-full_width elementor-section-height-default elementor-section-height-default\" data-id=\"7719cf3\" data-element_type=\"section\">\n\t\t\t\t\t\t<div class=\"elementor-container elementor-column-gap-default\">\n\t\t\t\t\t<div class=\"elementor-column elementor-col-100 elementor-top-column elementor-element elementor-element-8ff24ad\" data-id=\"8ff24ad\" data-element_type=\"column\">\n\t\t\t<div class=\"elementor-widget-wrap elementor-element-populated\">\n\t\t\t\t\t\t\t\t<div class=\"elementor-element elementor-element-87f6d39 elementor-widget elementor-widget-spacer\" data-id=\"87f6d39\" data-element_type=\"widget\" data-widget_type=\"spacer.default\">\n\t\t\t\t<div class=\"elementor-widget-container\">\n\t\t\t\t\t<div class=\"elementor-spacer\">\n\t\t\t<div class=\"elementor-spacer-inner\"><\/div>\n\t\t<\/div>\n\t\t\t\t<\/div>\n\t\t\t\t<\/div>\n\t\t\t\t<div class=\"elementor-element elementor-element-f648f70 elementor-widget elementor-widget-html\" data-id=\"f648f70\" data-element_type=\"widget\" data-widget_type=\"html.default\">\n\t\t\t\t<div class=\"elementor-widget-container\">\n\t\t\t<a id=\"ethics\"><\/a>\t\t<\/div>\n\t\t\t\t<\/div>\n\t\t\t\t<div class=\"elementor-element elementor-element-16c319d elementor-widget elementor-widget-jk-checklist\" data-id=\"16c319d\" data-element_type=\"widget\" data-widget_type=\"jk-checklist.default\">\n\t\t\t\t<div class=\"elementor-widget-container\">\n\t\t\t<div class=\"jkea_checklist_wrapper \"><div class=\"jkea_section_title\"><h2>Code d\u2019\u00e9thique de l\u2019ATIC<\/h2><\/div><div class=\"jkea_section_subtext\"><p>Chaque membre r\u00e9gulier de l\u2019ATIC s\u2019engage \u00e0 respecter ce code de conduite professionnel, qui stipule\u00a0:<\/p><\/div><ul class=\"jkea_checklist-items \"><li class=\"jkea_checklist-item_content\">\n                \t<div class=\"jkea_text\">\n                \t\tLe membre de l\u2019ATIC doit s\u2019acquitter de ses fonctions avec honn\u00eatet\u00e9 et int\u00e9grit\u00e9.\n                \t<\/div> <\/li><li class=\"jkea_checklist-item_content\">\n                \t<div class=\"jkea_text\">\n                \t\tLe membre de l\u2019ATIC garantit un niveau de comp\u00e9tence \u00e9lev\u00e9 pour r\u00e9aliser, au nom de ses clients, des op\u00e9rations de mani\u00e8re \u00e0 la fois consciencieuse, diligente et efficace.\n                \t<\/div> <\/li><li class=\"jkea_checklist-item_content\">\n                \t<div class=\"jkea_text\">\n                \t\tLe membre s\u2019engage \u00e0 assurer la confidentialit\u00e9 de tous les renseignements obtenus dans le cadre de la relation avec son client et des activit\u00e9s de ce dernier. Aucun renseignement ne peut \u00eatre divulgu\u00e9 \u00e0 moins que le client ne l\u2019autorise ou que la loi ne l\u2019exige.\n                \t<\/div> <\/li><li class=\"jkea_checklist-item_content\">\n                \t<div class=\"jkea_text\">\n                \t\tLe membre de l\u2019ATIC convient de respecter toutes les lois en vigueur au Canada qui portent sur le transport des marchandises qui lui sont confi\u00e9es.\n                \t<\/div> <\/li><li class=\"jkea_checklist-item_content\">\n                \t<div class=\"jkea_text\">\n                \t\tLe membre de l\u2019ATIC a, envers son client, le devoir ne pas retirer ses services, \u00e0 moins que ce soit pour une bonne raison et avec un pr\u00e9avis ad\u00e9quat.\n                \t<\/div> <\/li><\/ul><\/div>\t\t<\/div>\n\t\t\t\t<\/div>\n\t\t\t\t\t<\/div>\n\t\t<\/div>\n\t\t\t\t\t\t\t<\/div>\n\t\t<\/section>\n\t\t\t\t\t\t\t<\/div>\n\t\t","protected":false},"excerpt":{"rendered":"<p>Notre association Nous repr\u00e9sentons et soutenons nos membres qui font partie des entreprises dans les industries suivantes : les transiteurs, les courtiers en douane, les transporteurs de factage, les courtiers de fret et les op\u00e9rateurs d\u2019entrep\u00f4t. Peu importe le r\u00f4le que vous jouez dans le secteur du transport de marchandises, l\u2019Association canadienne des transitaires internationaux [&hellip;]<\/p>\n","protected":false},"author":1,"featured_media":0,"parent":0,"menu_order":0,"comment_status":"closed","ping_status":"closed","template":"","meta":{"footnotes":""},"acf":[],"yoast_head":"<!-- This site is optimized with the Yoast SEO plugin v21.5 - https:\/\/yoast.com\/wordpress\/plugins\/seo\/ -->\n<title>ATIC | Notre association<\/title>\n<meta name=\"description\" content=\"Nous offrons aux transitaires des services de soutien et de repr\u00e9sentation et nous leur permettons de tirer avantage de la r\u00e9putation de la marque ATIC, reconnue mondialement.\" \/>\n<meta name=\"robots\" content=\"index, follow, max-snippet:-1, max-image-preview:large, max-video-preview:-1\" \/>\n<link rel=\"canonical\" href=\"https:\/\/ciffa.jkmprojects.com\/fr\/notre-association\/\" \/>\n<meta property=\"og:locale\" content=\"fr_FR\" \/>\n<meta property=\"og:type\" content=\"article\" \/>\n<meta property=\"og:title\" content=\"ATIC | Notre association\" \/>\n<meta property=\"og:description\" content=\"Nous offrons aux transitaires des services de soutien et de repr\u00e9sentation et nous leur permettons de tirer avantage de la r\u00e9putation de la marque ATIC, reconnue mondialement.\" \/>\n<meta property=\"og:url\" content=\"https:\/\/ciffa.jkmprojects.com\/fr\/notre-association\/\" \/>\n<meta property=\"og:site_name\" content=\"ATIC\" \/>\n<meta property=\"article:modified_time\" content=\"2023-09-19T23:23:23+00:00\" \/>\n<meta property=\"og:image\" content=\"https:\/\/ciffa.jkmprojects.com\/wp-content\/uploads\/2021\/06\/shutterstock_601341731-scaled.jpg\" \/>\n<meta name=\"twitter:card\" content=\"summary_large_image\" \/>\n<meta name=\"twitter:label1\" content=\"Dur\u00e9e de lecture estim\u00e9e\" \/>\n\t<meta name=\"twitter:data1\" content=\"4 minutes\" \/>\n<script type=\"application\/ld+json\" class=\"yoast-schema-graph\">{\"@context\":\"https:\/\/schema.org\",\"@graph\":[{\"@type\":\"WebPage\",\"@id\":\"https:\/\/ciffa.jkmprojects.com\/fr\/notre-association\/\",\"url\":\"https:\/\/ciffa.jkmprojects.com\/fr\/notre-association\/\",\"name\":\"ATIC | Notre association\",\"isPartOf\":{\"@id\":\"https:\/\/ciffa.jkmprojects.com\/fr\/#website\"},\"datePublished\":\"2022-03-16T17:37:30+00:00\",\"dateModified\":\"2023-09-19T23:23:23+00:00\",\"description\":\"Nous offrons aux transitaires des services de soutien et de repr\u00e9sentation et nous leur permettons de tirer avantage de la r\u00e9putation de la marque ATIC, reconnue mondialement.\",\"breadcrumb\":{\"@id\":\"https:\/\/ciffa.jkmprojects.com\/fr\/notre-association\/#breadcrumb\"},\"inLanguage\":\"fr-FR\",\"potentialAction\":[{\"@type\":\"ReadAction\",\"target\":[\"https:\/\/ciffa.jkmprojects.com\/fr\/notre-association\/\"]}]},{\"@type\":\"BreadcrumbList\",\"@id\":\"https:\/\/ciffa.jkmprojects.com\/fr\/notre-association\/#breadcrumb\",\"itemListElement\":[{\"@type\":\"ListItem\",\"position\":1,\"name\":\"Home\",\"item\":\"https:\/\/ciffa.jkmprojects.com\/fr\/\"},{\"@type\":\"ListItem\",\"position\":2,\"name\":\"Notre association\"}]},{\"@type\":\"WebSite\",\"@id\":\"https:\/\/ciffa.jkmprojects.com\/fr\/#website\",\"url\":\"https:\/\/ciffa.jkmprojects.com\/fr\/\",\"name\":\"ATIC\",\"description\":\"\",\"potentialAction\":[{\"@type\":\"SearchAction\",\"target\":{\"@type\":\"EntryPoint\",\"urlTemplate\":\"https:\/\/ciffa.jkmprojects.com\/fr\/?s={search_term_string}\"},\"query-input\":\"required name=search_term_string\"}],\"inLanguage\":\"fr-FR\"}]}<\/script>\n<!-- \/ Yoast SEO plugin. -->","yoast_head_json":{"title":"ATIC | Notre association","description":"Nous offrons aux transitaires des services de soutien et de repr\u00e9sentation et nous leur permettons de tirer avantage de la r\u00e9putation de la marque ATIC, reconnue mondialement.","robots":{"index":"index","follow":"follow","max-snippet":"max-snippet:-1","max-image-preview":"max-image-preview:large","max-video-preview":"max-video-preview:-1"},"canonical":"https:\/\/ciffa.jkmprojects.com\/fr\/notre-association\/","og_locale":"fr_FR","og_type":"article","og_title":"ATIC | Notre association","og_description":"Nous offrons aux transitaires des services de soutien et de repr\u00e9sentation et nous leur permettons de tirer avantage de la r\u00e9putation de la marque ATIC, reconnue mondialement.","og_url":"https:\/\/ciffa.jkmprojects.com\/fr\/notre-association\/","og_site_name":"ATIC","article_modified_time":"2023-09-19T23:23:23+00:00","og_image":[{"url":"https:\/\/ciffa.jkmprojects.com\/wp-content\/uploads\/2021\/06\/shutterstock_601341731-scaled.jpg"}],"twitter_card":"summary_large_image","twitter_misc":{"Dur\u00e9e de lecture estim\u00e9e":"4 minutes"},"schema":{"@context":"https:\/\/schema.org","@graph":[{"@type":"WebPage","@id":"https:\/\/ciffa.jkmprojects.com\/fr\/notre-association\/","url":"https:\/\/ciffa.jkmprojects.com\/fr\/notre-association\/","name":"ATIC | Notre association","isPartOf":{"@id":"https:\/\/ciffa.jkmprojects.com\/fr\/#website"},"datePublished":"2022-03-16T17:37:30+00:00","dateModified":"2023-09-19T23:23:23+00:00","description":"Nous offrons aux transitaires des services de soutien et de repr\u00e9sentation et nous leur permettons de tirer avantage de la r\u00e9putation de la marque ATIC, reconnue mondialement.","breadcrumb":{"@id":"https:\/\/ciffa.jkmprojects.com\/fr\/notre-association\/#breadcrumb"},"inLanguage":"fr-FR","potentialAction":[{"@type":"ReadAction","target":["https:\/\/ciffa.jkmprojects.com\/fr\/notre-association\/"]}]},{"@type":"BreadcrumbList","@id":"https:\/\/ciffa.jkmprojects.com\/fr\/notre-association\/#breadcrumb","itemListElement":[{"@type":"ListItem","position":1,"name":"Home","item":"https:\/\/ciffa.jkmprojects.com\/fr\/"},{"@type":"ListItem","position":2,"name":"Notre association"}]},{"@type":"WebSite","@id":"https:\/\/ciffa.jkmprojects.com\/fr\/#website","url":"https:\/\/ciffa.jkmprojects.com\/fr\/","name":"ATIC","description":"","potentialAction":[{"@type":"SearchAction","target":{"@type":"EntryPoint","urlTemplate":"https:\/\/ciffa.jkmprojects.com\/fr\/?s={search_term_string}"},"query-input":"required name=search_term_string"}],"inLanguage":"fr-FR"}]}},"_links":{"self":[{"href":"https:\/\/ciffa.jkmprojects.com\/fr\/wp-json\/wp\/v2\/pages\/6351"}],"collection":[{"href":"https:\/\/ciffa.jkmprojects.com\/fr\/wp-json\/wp\/v2\/pages"}],"about":[{"href":"https:\/\/ciffa.jkmprojects.com\/fr\/wp-json\/wp\/v2\/types\/page"}],"author":[{"embeddable":true,"href":"https:\/\/ciffa.jkmprojects.com\/fr\/wp-json\/wp\/v2\/users\/1"}],"replies":[{"embeddable":true,"href":"https:\/\/ciffa.jkmprojects.com\/fr\/wp-json\/wp\/v2\/comments?post=6351"}],"version-history":[{"count":28,"href":"https:\/\/ciffa.jkmprojects.com\/fr\/wp-json\/wp\/v2\/pages\/6351\/revisions"}],"predecessor-version":[{"id":7997,"href":"https:\/\/ciffa.jkmprojects.com\/fr\/wp-json\/wp\/v2\/pages\/6351\/revisions\/7997"}],"wp:attachment":[{"href":"https:\/\/ciffa.jkmprojects.com\/fr\/wp-json\/wp\/v2\/media?parent=6351"}],"curies":[{"name":"wp","href":"https:\/\/api.w.org\/{rel}","templated":true}]}}