{"id":6552,"date":"2021-01-11T11:33:07","date_gmt":"2021-01-11T16:33:07","guid":{"rendered":"http:\/\/ciffa.test\/apply-for-membership\/"},"modified":"2023-08-09T08:20:35","modified_gmt":"2023-08-09T12:20:35","slug":"demande-dadhesion","status":"publish","type":"page","link":"https:\/\/ciffa.jkmprojects.com\/fr\/demande-dadhesion\/","title":{"rendered":"Demande d\u2019adh\u00e9sion"},"content":{"rendered":"\t\t<div data-elementor-type=\"wp-page\" data-elementor-id=\"6552\" class=\"elementor elementor-6552 elementor-2350\" data-elementor-post-type=\"page\">\n\t\t\t\t\t\t\t\t\t<header class=\"elementor-section elementor-top-section elementor-element elementor-element-f495f56 elementor-section-full_width elementor-section-height-default elementor-section-height-default\" data-id=\"f495f56\" data-element_type=\"section\">\n\t\t\t\t\t\t<div class=\"elementor-container elementor-column-gap-default\">\n\t\t\t\t\t<div class=\"elementor-column elementor-col-100 elementor-top-column elementor-element elementor-element-7062416\" data-id=\"7062416\" data-element_type=\"column\">\n\t\t\t<div class=\"elementor-widget-wrap elementor-element-populated\">\n\t\t\t\t\t\t\t\t<div class=\"elementor-element elementor-element-d20d90a elementor-widget elementor-widget-jk-pageheader\" data-id=\"d20d90a\" data-element_type=\"widget\" data-widget_type=\"jk-pageheader.default\">\n\t\t\t\t<div class=\"elementor-widget-container\">\n\t\t\t<header class=\"medium\"><div class=\"jkea_header\"><div class=\"jkea_header__contentwrap\"><div class=\"jkea_header__content\"><div class=\"title\"><h1>Demande d\u2019adh\u00e9sion<\/h1><\/div><div class=\"text\"><p class=\"p1\">Joignez-vous \u00e0 nous aujourd\u2019hui pour b\u00e9n\u00e9ficier de nos services de formation, de repr\u00e9sentation et de r\u00e9seautage pour les transitaires.<span class=\"Apple-converted-space\">\u00a0<\/span><\/p><\/div><\/div><\/div><div class=\"jkea_header__graphic\"><div class=\"featuredimage bw\"><img decoding=\"async\" src=\"https:\/\/ciffa.jkmprojects.com\/wp-content\/uploads\/2021\/01\/members.jpg\" alt=\"women talking in hallway\"><\/div><div class=\"jkea_header__threebars\"><div class=\"bars\"><div class=\"bar1\"><\/div><div class=\"bar2\"><\/div><div class=\"bar3\"><\/div><\/div><\/div><div class=\"jkea_header__transparentcorner\"><div class=\"transparency\"><\/div><\/div><\/div><\/div><\/header>\t\t<\/div>\n\t\t\t\t<\/div>\n\t\t\t\t\t<\/div>\n\t\t<\/div>\n\t\t\t\t\t\t\t<\/div>\n\t\t<\/header>\n\t\t\t\t<section class=\"elementor-section elementor-top-section elementor-element elementor-element-8affaf1 elementor-section-boxed elementor-section-height-default elementor-section-height-default\" data-id=\"8affaf1\" data-element_type=\"section\">\n\t\t\t\t\t\t<div class=\"elementor-container elementor-column-gap-default\">\n\t\t\t\t\t<div class=\"elementor-column elementor-col-100 elementor-top-column elementor-element elementor-element-cc451e2\" data-id=\"cc451e2\" data-element_type=\"column\">\n\t\t\t<div class=\"elementor-widget-wrap elementor-element-populated\">\n\t\t\t\t\t\t\t\t<div class=\"elementor-element elementor-element-c9b8151 elementor-widget elementor-widget-heading\" data-id=\"c9b8151\" data-element_type=\"widget\" data-widget_type=\"heading.default\">\n\t\t\t\t<div class=\"elementor-widget-container\">\n\t\t\t<h2 class=\"elementor-heading-title elementor-size-default\">Quel type d\u2019adh\u00e9sion souhaitez-vous?<\/h2>\t\t<\/div>\n\t\t\t\t<\/div>\n\t\t\t\t<div class=\"elementor-element elementor-element-08d3f61 elementor-widget elementor-widget-text-editor\" data-id=\"08d3f61\" data-element_type=\"widget\" data-widget_type=\"text-editor.default\">\n\t\t\t\t<div class=\"elementor-widget-container\">\n\t\t\t\t\t\t\t<p class=\"p1\" style=\"text-align: center;\">Les membres r\u00e9guliers sont des entreprises sp\u00e9cialis\u00e9es en exp\u00e9dition de fret, en courtage de cargaison et en services de transport ou de camionnage.<span class=\"Apple-converted-space\">\u00a0<br \/><\/span>Toutes les autres entreprises peuvent devenir membres associ\u00e9s.<\/p>\t\t\t\t\t\t<\/div>\n\t\t\t\t<\/div>\n\t\t\t\t<div class=\"elementor-element elementor-element-854d4df elementor-widget elementor-widget-spacer\" data-id=\"854d4df\" data-element_type=\"widget\" data-widget_type=\"spacer.default\">\n\t\t\t\t<div class=\"elementor-widget-container\">\n\t\t\t\t\t<div class=\"elementor-spacer\">\n\t\t\t<div class=\"elementor-spacer-inner\"><\/div>\n\t\t<\/div>\n\t\t\t\t<\/div>\n\t\t\t\t<\/div>\n\t\t\t\t\t<\/div>\n\t\t<\/div>\n\t\t\t\t\t\t\t<\/div>\n\t\t<\/section>\n\t\t\t\t<section class=\"elementor-section elementor-top-section elementor-element elementor-element-5923e93 elementor-section-boxed elementor-section-height-default elementor-section-height-default\" data-id=\"5923e93\" data-element_type=\"section\">\n\t\t\t\t\t\t<div class=\"elementor-container elementor-column-gap-default\">\n\t\t\t\t\t<div class=\"elementor-column elementor-col-100 elementor-top-column elementor-element elementor-element-00002ea\" data-id=\"00002ea\" data-element_type=\"column\">\n\t\t\t<div class=\"elementor-widget-wrap elementor-element-populated\">\n\t\t\t\t\t\t\t\t<div class=\"elementor-element elementor-element-90d35d9 elementor-widget elementor-widget-shortcode\" data-id=\"90d35d9\" data-element_type=\"widget\" data-widget_type=\"shortcode.default\">\n\t\t\t\t<div class=\"elementor-widget-container\">\n\t\t\t\t\t<div class=\"elementor-shortcode\"><section class=\"becomeamember memberregisteroptions\">\n    <div class=\"container\">\n        <div class=\"options\">\n            <div class=\"option\" data-option=\"regularmember\">Membre r\u00e9gulier<\/div>\n            <div class=\"option\" data-option=\"associate\">Membre associ\u00e9<\/div>\n        <\/div>\n    <\/div>\n<\/section>\n\n<section class=\"regularmember optiongroup\">\n    <div class=\"container\">\n        <div class=\"options wrap\">\n            <div class=\"option\" data-option=\"cb\">Customs Broker<\/div>\n\n            <div class=\"option\" data-option=\"do\">Drayage Operator<\/div>\n            <div class=\"option\" data-option=\"fb\">Freight broker<\/div>\n\n            <div class=\"option\" data-option=\"ff\">Freight forwarder<\/div>\n            <div class=\"option\" data-option=\"wo\">Warehouse Operator<\/div>\n        <\/div>\n    <\/div>\n<\/section>\n\n\n<div class=\"hidden modalid-membership\">\n    <div class=\"close\">X<\/div>\n    <h2>Remarque\u00a0: Cette demande n\u2019est disponible qu\u2019en anglais. Cliquez sur \u00ab\u00a0Continuer\u00a0\u00bb pour poursuivre le processus de demande d\u2019adh\u00e9sion en ouvrant une session sur notre portail Web.<\/h2>\n    <div class=\"jkea_button\"><a href=\"#\" class=\"btn\" target=\"_blank\">Continuer<\/a><\/div>\n<\/div>\n    \n\n<\/div>\n\t\t\t\t<\/div>\n\t\t\t\t<\/div>\n\t\t\t\t\t<\/div>\n\t\t<\/div>\n\t\t\t\t\t\t\t<\/div>\n\t\t<\/section>\n\t\t\t\t<section class=\"elementor-section elementor-top-section elementor-element elementor-element-f2e97cc membership elementor-section-boxed elementor-section-height-default elementor-section-height-default\" data-id=\"f2e97cc\" data-element_type=\"section\">\n\t\t\t\t\t\t<div class=\"elementor-container elementor-column-gap-default\">\n\t\t\t\t\t<div class=\"elementor-column elementor-col-100 elementor-top-column elementor-element elementor-element-7a12ad9 container\" data-id=\"7a12ad9\" data-element_type=\"column\">\n\t\t\t<div class=\"elementor-widget-wrap elementor-element-populated\">\n\t\t\t\t\t\t\t\t<div class=\"elementor-section elementor-inner-section elementor-element elementor-element-ce4ec28 regular optiongroup membership elementor-section-boxed elementor-section-height-default elementor-section-height-default\" data-id=\"ce4ec28\" data-element_type=\"section\">\n\t\t\t\t\t\t<div class=\"elementor-container elementor-column-gap-default\">\n\t\t\t\t\t<div class=\"elementor-column elementor-col-100 elementor-inner-column elementor-element elementor-element-9a6d0c5\" data-id=\"9a6d0c5\" data-element_type=\"column\">\n\t\t\t<div class=\"elementor-widget-wrap elementor-element-populated\">\n\t\t\t\t\t\t\t\t<div class=\"elementor-element elementor-element-e5718f8 qualify elementor-widget elementor-widget-text-editor\" data-id=\"e5718f8\" data-element_type=\"widget\" data-widget_type=\"text-editor.default\">\n\t\t\t\t<div class=\"elementor-widget-container\">\n\t\t\t\t\t\t\t<h2 style=\"text-align: center;\">\u00cates-vous admissible?<\/h2>\n<ul>\n \t<li class=\"li1\"><span class=\"s1\">Vous respectez les r\u00e8glements de l\u2019ATIC concernant les entreprises qui sont des filiales d\u2019un transporteur principal ou qui sont d\u00e9tenues (en tout ou en partie) par un exp\u00e9diteur, un consignataire, un exportateur ou un importateur.<\/span><\/li>\n \t<li class=\"li1\"><span class=\"s1\">Vous \u00eates commandit\u00e9 par deux entreprises qui sont actuellement membres r\u00e9guli\u00e8res et dont l\u2019adh\u00e9sion est en r\u00e8gle.<\/span><\/li>\n \t<li class=\"li1\"><span class=\"s1\">Vous vous conformez aux exigences de la loi canadienne \u00e0 l\u2019\u00e9gard du personnel qualifi\u00e9 \u00e0 chaque endroit o\u00f9 l\u2019exp\u00e9dition de marchandises dangereuses (air, mer et route) se fait*.<\/span><\/li>\n \t<li class=\"li1\"><span class=\"s1\">Vous faites en sorte que votre personnel \u0153uvrant aux emplacements o\u00f9 des op\u00e9rations internationales de transport de fret ont lieu (le cas \u00e9ch\u00e9ant) ait toujours une formation \u00e9quivalente au programme de certificats d\u2019ATIC \u00e0 jour*.<\/span><\/li>\n \t<li class=\"li1\"><span class=\"s1\">Vous vous conformez aux conditions g\u00e9n\u00e9rales de l\u2019ATIC ou \u00e0 des conditions g\u00e9n\u00e9rales au moins aussi contraignantes que les n\u00f4tres.<\/span><\/li>\n \t<li class=\"li1\"><span class=\"s1\">Vous faites preuve d\u2019une conduite professionnelle et \u00e9thique irr\u00e9prochable dans toutes vos relations d\u2019affaires.<\/span><\/li>\n \t<li class=\"li1\"><span class=\"s1\">Vous vous conformez \u00e0 l\u2019exigence de l\u2019ATIC de souscrire \u00e0 une assurance de responsabilit\u00e9 civile des transitaires, ainsi qu\u2019\u00e0 une assurance erreurs et omissions pour un montant minimum de cinq cent mille dollars <nobr>(500\u2009000\u00a0$\u00a0CA)<\/nobr> par sinistre et \u00e0 une assurance couvrant la responsabilit\u00e9 du transporteur, \u00e0 vos frais, lesquelles peuvent \u00eatre assum\u00e9s en vertu d\u2019un FBL de la FIATA ou d\u2019un contrat de transport similaire \u00e9mis au nom du membre. Une preuve \u00e0 jour doit \u00eatre transmise chaque ann\u00e9e au Secr\u00e9tariat.<\/span><\/li>\n \t<li><span class=\"s1\">Soci\u00e9t\u00e9s de transport ou de camionnage : Vous respectez l\u2019exigence de l\u2019Association de souscrire \u00e0 une assurance responsabilit\u00e9 pour le transport de marchandises pour un montant minimum de deux cent cinquante mille dollars canadiens <nobr>(250\u2009000 $ CA)<\/nobr> par sinistre, \u00e0 vos frais (la preuve doit \u00eatre jointe \u00e0 la demande). Une preuve \u00e0 jour doit \u00eatre transmise chaque ann\u00e9e au Secr\u00e9tariat.<\/span><\/li>\n \t<li class=\"li1\"><span class=\"s1\">Vous vous engagez \u00e0 respecter les objectifs de l\u2019Association en tout temps.<\/span><\/li>\n \t<li><span class=\"s1\">Vous \u00eates en affaires depuis au moins 36\u00a0mois*.<\/span><\/li>\n \t<li class=\"li1\"><span class=\"s1\">Vous vous engagez \u00e0 respecter <a href=\"\/fr\/notre-association#ethics\"><span class=\"s2\">le code d\u2019\u00e9thique professionnel de l\u2019ATIC<\/span><\/a><\/span><span class=\"s3\">.<\/span><\/li>\n \t<li class=\"li1\"><span class=\"s1\">Les sp\u00e9cialistes en courtage de cargaison qui exploitent des services transfrontaliers doivent se conformer aux exigences d\u2019assurance-cautionnement\u00a0BMC-84 de la FMSCA.<\/span><\/li>\n \t<li class=\"li1\"><span class=\"s1\">Sp\u00e9cialistes en courtage de cargaison : Vous respectez l\u2019exigence de l\u2019Association de souscrire \u00e0 une assurance responsabilit\u00e9 pour le transport de marchandises ainsi qu\u2019\u00e0 une assurance erreurs et omissions pour un montant minimum de deux cent cinquante mille dollars canadiens <nobr>(250\u2009000 $ CA)<\/nobr> par sinistre, \u00e0 vos frais (la preuve doit \u00eatre jointe \u00e0 la demande). Une preuve \u00e0 jour doit \u00eatre transmise chaque ann\u00e9e au Secr\u00e9tariat.<\/span><\/li>\n<\/ul>\n<b>*<\/b>Pour les exemptions, veuillez vous reporter aux <a class=\"showmodal\" href=\"https:\/\/ciffa.jkmprojects.com\/wp-content\/uploads\/2019\/02\/Regular-Member-Criteria-New-Applicant-Exception-Guidelines-12132019.pdf\" data-modalid=\"englishonly\">Crit\u00e8res d\u2019adh\u00e9sion pour les membres r\u00e9guliers \u2014 Directives sur la conformit\u00e9 des nouveaux demandeurs<\/a>\n<p class=\"p1\">Remarque\u00a0: <i>Les nouveaux membres ne recevront leur adh\u00e9sion \u00e0 FIATA qu\u2019au d\u00e9but de chaque ann\u00e9e civile.<\/i><\/p>\t\t\t\t\t\t<\/div>\n\t\t\t\t<\/div>\n\t\t\t\t<div class=\"elementor-element elementor-element-7dc2037 fees elementor-widget elementor-widget-text-editor\" data-id=\"7dc2037\" data-element_type=\"widget\" data-widget_type=\"text-editor.default\">\n\t\t\t\t<div class=\"elementor-widget-container\">\n\t\t\t\t\t\t\t<h2 style=\"text-align: center;\">Frais<\/h2><table cellspacing=\"0\" cellpadding=\"0\"><tbody><tr><td>Frais annuels d\u2019adh\u00e9sion pour les membres r\u00e9guliers<\/td><td>1250,00 $<\/td><\/tr><\/tbody><\/table><ul><li class=\"li1\"><span class=\"s1\">Les frais d\u2019adh\u00e9sion comprennent l\u2019adh\u00e9sion \u00e0 la FIATA.<\/span><\/li><li class=\"li2\"><span class=\"s1\">Les frais annuels sont payables au moment de la demande d\u2019adh\u00e9sion et sont calcul\u00e9s au prorata \u00e0 compter de la date d\u2019approbation.<\/span><\/li><li class=\"li1\"><span class=\"s1\">Les frais ne sont pas remboursables.<\/span><\/li><li class=\"li3\"><span class=\"s1\">Les frais d\u2019adh\u00e9sion sont assujettis aux taxes applicables.<\/span><\/li><\/ul>\t\t\t\t\t\t<\/div>\n\t\t\t\t<\/div>\n\t\t\t\t<div class=\"elementor-element elementor-element-ffbd66c elementor-align-center button showmodal elementor-widget elementor-widget-button\" data-id=\"ffbd66c\" data-element_type=\"widget\" data-modalid=\"englishonly\" data-widget_type=\"button.default\">\n\t\t\t\t<div class=\"elementor-widget-container\">\n\t\t\t\t\t<div class=\"elementor-button-wrapper\">\n\t\t\t<a class=\"elementor-button elementor-button-link elementor-size-sm\" href=\"https:\/\/forms.office.com\/r\/XB1E8rfK2k\" target=\"_blank\">\n\t\t\t\t\t\t<span class=\"elementor-button-content-wrapper\">\n\t\t\t\t\t\t<span class=\"elementor-button-text\">Pr\u00e9sentez votre demande maintenant<\/span>\n\t\t<\/span>\n\t\t\t\t\t<\/a>\n\t\t<\/div>\n\t\t\t\t<\/div>\n\t\t\t\t<\/div>\n\t\t\t\t\t<\/div>\n\t\t<\/div>\n\t\t\t\t\t\t\t<\/div>\n\t\t<\/div>\n\t\t\t\t<div class=\"elementor-section elementor-inner-section elementor-element elementor-element-c5a112b associate optiongroup membership elementor-section-boxed elementor-section-height-default elementor-section-height-default\" data-id=\"c5a112b\" data-element_type=\"section\">\n\t\t\t\t\t\t<div class=\"elementor-container elementor-column-gap-default\">\n\t\t\t\t\t<div class=\"elementor-column elementor-col-100 elementor-inner-column elementor-element elementor-element-31435d9\" data-id=\"31435d9\" data-element_type=\"column\">\n\t\t\t<div class=\"elementor-widget-wrap elementor-element-populated\">\n\t\t\t\t\t\t\t\t<div class=\"elementor-element elementor-element-c4b5746 qualify elementor-widget elementor-widget-text-editor\" data-id=\"c4b5746\" data-element_type=\"widget\" data-widget_type=\"text-editor.default\">\n\t\t\t\t<div class=\"elementor-widget-container\">\n\t\t\t\t\t\t\t<h2 style=\"text-align: center;\">\u00cates-vous admissible?<\/h2><p class=\"p1\" style=\"text-align: center;\">Voici les cat\u00e9gories de membres associ\u00e9s pour les entreprises qui ne font pas partie du secteur du transport de marchandises, qui ne sont pas sp\u00e9cialis\u00e9es en courtage de cargaison ou en services de transport\/camionnage\u00a0:<\/p><ul><li class=\"li1\">Publicit\u00e9\/ Service conseils\/ Marketing\/ Recherche<\/li><li class=\"li1\">Transport a\u00e9rien<\/li><li class=\"li1\">Transport a\u00e9rien (agents g\u00e9n\u00e9raux de vente)<\/li><li class=\"li1\">Banques et op\u00e9rations de change<\/li><li class=\"li1\">Assurance<\/li><li class=\"li1\">Courtage en douanes<\/li><li class=\"li1\">Exploitation de terminaux portuaires<\/li><li class=\"li1\">Cabinets de documentation<\/li><li class=\"li1\">TI\/Logiciels\/Commerce \u00e9lectronique<\/li><li class=\"li1\">Cabinets d\u2019avocats<\/li><li class=\"li1\">Transporteurs et agents maritimes<\/li><li class=\"li1\">Emballage<\/li><li class=\"li1\">Recrutement du personnel<\/li><li class=\"li1\">Administrations portuaires<\/li><li class=\"li1\">Transport ferroviaire<\/li><li class=\"li1\">Agences de s\u00e9curit\u00e9<\/li><li class=\"li1\">Camionnage\/entreposage<\/li><li class=\"li1\">Autre<\/li><li class=\"li1\">Vous \u00eates en affaires depuis au moins 24\u00a0mois<\/li><li class=\"li1\">Vous appuyez les secteurs du transport de fret, du courtage de marchandises et de transport\/camionnage et leur fournissez des services.<\/li><li class=\"li1\">Vous souhaitez participer au programme de fid\u00e9lit\u00e9 de l\u2019ATIC et offrir des rabais ou d\u2019autres types d\u2019\u00e9conomie \u00e0 tous les membres de l\u2019ATIC.<\/li><li class=\"li1\">Vous voulez rencontrer des intervenants du secteur tout en \u00e9tant au courant des nouvelles et des \u00e9v\u00e9nements de l\u2019industrie<\/li><\/ul>\t\t\t\t\t\t<\/div>\n\t\t\t\t<\/div>\n\t\t\t\t<div class=\"elementor-element elementor-element-459edb6 fees elementor-widget elementor-widget-text-editor\" data-id=\"459edb6\" data-element_type=\"widget\" data-widget_type=\"text-editor.default\">\n\t\t\t\t<div class=\"elementor-widget-container\">\n\t\t\t\t\t\t\t<h2 style=\"text-align: center;\">Frais<\/h2><table cellspacing=\"0\" cellpadding=\"0\"><tbody><tr><td><span style=\"font-weight: 400;\"> Frais annuels d\u2019adh\u00e9sion pour les membres associ\u00e9s<\/span><\/td><td>770,00\u00a0$<\/td><\/tr><\/tbody><\/table><ul><li class=\"li1\"><span class=\"s1\">Les frais annuels sont payables au moment de la demande d\u2019adh\u00e9sion et sont calcul\u00e9s au prorata \u00e0 compter de la date d\u2019approbation.<span class=\"Apple-converted-space\">\u00a0<\/span><\/span><\/li><li class=\"li1\"><span class=\"s1\">Les frais ne sont pas remboursables.<\/span><\/li><li class=\"li2\"><span class=\"s1\">Les frais d\u2019adh\u00e9sion sont assujettis aux taxes applicables.<\/span><\/li><\/ul>\t\t\t\t\t\t<\/div>\n\t\t\t\t<\/div>\n\t\t\t\t<div class=\"elementor-element elementor-element-db6c5cb elementor-align-center button showmodal elementor-widget elementor-widget-button\" data-id=\"db6c5cb\" data-element_type=\"widget\" data-modalid=\"englishonly\" data-widget_type=\"button.default\">\n\t\t\t\t<div class=\"elementor-widget-container\">\n\t\t\t\t\t<div class=\"elementor-button-wrapper\">\n\t\t\t<a class=\"elementor-button elementor-button-link elementor-size-sm\" href=\"https:\/\/forms.office.com\/r\/WRhCzgxV7W\" target=\"_blank\">\n\t\t\t\t\t\t<span class=\"elementor-button-content-wrapper\">\n\t\t\t\t\t\t<span class=\"elementor-button-text\">Pr\u00e9sentez votre demande maintenant<\/span>\n\t\t<\/span>\n\t\t\t\t\t<\/a>\n\t\t<\/div>\n\t\t\t\t<\/div>\n\t\t\t\t<\/div>\n\t\t\t\t\t<\/div>\n\t\t<\/div>\n\t\t\t\t\t\t\t<\/div>\n\t\t<\/div>\n\t\t\t\t\t<\/div>\n\t\t<\/div>\n\t\t\t\t\t\t\t<\/div>\n\t\t<\/section>\n\t\t\t\t<section class=\"elementor-section elementor-top-section elementor-element elementor-element-303c700 elementor-section-boxed elementor-section-height-default elementor-section-height-default\" data-id=\"303c700\" data-element_type=\"section\">\n\t\t\t\t\t\t<div class=\"elementor-container elementor-column-gap-default\">\n\t\t\t\t\t<div class=\"elementor-column elementor-col-100 elementor-top-column elementor-element elementor-element-8aca9c8\" data-id=\"8aca9c8\" data-element_type=\"column\">\n\t\t\t<div class=\"elementor-widget-wrap elementor-element-populated\">\n\t\t\t\t\t\t\t\t<div class=\"elementor-element elementor-element-55d6cfd elementor-widget elementor-widget-spacer\" data-id=\"55d6cfd\" data-element_type=\"widget\" data-widget_type=\"spacer.default\">\n\t\t\t\t<div class=\"elementor-widget-container\">\n\t\t\t\t\t<div class=\"elementor-spacer\">\n\t\t\t<div class=\"elementor-spacer-inner\"><\/div>\n\t\t<\/div>\n\t\t\t\t<\/div>\n\t\t\t\t<\/div>\n\t\t\t\t\t<\/div>\n\t\t<\/div>\n\t\t\t\t\t\t\t<\/div>\n\t\t<\/section>\n\t\t\t\t\t\t\t<\/div>\n\t\t","protected":false},"excerpt":{"rendered":"<p>Demande d\u2019adh\u00e9sion Joignez-vous \u00e0 nous aujourd\u2019hui pour b\u00e9n\u00e9ficier de nos services de formation, de repr\u00e9sentation et de r\u00e9seautage pour les transitaires.\u00a0 Quel type d\u2019adh\u00e9sion souhaitez-vous? Les membres r\u00e9guliers sont des entreprises sp\u00e9cialis\u00e9es en exp\u00e9dition de fret, en courtage de cargaison et en services de transport ou de camionnage.\u00a0Toutes les autres entreprises peuvent devenir membres associ\u00e9s. [&hellip;]<\/p>\n","protected":false},"author":1,"featured_media":0,"parent":0,"menu_order":0,"comment_status":"closed","ping_status":"closed","template":"","meta":{"footnotes":""},"acf":[],"yoast_head":"<!-- This site is optimized with the Yoast SEO plugin v21.5 - https:\/\/yoast.com\/wordpress\/plugins\/seo\/ -->\n<title>ATIC | Demande d\u2019adh\u00e9sion<\/title>\n<meta name=\"description\" content=\"Inscrivez-vous aux services destin\u00e9s aux transitaires ou \u00e0 toute autre entreprise.\" \/>\n<meta name=\"robots\" content=\"index, follow, max-snippet:-1, max-image-preview:large, max-video-preview:-1\" \/>\n<link rel=\"canonical\" href=\"https:\/\/ciffa.jkmprojects.com\/fr\/demande-dadhesion\/\" \/>\n<meta property=\"og:locale\" content=\"fr_FR\" \/>\n<meta property=\"og:type\" content=\"article\" \/>\n<meta property=\"og:title\" content=\"ATIC | Demande d\u2019adh\u00e9sion\" \/>\n<meta property=\"og:description\" content=\"Inscrivez-vous aux services destin\u00e9s aux transitaires ou \u00e0 toute autre entreprise.\" \/>\n<meta property=\"og:url\" content=\"https:\/\/ciffa.jkmprojects.com\/fr\/demande-dadhesion\/\" \/>\n<meta property=\"og:site_name\" content=\"ATIC\" \/>\n<meta property=\"article:modified_time\" content=\"2023-08-09T12:20:35+00:00\" \/>\n<meta property=\"og:image\" content=\"https:\/\/ciffa.jkmprojects.com\/wp-content\/uploads\/2021\/01\/members.jpg\" \/>\n<meta name=\"twitter:card\" content=\"summary_large_image\" \/>\n<meta name=\"twitter:label1\" content=\"Dur\u00e9e de lecture estim\u00e9e\" \/>\n\t<meta name=\"twitter:data1\" content=\"5 minutes\" \/>\n<script type=\"application\/ld+json\" class=\"yoast-schema-graph\">{\"@context\":\"https:\/\/schema.org\",\"@graph\":[{\"@type\":\"WebPage\",\"@id\":\"https:\/\/ciffa.jkmprojects.com\/fr\/demande-dadhesion\/\",\"url\":\"https:\/\/ciffa.jkmprojects.com\/fr\/demande-dadhesion\/\",\"name\":\"ATIC | Demande d\u2019adh\u00e9sion\",\"isPartOf\":{\"@id\":\"https:\/\/ciffa.jkmprojects.com\/fr\/#website\"},\"datePublished\":\"2021-01-11T16:33:07+00:00\",\"dateModified\":\"2023-08-09T12:20:35+00:00\",\"description\":\"Inscrivez-vous aux services destin\u00e9s aux transitaires ou \u00e0 toute autre entreprise.\",\"breadcrumb\":{\"@id\":\"https:\/\/ciffa.jkmprojects.com\/fr\/demande-dadhesion\/#breadcrumb\"},\"inLanguage\":\"fr-FR\",\"potentialAction\":[{\"@type\":\"ReadAction\",\"target\":[\"https:\/\/ciffa.jkmprojects.com\/fr\/demande-dadhesion\/\"]}]},{\"@type\":\"BreadcrumbList\",\"@id\":\"https:\/\/ciffa.jkmprojects.com\/fr\/demande-dadhesion\/#breadcrumb\",\"itemListElement\":[{\"@type\":\"ListItem\",\"position\":1,\"name\":\"Home\",\"item\":\"https:\/\/ciffa.jkmprojects.com\/fr\/\"},{\"@type\":\"ListItem\",\"position\":2,\"name\":\"Demande d\u2019adh\u00e9sion\"}]},{\"@type\":\"WebSite\",\"@id\":\"https:\/\/ciffa.jkmprojects.com\/fr\/#website\",\"url\":\"https:\/\/ciffa.jkmprojects.com\/fr\/\",\"name\":\"ATIC\",\"description\":\"\",\"potentialAction\":[{\"@type\":\"SearchAction\",\"target\":{\"@type\":\"EntryPoint\",\"urlTemplate\":\"https:\/\/ciffa.jkmprojects.com\/fr\/?s={search_term_string}\"},\"query-input\":\"required name=search_term_string\"}],\"inLanguage\":\"fr-FR\"}]}<\/script>\n<!-- \/ Yoast SEO plugin. -->","yoast_head_json":{"title":"ATIC | Demande d\u2019adh\u00e9sion","description":"Inscrivez-vous aux services destin\u00e9s aux transitaires ou \u00e0 toute autre entreprise.","robots":{"index":"index","follow":"follow","max-snippet":"max-snippet:-1","max-image-preview":"max-image-preview:large","max-video-preview":"max-video-preview:-1"},"canonical":"https:\/\/ciffa.jkmprojects.com\/fr\/demande-dadhesion\/","og_locale":"fr_FR","og_type":"article","og_title":"ATIC | Demande d\u2019adh\u00e9sion","og_description":"Inscrivez-vous aux services destin\u00e9s aux transitaires ou \u00e0 toute autre entreprise.","og_url":"https:\/\/ciffa.jkmprojects.com\/fr\/demande-dadhesion\/","og_site_name":"ATIC","article_modified_time":"2023-08-09T12:20:35+00:00","og_image":[{"url":"https:\/\/ciffa.jkmprojects.com\/wp-content\/uploads\/2021\/01\/members.jpg"}],"twitter_card":"summary_large_image","twitter_misc":{"Dur\u00e9e de lecture estim\u00e9e":"5 minutes"},"schema":{"@context":"https:\/\/schema.org","@graph":[{"@type":"WebPage","@id":"https:\/\/ciffa.jkmprojects.com\/fr\/demande-dadhesion\/","url":"https:\/\/ciffa.jkmprojects.com\/fr\/demande-dadhesion\/","name":"ATIC | Demande d\u2019adh\u00e9sion","isPartOf":{"@id":"https:\/\/ciffa.jkmprojects.com\/fr\/#website"},"datePublished":"2021-01-11T16:33:07+00:00","dateModified":"2023-08-09T12:20:35+00:00","description":"Inscrivez-vous aux services destin\u00e9s aux transitaires ou \u00e0 toute autre entreprise.","breadcrumb":{"@id":"https:\/\/ciffa.jkmprojects.com\/fr\/demande-dadhesion\/#breadcrumb"},"inLanguage":"fr-FR","potentialAction":[{"@type":"ReadAction","target":["https:\/\/ciffa.jkmprojects.com\/fr\/demande-dadhesion\/"]}]},{"@type":"BreadcrumbList","@id":"https:\/\/ciffa.jkmprojects.com\/fr\/demande-dadhesion\/#breadcrumb","itemListElement":[{"@type":"ListItem","position":1,"name":"Home","item":"https:\/\/ciffa.jkmprojects.com\/fr\/"},{"@type":"ListItem","position":2,"name":"Demande d\u2019adh\u00e9sion"}]},{"@type":"WebSite","@id":"https:\/\/ciffa.jkmprojects.com\/fr\/#website","url":"https:\/\/ciffa.jkmprojects.com\/fr\/","name":"ATIC","description":"","potentialAction":[{"@type":"SearchAction","target":{"@type":"EntryPoint","urlTemplate":"https:\/\/ciffa.jkmprojects.com\/fr\/?s={search_term_string}"},"query-input":"required name=search_term_string"}],"inLanguage":"fr-FR"}]}},"_links":{"self":[{"href":"https:\/\/ciffa.jkmprojects.com\/fr\/wp-json\/wp\/v2\/pages\/6552"}],"collection":[{"href":"https:\/\/ciffa.jkmprojects.com\/fr\/wp-json\/wp\/v2\/pages"}],"about":[{"href":"https:\/\/ciffa.jkmprojects.com\/fr\/wp-json\/wp\/v2\/types\/page"}],"author":[{"embeddable":true,"href":"https:\/\/ciffa.jkmprojects.com\/fr\/wp-json\/wp\/v2\/users\/1"}],"replies":[{"embeddable":true,"href":"https:\/\/ciffa.jkmprojects.com\/fr\/wp-json\/wp\/v2\/comments?post=6552"}],"version-history":[{"count":61,"href":"https:\/\/ciffa.jkmprojects.com\/fr\/wp-json\/wp\/v2\/pages\/6552\/revisions"}],"predecessor-version":[{"id":7932,"href":"https:\/\/ciffa.jkmprojects.com\/fr\/wp-json\/wp\/v2\/pages\/6552\/revisions\/7932"}],"wp:attachment":[{"href":"https:\/\/ciffa.jkmprojects.com\/fr\/wp-json\/wp\/v2\/media?parent=6552"}],"curies":[{"name":"wp","href":"https:\/\/api.w.org\/{rel}","templated":true}]}}