{"id":6664,"date":"2020-09-03T10:32:14","date_gmt":"2020-09-03T14:32:14","guid":{"rendered":"http:\/\/ciffa.test\/member-directory\/"},"modified":"2022-03-31T14:07:35","modified_gmt":"2022-03-31T18:07:35","slug":"repertoire-des-membres","status":"publish","type":"page","link":"https:\/\/ciffa.jkmprojects.com\/fr\/repertoire-des-membres\/","title":{"rendered":"R\u00e9pertoire des membres"},"content":{"rendered":"\t\t<div data-elementor-type=\"wp-page\" data-elementor-id=\"6664\" class=\"elementor elementor-6664 elementor-266\" data-elementor-post-type=\"page\">\n\t\t\t\t\t\t\t\t\t<section class=\"elementor-section elementor-top-section elementor-element elementor-element-0cf95a1 elementor-section-full_width elementor-section-height-default elementor-section-height-default\" data-id=\"0cf95a1\" data-element_type=\"section\">\n\t\t\t\t\t\t<div class=\"elementor-container elementor-column-gap-default\">\n\t\t\t\t\t<div class=\"elementor-column elementor-col-100 elementor-top-column elementor-element elementor-element-83574ec\" data-id=\"83574ec\" data-element_type=\"column\">\n\t\t\t<div class=\"elementor-widget-wrap elementor-element-populated\">\n\t\t\t\t\t\t\t\t<div class=\"elementor-element elementor-element-715949f elementor-widget elementor-widget-jk-pageheader\" data-id=\"715949f\" data-element_type=\"widget\" data-widget_type=\"jk-pageheader.default\">\n\t\t\t\t<div class=\"elementor-widget-container\">\n\t\t\t<header class=\"medium\"><div class=\"jkea_header\"><div class=\"jkea_header__contentwrap\"><div class=\"jkea_header__content\"><div class=\"title\"><h1>R\u00e9pertoire des membres<\/h1><\/div><div class=\"text\"><p class=\"p1\">Remarque\u00a0: Le r\u00e9pertoire des membres n\u2019est disponible qu\u2019en anglais. Cliquez sur \u00ab\u00a0Rechercher parmi nos membres\u00a0\u00bb pour acc\u00e9der au r\u00e9pertoire.<\/p>\n\n<div class=\"jkea_button\"><a href=\"\/member-directory\/\" target=\"_blank\" rel=\"noopener class=\">Rechercher parmi nos membres<\/a><\/div><\/div><\/div><\/div><div class=\"jkea_header__graphic\"><div class=\"featuredimage full\"><img decoding=\"async\" src=\"https:\/\/ciffa.jkmprojects.com\/wp-content\/uploads\/2021\/01\/mackbook-mockup1.jpg\" alt=\"CIFFA on a laptop\"><\/div><div class=\"jkea_header__threebars\"><div class=\"bars\"><div class=\"bar1\"><\/div><div class=\"bar2\"><\/div><div class=\"bar3\"><\/div><\/div><\/div><div class=\"jkea_header__transparentcorner\"><div class=\"transparency\"><\/div><\/div><\/div><\/div><\/header>\t\t<\/div>\n\t\t\t\t<\/div>\n\t\t\t\t\t<\/div>\n\t\t<\/div>\n\t\t\t\t\t\t\t<\/div>\n\t\t<\/section>\n\t\t\t\t<section class=\"elementor-section elementor-top-section elementor-element elementor-element-cffe9fa elementor-section-full_width elementor-section-height-default elementor-section-height-default\" data-id=\"cffe9fa\" data-element_type=\"section\">\n\t\t\t\t\t\t<div class=\"elementor-container elementor-column-gap-default\">\n\t\t\t\t\t<div class=\"elementor-column elementor-col-100 elementor-top-column elementor-element elementor-element-149103d\" data-id=\"149103d\" data-element_type=\"column\">\n\t\t\t<div class=\"elementor-widget-wrap elementor-element-populated\">\n\t\t\t\t\t\t\t\t<div class=\"elementor-element elementor-element-65b78a1 elementor-widget elementor-widget-html\" data-id=\"65b78a1\" data-element_type=\"widget\" data-widget_type=\"html.default\">\n\t\t\t\t<div class=\"elementor-widget-container\">\n\t\t\t<a name=\"memberresultsanchor\"><\/a>\t\t<\/div>\n\t\t\t\t<\/div>\n\t\t\t\t<div class=\"elementor-element elementor-element-a49c0af elementor-widget elementor-widget-shortcode\" data-id=\"a49c0af\" data-element_type=\"widget\" data-widget_type=\"shortcode.default\">\n\t\t\t\t<div class=\"elementor-widget-container\">\n\t\t\t\t\t<div class=\"elementor-shortcode\"><\/div>\n\t\t\t\t<\/div>\n\t\t\t\t<\/div>\n\t\t\t\t\t<\/div>\n\t\t<\/div>\n\t\t\t\t\t\t\t<\/div>\n\t\t<\/section>\n\t\t\t\t<section class=\"elementor-section elementor-top-section elementor-element elementor-element-f04d8ae elementor-section-boxed elementor-section-height-default elementor-section-height-default\" data-id=\"f04d8ae\" data-element_type=\"section\">\n\t\t\t\t\t\t<div class=\"elementor-container elementor-column-gap-default\">\n\t\t\t\t\t<div class=\"elementor-column elementor-col-100 elementor-top-column elementor-element elementor-element-2cd3d8a\" data-id=\"2cd3d8a\" data-element_type=\"column\">\n\t\t\t<div class=\"elementor-widget-wrap elementor-element-populated\">\n\t\t\t\t\t\t\t\t<div class=\"elementor-element elementor-element-f40e365 elementor-widget elementor-widget-jk-pod\" data-id=\"f40e365\" data-element_type=\"widget\" data-widget_type=\"jk-pod.default\">\n\t\t\t\t<div class=\"elementor-widget-container\">\n\t\t\t<div class=\"jkea_pod_wrapper \"><div class=\"jkea_section_title\"><h2>\u00c0 propos de l\u2019adh\u00e9sion<\/h2><\/div><div class=\"jkea_pods \"><div class=\"jkea_pod_content\">\n                    <div class=\"jkea_title left\">\n                        <div class=\"jkea_icon\">\n                        \t<div class=\"icon\">\n                        \t    <img decoding=\"async\" src=\"https:\/\/ciffa.jkmprojects.com\/wp-content\/uploads\/2021\/01\/noun_Network_739905-1.png\" alt=\"R\u00e9seautage Icon\">\n                    \t    <\/div>\n                        <\/div>\n                \t    <h3>R\u00e9seautage<\/h3>\n                \t<\/div>\n                \t<div class=\"jkea_text left\">\n                \t\tDiscutez des d\u00e9fis et des occasions avec d\u2019autres transitaires.\n                \t<\/div> <\/div><div class=\"jkea_pod_content\">\n                    <div class=\"jkea_title left\">\n                        <div class=\"jkea_icon\">\n                        \t<div class=\"icon\">\n                        \t    <img decoding=\"async\" src=\"https:\/\/ciffa.jkmprojects.com\/wp-content\/uploads\/2020\/09\/Screen-Shot-2020-07-06-at-10.54.06-AM.png\" alt=\"Formation Icon\">\n                    \t    <\/div>\n                        <\/div>\n                \t    <h3>Formation<\/h3>\n                \t<\/div>\n                \t<div class=\"jkea_text left\">\n                \t\tFaites passer votre carri\u00e8re au niveau sup\u00e9rieur avec nos cours, webinaires et ateliers.\n                \t<\/div> <\/div><div class=\"jkea_pod_content\">\n                    <div class=\"jkea_title left\">\n                        <div class=\"jkea_icon\">\n                        \t<div class=\"icon\">\n                        \t    <img decoding=\"async\" src=\"https:\/\/ciffa.jkmprojects.com\/wp-content\/uploads\/2020\/08\/icon.png\" alt=\"Repr\u00e9sentation Icon\">\n                    \t    <\/div>\n                        <\/div>\n                \t    <h3>Repr\u00e9sentation<\/h3>\n                \t<\/div>\n                \t<div class=\"jkea_text left\">\n                \t\tApprenez-en davantage sur la fa\u00e7on dont nous d\u00e9fendons notre industrie ici et ailleurs.\n                \t<\/div> <\/div><\/div><\/div>\t\t<\/div>\n\t\t\t\t<\/div>\n\t\t\t\t\t<\/div>\n\t\t<\/div>\n\t\t\t\t\t\t\t<\/div>\n\t\t<\/section>\n\t\t\t\t<section class=\"elementor-section elementor-top-section elementor-element elementor-element-895a399 elementor-section-full_width elementor-section-height-default elementor-section-height-default\" data-id=\"895a399\" data-element_type=\"section\">\n\t\t\t\t\t\t<div class=\"elementor-container elementor-column-gap-default\">\n\t\t\t\t\t<div class=\"elementor-column elementor-col-100 elementor-top-column elementor-element elementor-element-6cacddf\" data-id=\"6cacddf\" data-element_type=\"column\">\n\t\t\t<div class=\"elementor-widget-wrap elementor-element-populated\">\n\t\t\t\t\t\t\t\t<div class=\"elementor-element elementor-element-a204c48 elementor-widget elementor-widget-jk-cta-bar\" data-id=\"a204c48\" data-element_type=\"widget\" data-widget_type=\"jk-cta-bar.default\">\n\t\t\t\t<div class=\"elementor-widget-container\">\n\t\t\t<div class=\"jkea_cta-bar_wrapper\">\n            <div class=\"jkea_cta-bar_angle\"><\/div>\n                <div class=\"jkea_cta-bar\">\n                    <div class=\"jkea_cta-bar_content\">\n                        <div class=\"jkea_title\">\n                    \t    <h2>Devenez membre<\/h2>\n                    \t<\/div>\n                    \t<div class=\"jkea_text\">\n                    \t\t<p class=\"p1\">Pour faire progresser votre entreprise et de votre carri\u00e8re, commencez ici<\/p><p><span style=\"font-weight: 400;\">\u00a0<\/span><\/p>\n                    \t<\/div><div class=\"jkea_button\">\n                    \t\t<a href=\"\/fr\/inscrivez-vous-maintenant\/\" class=\"btn\">Pr\u00e9sentez votre demande maintenant<\/a>\n                    \t<\/div> <\/div>\n                    <\/div>\n                <\/div>\t\t<\/div>\n\t\t\t\t<\/div>\n\t\t\t\t\t<\/div>\n\t\t<\/div>\n\t\t\t\t\t\t\t<\/div>\n\t\t<\/section>\n\t\t\t\t\t\t\t<\/div>\n\t\t","protected":false},"excerpt":{"rendered":"<p>R\u00e9pertoire des membres Remarque\u00a0: Le r\u00e9pertoire des membres n\u2019est disponible qu\u2019en anglais. Cliquez sur \u00ab\u00a0Rechercher parmi nos membres\u00a0\u00bb pour acc\u00e9der au r\u00e9pertoire. \u00c0 propos de l\u2019adh\u00e9sion R\u00e9seautage Discutez des d\u00e9fis et des occasions avec d\u2019autres transitaires. Formation Faites passer votre carri\u00e8re au niveau sup\u00e9rieur avec nos cours, webinaires et ateliers. Repr\u00e9sentation Apprenez-en davantage sur la [&hellip;]<\/p>\n","protected":false},"author":1,"featured_media":0,"parent":0,"menu_order":0,"comment_status":"closed","ping_status":"closed","template":"","meta":{"footnotes":""},"acf":[],"yoast_head":"<!-- This site is optimized with the Yoast SEO plugin v21.5 - https:\/\/yoast.com\/wordpress\/plugins\/seo\/ -->\n<title>ATIC | R\u00e9pertoire des membres<\/title>\n<meta name=\"description\" content=\"Apprenez-en davantage sur les occasions de r\u00e9seautage, de formation et de repr\u00e9sentation.\" \/>\n<meta name=\"robots\" content=\"index, follow, max-snippet:-1, max-image-preview:large, max-video-preview:-1\" \/>\n<link rel=\"canonical\" href=\"https:\/\/ciffa.jkmprojects.com\/fr\/repertoire-des-membres\/\" \/>\n<meta property=\"og:locale\" content=\"fr_FR\" \/>\n<meta property=\"og:type\" content=\"article\" \/>\n<meta property=\"og:title\" content=\"ATIC | R\u00e9pertoire des membres\" \/>\n<meta property=\"og:description\" content=\"Apprenez-en davantage sur les occasions de r\u00e9seautage, de formation et de repr\u00e9sentation.\" \/>\n<meta property=\"og:url\" content=\"https:\/\/ciffa.jkmprojects.com\/fr\/repertoire-des-membres\/\" \/>\n<meta property=\"og:site_name\" content=\"ATIC\" \/>\n<meta property=\"article:modified_time\" content=\"2022-03-31T18:07:35+00:00\" \/>\n<meta property=\"og:image\" content=\"https:\/\/ciffa.jkmprojects.com\/wp-content\/uploads\/2021\/01\/noun_Network_739905-1.png\" \/>\n<meta name=\"twitter:card\" content=\"summary_large_image\" \/>\n<meta name=\"twitter:label1\" content=\"Dur\u00e9e de lecture estim\u00e9e\" \/>\n\t<meta name=\"twitter:data1\" content=\"2 minutes\" \/>\n<script type=\"application\/ld+json\" class=\"yoast-schema-graph\">{\"@context\":\"https:\/\/schema.org\",\"@graph\":[{\"@type\":\"WebPage\",\"@id\":\"https:\/\/ciffa.jkmprojects.com\/fr\/repertoire-des-membres\/\",\"url\":\"https:\/\/ciffa.jkmprojects.com\/fr\/repertoire-des-membres\/\",\"name\":\"ATIC | R\u00e9pertoire des membres\",\"isPartOf\":{\"@id\":\"https:\/\/ciffa.jkmprojects.com\/fr\/#website\"},\"datePublished\":\"2020-09-03T14:32:14+00:00\",\"dateModified\":\"2022-03-31T18:07:35+00:00\",\"description\":\"Apprenez-en davantage sur les occasions de r\u00e9seautage, de formation et de repr\u00e9sentation.\",\"breadcrumb\":{\"@id\":\"https:\/\/ciffa.jkmprojects.com\/fr\/repertoire-des-membres\/#breadcrumb\"},\"inLanguage\":\"fr-FR\",\"potentialAction\":[{\"@type\":\"ReadAction\",\"target\":[\"https:\/\/ciffa.jkmprojects.com\/fr\/repertoire-des-membres\/\"]}]},{\"@type\":\"BreadcrumbList\",\"@id\":\"https:\/\/ciffa.jkmprojects.com\/fr\/repertoire-des-membres\/#breadcrumb\",\"itemListElement\":[{\"@type\":\"ListItem\",\"position\":1,\"name\":\"Home\",\"item\":\"https:\/\/ciffa.jkmprojects.com\/fr\/\"},{\"@type\":\"ListItem\",\"position\":2,\"name\":\"R\u00e9pertoire des membres\"}]},{\"@type\":\"WebSite\",\"@id\":\"https:\/\/ciffa.jkmprojects.com\/fr\/#website\",\"url\":\"https:\/\/ciffa.jkmprojects.com\/fr\/\",\"name\":\"ATIC\",\"description\":\"\",\"potentialAction\":[{\"@type\":\"SearchAction\",\"target\":{\"@type\":\"EntryPoint\",\"urlTemplate\":\"https:\/\/ciffa.jkmprojects.com\/fr\/?s={search_term_string}\"},\"query-input\":\"required name=search_term_string\"}],\"inLanguage\":\"fr-FR\"}]}<\/script>\n<!-- \/ Yoast SEO plugin. -->","yoast_head_json":{"title":"ATIC | R\u00e9pertoire des membres","description":"Apprenez-en davantage sur les occasions de r\u00e9seautage, de formation et de repr\u00e9sentation.","robots":{"index":"index","follow":"follow","max-snippet":"max-snippet:-1","max-image-preview":"max-image-preview:large","max-video-preview":"max-video-preview:-1"},"canonical":"https:\/\/ciffa.jkmprojects.com\/fr\/repertoire-des-membres\/","og_locale":"fr_FR","og_type":"article","og_title":"ATIC | R\u00e9pertoire des membres","og_description":"Apprenez-en davantage sur les occasions de r\u00e9seautage, de formation et de repr\u00e9sentation.","og_url":"https:\/\/ciffa.jkmprojects.com\/fr\/repertoire-des-membres\/","og_site_name":"ATIC","article_modified_time":"2022-03-31T18:07:35+00:00","og_image":[{"url":"https:\/\/ciffa.jkmprojects.com\/wp-content\/uploads\/2021\/01\/noun_Network_739905-1.png"}],"twitter_card":"summary_large_image","twitter_misc":{"Dur\u00e9e de lecture estim\u00e9e":"2 minutes"},"schema":{"@context":"https:\/\/schema.org","@graph":[{"@type":"WebPage","@id":"https:\/\/ciffa.jkmprojects.com\/fr\/repertoire-des-membres\/","url":"https:\/\/ciffa.jkmprojects.com\/fr\/repertoire-des-membres\/","name":"ATIC | R\u00e9pertoire des membres","isPartOf":{"@id":"https:\/\/ciffa.jkmprojects.com\/fr\/#website"},"datePublished":"2020-09-03T14:32:14+00:00","dateModified":"2022-03-31T18:07:35+00:00","description":"Apprenez-en davantage sur les occasions de r\u00e9seautage, de formation et de repr\u00e9sentation.","breadcrumb":{"@id":"https:\/\/ciffa.jkmprojects.com\/fr\/repertoire-des-membres\/#breadcrumb"},"inLanguage":"fr-FR","potentialAction":[{"@type":"ReadAction","target":["https:\/\/ciffa.jkmprojects.com\/fr\/repertoire-des-membres\/"]}]},{"@type":"BreadcrumbList","@id":"https:\/\/ciffa.jkmprojects.com\/fr\/repertoire-des-membres\/#breadcrumb","itemListElement":[{"@type":"ListItem","position":1,"name":"Home","item":"https:\/\/ciffa.jkmprojects.com\/fr\/"},{"@type":"ListItem","position":2,"name":"R\u00e9pertoire des membres"}]},{"@type":"WebSite","@id":"https:\/\/ciffa.jkmprojects.com\/fr\/#website","url":"https:\/\/ciffa.jkmprojects.com\/fr\/","name":"ATIC","description":"","potentialAction":[{"@type":"SearchAction","target":{"@type":"EntryPoint","urlTemplate":"https:\/\/ciffa.jkmprojects.com\/fr\/?s={search_term_string}"},"query-input":"required name=search_term_string"}],"inLanguage":"fr-FR"}]}},"_links":{"self":[{"href":"https:\/\/ciffa.jkmprojects.com\/fr\/wp-json\/wp\/v2\/pages\/6664"}],"collection":[{"href":"https:\/\/ciffa.jkmprojects.com\/fr\/wp-json\/wp\/v2\/pages"}],"about":[{"href":"https:\/\/ciffa.jkmprojects.com\/fr\/wp-json\/wp\/v2\/types\/page"}],"author":[{"embeddable":true,"href":"https:\/\/ciffa.jkmprojects.com\/fr\/wp-json\/wp\/v2\/users\/1"}],"replies":[{"embeddable":true,"href":"https:\/\/ciffa.jkmprojects.com\/fr\/wp-json\/wp\/v2\/comments?post=6664"}],"version-history":[{"count":17,"href":"https:\/\/ciffa.jkmprojects.com\/fr\/wp-json\/wp\/v2\/pages\/6664\/revisions"}],"predecessor-version":[{"id":6820,"href":"https:\/\/ciffa.jkmprojects.com\/fr\/wp-json\/wp\/v2\/pages\/6664\/revisions\/6820"}],"wp:attachment":[{"href":"https:\/\/ciffa.jkmprojects.com\/fr\/wp-json\/wp\/v2\/media?parent=6664"}],"curies":[{"name":"wp","href":"https:\/\/api.w.org\/{rel}","templated":true}]}}