{"id":6673,"date":"2021-01-08T10:58:50","date_gmt":"2021-01-08T15:58:50","guid":{"rendered":"http:\/\/ciffa.test\/register-now\/"},"modified":"2022-04-05T14:46:14","modified_gmt":"2022-04-05T18:46:14","slug":"inscrivez-vous-maintenant","status":"publish","type":"page","link":"https:\/\/ciffa.jkmprojects.com\/fr\/inscrivez-vous-maintenant\/","title":{"rendered":"Inscrivez-vous maintenant"},"content":{"rendered":"\t\t<div data-elementor-type=\"wp-page\" data-elementor-id=\"6673\" class=\"elementor elementor-6673 elementor-2293\" data-elementor-post-type=\"page\">\n\t\t\t\t\t\t\t\t\t<header class=\"elementor-section elementor-top-section elementor-element elementor-element-649cadb elementor-section-full_width elementor-section-height-default elementor-section-height-default\" data-id=\"649cadb\" data-element_type=\"section\">\n\t\t\t\t\t\t<div class=\"elementor-container elementor-column-gap-default\">\n\t\t\t\t\t<div class=\"elementor-column elementor-col-100 elementor-top-column elementor-element elementor-element-a0aad02\" data-id=\"a0aad02\" data-element_type=\"column\">\n\t\t\t<div class=\"elementor-widget-wrap elementor-element-populated\">\n\t\t\t\t\t\t\t\t<div class=\"elementor-element elementor-element-bedfc4f elementor-widget elementor-widget-jk-pageheader\" data-id=\"bedfc4f\" data-element_type=\"widget\" data-widget_type=\"jk-pageheader.default\">\n\t\t\t\t<div class=\"elementor-widget-container\">\n\t\t\t<header class=\"medium\"><div class=\"jkea_header\"><div class=\"jkea_header__contentwrap\"><div class=\"jkea_header__content\"><div class=\"title\"><h1>Inscrivez-vous maintenant <\/h1><\/div><div class=\"text\"><p class=\"p1\">Profitez de tout ce que l\u2019ATIC peut vous offrir.<\/p><\/div><\/div><\/div><div class=\"jkea_header__graphic\"><div class=\"featuredimage full\"><img decoding=\"async\" src=\"https:\/\/ciffa.jkmprojects.com\/wp-content\/uploads\/2021\/01\/registerbanner.jpg\" alt=\"laptops make me happy\"><\/div><div class=\"jkea_header__threebars\"><div class=\"bars\"><div class=\"bar1\"><\/div><div class=\"bar2\"><\/div><div class=\"bar3\"><\/div><\/div><\/div><div class=\"jkea_header__transparentcorner\"><div class=\"transparency\"><\/div><\/div><\/div><\/div><\/header>\t\t<\/div>\n\t\t\t\t<\/div>\n\t\t\t\t\t<\/div>\n\t\t<\/div>\n\t\t\t\t\t\t\t<\/div>\n\t\t<\/header>\n\t\t\t\t<section class=\"elementor-section elementor-top-section elementor-element elementor-element-72af698 elementor-section-boxed elementor-section-height-default elementor-section-height-default\" data-id=\"72af698\" data-element_type=\"section\">\n\t\t\t\t\t\t<div class=\"elementor-container elementor-column-gap-default\">\n\t\t\t\t\t<div class=\"elementor-column elementor-col-100 elementor-top-column elementor-element elementor-element-dc6db21 container\" data-id=\"dc6db21\" data-element_type=\"column\">\n\t\t\t<div class=\"elementor-widget-wrap elementor-element-populated\">\n\t\t\t\t\t\t\t\t<div class=\"elementor-element elementor-element-469b95d elementor-widget elementor-widget-heading\" data-id=\"469b95d\" data-element_type=\"widget\" data-widget_type=\"heading.default\">\n\t\t\t\t<div class=\"elementor-widget-container\">\n\t\t\t<h2 class=\"elementor-heading-title elementor-size-default\">Quel type d\u2019adh\u00e9sion souhaitez-vous?<\/h2>\t\t<\/div>\n\t\t\t\t<\/div>\n\t\t\t\t<div class=\"elementor-element elementor-element-bb5b424 elementor-widget elementor-widget-text-editor\" data-id=\"bb5b424\" data-element_type=\"widget\" data-widget_type=\"text-editor.default\">\n\t\t\t\t<div class=\"elementor-widget-container\">\n\t\t\t\t\t\t\t<p class=\"p1\" style=\"text-align: center;\">Choisissez la fa\u00e7on dont vous voulez participer.<\/p>\t\t\t\t\t\t<\/div>\n\t\t\t\t<\/div>\n\t\t\t\t\t<\/div>\n\t\t<\/div>\n\t\t\t\t\t\t\t<\/div>\n\t\t<\/section>\n\t\t\t\t<section class=\"elementor-section elementor-top-section elementor-element elementor-element-269767b elementor-section-boxed elementor-section-height-default elementor-section-height-default\" data-id=\"269767b\" data-element_type=\"section\">\n\t\t\t\t\t\t<div class=\"elementor-container elementor-column-gap-default\">\n\t\t\t\t\t<div class=\"elementor-column elementor-col-100 elementor-top-column elementor-element elementor-element-24b1e77\" data-id=\"24b1e77\" data-element_type=\"column\">\n\t\t\t<div class=\"elementor-widget-wrap elementor-element-populated\">\n\t\t\t\t\t\t\t\t<div class=\"elementor-element elementor-element-1cbac83 elementor-widget elementor-widget-shortcode\" data-id=\"1cbac83\" data-element_type=\"widget\" data-widget_type=\"shortcode.default\">\n\t\t\t\t<div class=\"elementor-widget-container\">\n\t\t\t\t\t<div class=\"elementor-shortcode\">    <section class=\"registeroptions\">\n        <div class=\"container\">\n            <div class=\"options\">\n               \n                                                <div class=\"frenchoption showmodal\" data-modalid=\"englishonly\"><a href=\"\/register-now?roption=course\">Inscrivez-vous \u00e0 un cours<\/a><\/div>\n                                                <div class=\"frenchoption showmodal\" data-modalid=\"englishonly\"><a href=\"\/register-now?roption=event\">Inscrivez-vous \u00e0 un \u00e9v\u00e9nement<\/a><\/div>\n               \n                <div class=\"option\" data-option=\"becomeamember\">Devenez membre<\/div>\n                \n            <\/div>\n        <\/div>\n    <\/section>\n\n    <section class=\"registercourse optiongroup\">\n        <div class=\"container\">\n            <h3>Choose a course section:<\/h3>\n            <div class=\"options\">\n                \n                \n                            <\/div>\n            \n            <section class=\"courselist\">\n                <div class=\"container\">\n                    \n                <\/div>\n            <\/section>\n        <\/div>\n    <\/section>\n    \n    <section class=\"registerevent optiongroup\">\n        <div class=\"container\">\n            <h3>Choose an event:<\/h3>\n            <section class=\"eventlist\">\n                <div class=\"container\">\n                                    <\/div>\n            <\/section>\n        <\/div>\n    <\/section>\n    \n    <section class=\"becomeamember optiongroup\">\n    <div class=\"container\">\n        <div class=\"options\">\n            <div class=\"option\" data-option=\"regularmember\">Membre r\u00e9gulier<\/div>\n            <div class=\"option\" data-option=\"associate\">Membre associ\u00e9<\/div>\n        <\/div>\n    <\/div>\n<\/section>\n\n<section class=\"regularmember optiongroup\">\n    <div class=\"container\">\n        <div class=\"options wrap\">\n            <div class=\"option\" data-option=\"cb\">Customs Broker<\/div>\n\n            <div class=\"option\" data-option=\"do\">Drayage Operator<\/div>\n            <div class=\"option\" data-option=\"fb\">Freight broker<\/div>\n\n            <div class=\"option\" data-option=\"ff\">Freight forwarder<\/div>\n            <div class=\"option\" data-option=\"wo\">Warehouse Operator<\/div>\n        <\/div>\n    <\/div>\n<\/section>\n\n\n<div class=\"hidden modalid-membership\">\n    <div class=\"close\">X<\/div>\n    <h2>Remarque\u00a0: Cette demande n\u2019est disponible qu\u2019en anglais. Cliquez sur \u00ab\u00a0Continuer\u00a0\u00bb pour poursuivre le processus de demande d\u2019adh\u00e9sion en ouvrant une session sur notre portail Web.<\/h2>\n    <div class=\"jkea_button\"><a href=\"#\" class=\"btn\" target=\"_blank\">Continuer<\/a><\/div>\n<\/div>\n    \n\n        \n        <\/div>\n\t\t\t\t<\/div>\n\t\t\t\t<\/div>\n\t\t\t\t\t<\/div>\n\t\t<\/div>\n\t\t\t\t\t\t\t<\/div>\n\t\t<\/section>\n\t\t\t\t<section class=\"elementor-section elementor-top-section elementor-element elementor-element-3b16add membership elementor-section-boxed elementor-section-height-default elementor-section-height-default\" data-id=\"3b16add\" data-element_type=\"section\">\n\t\t\t\t\t\t<div class=\"elementor-container elementor-column-gap-default\">\n\t\t\t\t\t<div class=\"elementor-column elementor-col-100 elementor-top-column elementor-element elementor-element-588b11e container\" data-id=\"588b11e\" data-element_type=\"column\">\n\t\t\t<div class=\"elementor-widget-wrap elementor-element-populated\">\n\t\t\t\t\t\t\t\t<div class=\"elementor-section elementor-inner-section elementor-element elementor-element-7b12083 regular optiongroup membership elementor-section-boxed elementor-section-height-default elementor-section-height-default\" data-id=\"7b12083\" data-element_type=\"section\">\n\t\t\t\t\t\t<div class=\"elementor-container elementor-column-gap-default\">\n\t\t\t\t\t<div class=\"elementor-column elementor-col-100 elementor-inner-column elementor-element elementor-element-cb98ffd\" data-id=\"cb98ffd\" data-element_type=\"column\">\n\t\t\t<div class=\"elementor-widget-wrap elementor-element-populated\">\n\t\t\t\t\t\t\t\t<div class=\"elementor-element elementor-element-54b567c qualify elementor-widget elementor-widget-text-editor\" data-id=\"54b567c\" data-element_type=\"widget\" data-widget_type=\"text-editor.default\">\n\t\t\t\t<div class=\"elementor-widget-container\">\n\t\t\t\t\t\t\t<h2 style=\"text-align: center;\">\u00cates-vous admissible?<\/h2>\n<ul>\n \t<li class=\"li1\"><span class=\"s1\">Vous respectez les r\u00e8glements de l\u2019ATIC concernant les entreprises qui sont des filiales d\u2019un transporteur principal ou qui sont d\u00e9tenues (en tout ou en partie) par un exp\u00e9diteur, un consignataire, un exportateur ou un importateur.<\/span><\/li>\n \t<li class=\"li1\"><span class=\"s1\">Vous \u00eates commandit\u00e9 par deux entreprises qui sont actuellement membres r\u00e9guli\u00e8res et dont l\u2019adh\u00e9sion est en r\u00e8gle.<\/span><\/li>\n \t<li class=\"li1\"><span class=\"s1\">Vous vous conformez aux exigences de la loi canadienne \u00e0 l\u2019\u00e9gard du personnel qualifi\u00e9 \u00e0 chaque endroit o\u00f9 l\u2019exp\u00e9dition de marchandises dangereuses (air, mer et route) se fait*.<\/span><\/li>\n \t<li class=\"li1\"><span class=\"s1\">Vous faites en sorte que votre personnel \u0153uvrant aux emplacements o\u00f9 des op\u00e9rations internationales de transport de fret ont lieu (le cas \u00e9ch\u00e9ant) ait toujours une formation \u00e9quivalente au programme de certificats d\u2019ATIC \u00e0 jour*.<\/span><\/li>\n \t<li class=\"li1\"><span class=\"s1\">Vous vous conformez aux conditions g\u00e9n\u00e9rales de l\u2019ATIC ou \u00e0 des conditions g\u00e9n\u00e9rales au moins aussi contraignantes que les n\u00f4tres.<\/span><\/li>\n \t<li class=\"li1\"><span class=\"s1\">Vous faites preuve d\u2019une conduite professionnelle et \u00e9thique irr\u00e9prochable dans toutes vos relations d\u2019affaires.<\/span><\/li>\n \t<li class=\"li1\"><span class=\"s1\">Vous vous conformez \u00e0 l\u2019exigence de l\u2019ATIC de souscrire \u00e0 une assurance de responsabilit\u00e9 civile des transitaires, ainsi qu\u2019\u00e0 une assurance erreurs et omissions pour un montant minimum de cinq cent mille dollars <nobr>(500\u2009000\u00a0$\u00a0CA)<\/nobr> par sinistre et \u00e0 une assurance couvrant la responsabilit\u00e9 du transporteur, \u00e0 vos frais, lesquelles peuvent \u00eatre assum\u00e9s en vertu d\u2019un FBL de la FIATA ou d\u2019un contrat de transport similaire \u00e9mis au nom du membre. Une preuve \u00e0 jour doit \u00eatre transmise chaque ann\u00e9e au Secr\u00e9tariat.<\/span><\/li>\n \t<li><span class=\"s1\">Soci\u00e9t\u00e9s de transport ou de camionnage\u00a0: Vous respectez l\u2019exigence de l\u2019Association de souscrire \u00e0 une assurance responsabilit\u00e9 pour le transport de marchandises pour un montant minimum de deux cent cinquante mille dollars canadiens <nobr>(250\u2009000\u00a0$\u00a0CA)<\/nobr> par sinistre, \u00e0 vos frais (la preuve doit \u00eatre jointe \u00e0 la demande). Une preuve \u00e0 jour doit \u00eatre transmise chaque ann\u00e9e au Secr\u00e9tariat.<\/span><\/li>\n \t<li class=\"li1\"><span class=\"s1\">Vous vous engagez \u00e0 respecter les objectifs de l\u2019Association en tout temps.<\/span><\/li>\n \t<li><span class=\"s1\">Vous \u00eates en affaires depuis au moins 36\u00a0mois*.<\/span><\/li>\n \t<li class=\"li1\"><span class=\"s1\">Vous vous engagez \u00e0 respecter <a href=\"\/fr\/notre-association#ethics\"><span class=\"s2\">le code d\u2019\u00e9thique professionnel de l\u2019ATIC<\/span><\/a><\/span><span class=\"s3\">.<\/span><\/li>\n \t<li class=\"li1\"><span class=\"s1\">Les sp\u00e9cialistes en courtage de cargaison qui exploitent des services transfrontaliers doivent se conformer aux exigences d\u2019assurance-cautionnement\u00a0BMC-84 de la FMSCA.<\/span><\/li>\n \t<li class=\"li1\"><span class=\"s1\">Sp\u00e9cialistes en courtage de cargaison\u00a0: Vous respectez l\u2019exigence de l\u2019Association de souscrire \u00e0 une assurance responsabilit\u00e9 pour le transport de marchandises ainsi qu\u2019\u00e0 une assurance erreurs et omissions pour un montant minimum de deux cent cinquante mille dollars canadiens <nobr>(250\u2009000\u00a0$\u00a0CA)<\/nobr> par sinistre, \u00e0 vos frais (la preuve doit \u00eatre jointe \u00e0 la demande). Une preuve \u00e0 jour doit \u00eatre transmise chaque ann\u00e9e au Secr\u00e9tariat.<\/span><\/li>\n<\/ul>\n<b>*<\/b>Pour les exemptions, veuillez vous reporter aux <a class=\"showmodal\" href=\"\/wp-content\/uploads\/2019\/02\/Regular-Member-Criteria-New-Applicant-Exception-Guidelines-12132019.pdf\" data-modalid=\"englishonly\">Crit\u00e8res d\u2019adh\u00e9sion pour les membres r\u00e9guliers \u2014 Directives sur la conformit\u00e9 des nouveaux demandeurs<\/a>\n<p class=\"p1\">Remarque\u00a0: <i>Les nouveaux membres ne recevront leur adh\u00e9sion \u00e0 FIATA qu\u2019au d\u00e9but de chaque ann\u00e9e civile.<\/i><\/p>\t\t\t\t\t\t<\/div>\n\t\t\t\t<\/div>\n\t\t\t\t<div class=\"elementor-element elementor-element-996e620 fees elementor-widget elementor-widget-text-editor\" data-id=\"996e620\" data-element_type=\"widget\" data-widget_type=\"text-editor.default\">\n\t\t\t\t<div class=\"elementor-widget-container\">\n\t\t\t\t\t\t\t<h2 style=\"text-align: center;\">Frais<\/h2>\n<table cellspacing=\"0\" cellpadding=\"0\">\n<tbody>\n<tr>\n<td>Frais annuels d\u2019adh\u00e9sion pour les membres r\u00e9guliers<\/td>\n<td>1250,00 $<\/td>\n<\/tr>\n<\/tbody>\n<\/table>\n<ul>\n \t<li class=\"li1\"><span class=\"s1\">Les frais d\u2019adh\u00e9sion comprennent l\u2019adh\u00e9sion \u00e0 la FIATA.<\/span><\/li>\n \t<li class=\"li2\"><span class=\"s1\">Les frais annuels sont payables au moment de la demande d\u2019adh\u00e9sion et sont calcul\u00e9s au prorata \u00e0 compter de la date d\u2019approbation.<\/span><\/li>\n \t<li class=\"li1\"><span class=\"s1\">Les frais ne sont pas remboursables.<\/span><\/li>\n \t<li class=\"li3\"><span class=\"s1\">Les frais d\u2019adh\u00e9sion sont assujettis aux taxes applicables.<\/span><\/li>\n<\/ul>\t\t\t\t\t\t<\/div>\n\t\t\t\t<\/div>\n\t\t\t\t<div class=\"elementor-element elementor-element-6c31514 elementor-align-center button showmodal elementor-widget elementor-widget-button\" data-id=\"6c31514\" data-element_type=\"widget\" data-modalid=\"englishonly\" data-widget_type=\"button.default\">\n\t\t\t\t<div class=\"elementor-widget-container\">\n\t\t\t\t\t<div class=\"elementor-button-wrapper\">\n\t\t\t<a class=\"elementor-button elementor-button-link elementor-size-sm\" href=\"https:\/\/ciffa.jkmprojects.com\/wp-content\/uploads\/2022\/02\/Regular-Membership-Application.doc%20\" target=\"_blank\">\n\t\t\t\t\t\t<span class=\"elementor-button-content-wrapper\">\n\t\t\t\t\t\t<span class=\"elementor-button-text\">Pr\u00e9sentez votre demande maintenant<\/span>\n\t\t<\/span>\n\t\t\t\t\t<\/a>\n\t\t<\/div>\n\t\t\t\t<\/div>\n\t\t\t\t<\/div>\n\t\t\t\t\t<\/div>\n\t\t<\/div>\n\t\t\t\t\t\t\t<\/div>\n\t\t<\/div>\n\t\t\t\t<div class=\"elementor-section elementor-inner-section elementor-element elementor-element-8e169af associate optiongroup membership elementor-section-boxed elementor-section-height-default elementor-section-height-default\" data-id=\"8e169af\" data-element_type=\"section\">\n\t\t\t\t\t\t<div class=\"elementor-container elementor-column-gap-default\">\n\t\t\t\t\t<div class=\"elementor-column elementor-col-100 elementor-inner-column elementor-element elementor-element-0cf2a9d\" data-id=\"0cf2a9d\" data-element_type=\"column\">\n\t\t\t<div class=\"elementor-widget-wrap elementor-element-populated\">\n\t\t\t\t\t\t\t\t<div class=\"elementor-element elementor-element-5f4eb1b qualify elementor-widget elementor-widget-text-editor\" data-id=\"5f4eb1b\" data-element_type=\"widget\" data-widget_type=\"text-editor.default\">\n\t\t\t\t<div class=\"elementor-widget-container\">\n\t\t\t\t\t\t\t<h2 style=\"text-align: center;\">\u00cates-vous admissible?<\/h2><p class=\"p1\" style=\"text-align: center;\">Voici les cat\u00e9gories de membres associ\u00e9s pour les entreprises qui ne font pas partie du secteur du transport de marchandises, qui ne sont pas sp\u00e9cialis\u00e9es en courtage de cargaison ou en services de transport\/camionnage\u00a0:<\/p><ul><li class=\"li1\">Publicit\u00e9\/ Service conseils\/ Marketing\/ Recherche<\/li><li class=\"li1\">Transport a\u00e9rien<\/li><li class=\"li1\">Transport a\u00e9rien (agents g\u00e9n\u00e9raux de vente)<\/li><li class=\"li1\">Banques et op\u00e9rations de change<\/li><li class=\"li1\">Assurance<\/li><li class=\"li1\">Courtage en douanes<\/li><li class=\"li1\">Exploitation de terminaux portuaires<\/li><li class=\"li1\">Cabinets de documentation<\/li><li class=\"li1\">TI\/Logiciels\/Commerce \u00e9lectronique<\/li><li class=\"li1\">Cabinets d\u2019avocats<\/li><li class=\"li1\">Transporteurs et agents maritimes<\/li><li class=\"li1\">Emballage<\/li><li class=\"li1\">Recrutement du personnel<\/li><li class=\"li1\">Administrations portuaires<\/li><li class=\"li1\">Transport ferroviaire<\/li><li class=\"li1\">Agences de s\u00e9curit\u00e9<\/li><li class=\"li1\">Camionnage\/entreposage<\/li><li class=\"li1\">Autre<\/li><li class=\"li1\">Vous \u00eates en affaires depuis au moins 24\u00a0mois<\/li><li class=\"li1\">Vous appuyez les secteurs du transport de fret, du courtage de marchandises et de transport\/camionnage et leur fournissez des services.<\/li><li class=\"li1\">Vous souhaitez participer au programme de fid\u00e9lit\u00e9 de l\u2019ATIC et offrir des rabais ou d\u2019autres types d\u2019\u00e9conomie \u00e0 tous les membres de l\u2019ATIC.<\/li><li class=\"li1\">Vous voulez rencontrer des intervenants du secteur tout en \u00e9tant au courant des nouvelles et des \u00e9v\u00e9nements de l\u2019industrie<\/li><\/ul>\t\t\t\t\t\t<\/div>\n\t\t\t\t<\/div>\n\t\t\t\t<div class=\"elementor-element elementor-element-25e61ce fees elementor-widget elementor-widget-text-editor\" data-id=\"25e61ce\" data-element_type=\"widget\" data-widget_type=\"text-editor.default\">\n\t\t\t\t<div class=\"elementor-widget-container\">\n\t\t\t\t\t\t\t<h2 style=\"text-align: center;\">Frais<\/h2><table cellspacing=\"0\" cellpadding=\"0\"><tbody><tr><td><span style=\"font-weight: 400;\"> Frais annuels d\u2019adh\u00e9sion pour les membres associ\u00e9s<\/span><\/td><td>770,00\u00a0$<\/td><\/tr><\/tbody><\/table><ul><li class=\"li1\"><span class=\"s1\">Les frais annuels sont payables au moment de la demande d\u2019adh\u00e9sion et sont calcul\u00e9s au prorata \u00e0 compter de la date d\u2019approbation. <\/span><\/li><li class=\"li1\"><span class=\"s1\">Les frais ne sont pas remboursables.<\/span><\/li><li class=\"li2\"><span class=\"s1\">Les frais d\u2019adh\u00e9sion sont assujettis aux taxes applicables.<\/span><\/li><\/ul>\t\t\t\t\t\t<\/div>\n\t\t\t\t<\/div>\n\t\t\t\t<div class=\"elementor-element elementor-element-ba74bf8 elementor-align-center button showmodal elementor-widget elementor-widget-button\" data-id=\"ba74bf8\" data-element_type=\"widget\" data-modalid=\"englishonly\" data-widget_type=\"button.default\">\n\t\t\t\t<div class=\"elementor-widget-container\">\n\t\t\t\t\t<div class=\"elementor-button-wrapper\">\n\t\t\t<a class=\"elementor-button elementor-button-link elementor-size-sm\" href=\"https:\/\/ciffa.jkmprojects.com\/wp-content\/uploads\/2022\/02\/Associate-Membership-Application.doc%20\" target=\"_blank\">\n\t\t\t\t\t\t<span class=\"elementor-button-content-wrapper\">\n\t\t\t\t\t\t<span class=\"elementor-button-text\">Pr\u00e9sentez votre demande maintenant<\/span>\n\t\t<\/span>\n\t\t\t\t\t<\/a>\n\t\t<\/div>\n\t\t\t\t<\/div>\n\t\t\t\t<\/div>\n\t\t\t\t\t<\/div>\n\t\t<\/div>\n\t\t\t\t\t\t\t<\/div>\n\t\t<\/div>\n\t\t\t\t\t<\/div>\n\t\t<\/div>\n\t\t\t\t\t\t\t<\/div>\n\t\t<\/section>\n\t\t\t\t\t\t\t<\/div>\n\t\t","protected":false},"excerpt":{"rendered":"<p>Inscrivez-vous maintenant Profitez de tout ce que l\u2019ATIC peut vous offrir. Quel type d\u2019adh\u00e9sion souhaitez-vous? Choisissez la fa\u00e7on dont vous voulez participer. \u00cates-vous admissible? Vous respectez les r\u00e8glements de l\u2019ATIC concernant les entreprises qui sont des filiales d\u2019un transporteur principal ou qui sont d\u00e9tenues (en tout ou en partie) par un exp\u00e9diteur, un consignataire, un [&hellip;]<\/p>\n","protected":false},"author":1,"featured_media":0,"parent":0,"menu_order":0,"comment_status":"closed","ping_status":"closed","template":"","meta":{"footnotes":""},"acf":[],"yoast_head":"<!-- This site is optimized with the Yoast SEO plugin v21.5 - https:\/\/yoast.com\/wordpress\/plugins\/seo\/ -->\n<title>ATIC | Inscrivez-vous maintenant<\/title>\n<meta name=\"description\" content=\"Voyez comment vous pouvez participer.\" \/>\n<meta name=\"robots\" content=\"index, follow, max-snippet:-1, max-image-preview:large, max-video-preview:-1\" \/>\n<link rel=\"canonical\" href=\"https:\/\/ciffa.jkmprojects.com\/fr\/inscrivez-vous-maintenant\/\" \/>\n<meta property=\"og:locale\" content=\"fr_FR\" \/>\n<meta property=\"og:type\" content=\"article\" \/>\n<meta property=\"og:title\" content=\"ATIC | Inscrivez-vous maintenant\" \/>\n<meta property=\"og:description\" content=\"Voyez comment vous pouvez participer.\" \/>\n<meta property=\"og:url\" content=\"https:\/\/ciffa.jkmprojects.com\/fr\/inscrivez-vous-maintenant\/\" \/>\n<meta property=\"og:site_name\" content=\"ATIC\" \/>\n<meta property=\"article:modified_time\" content=\"2022-04-05T18:46:14+00:00\" \/>\n<meta property=\"og:image\" content=\"https:\/\/ciffa.jkmprojects.com\/wp-content\/uploads\/2021\/01\/registerbanner.jpg\" \/>\n<meta name=\"twitter:card\" content=\"summary_large_image\" \/>\n<meta name=\"twitter:label1\" content=\"Dur\u00e9e de lecture estim\u00e9e\" \/>\n\t<meta name=\"twitter:data1\" content=\"5 minutes\" \/>\n<script type=\"application\/ld+json\" class=\"yoast-schema-graph\">{\"@context\":\"https:\/\/schema.org\",\"@graph\":[{\"@type\":\"WebPage\",\"@id\":\"https:\/\/ciffa.jkmprojects.com\/fr\/inscrivez-vous-maintenant\/\",\"url\":\"https:\/\/ciffa.jkmprojects.com\/fr\/inscrivez-vous-maintenant\/\",\"name\":\"ATIC | Inscrivez-vous maintenant\",\"isPartOf\":{\"@id\":\"https:\/\/ciffa.jkmprojects.com\/fr\/#website\"},\"datePublished\":\"2021-01-08T15:58:50+00:00\",\"dateModified\":\"2022-04-05T18:46:14+00:00\",\"description\":\"Voyez comment vous pouvez participer.\",\"breadcrumb\":{\"@id\":\"https:\/\/ciffa.jkmprojects.com\/fr\/inscrivez-vous-maintenant\/#breadcrumb\"},\"inLanguage\":\"fr-FR\",\"potentialAction\":[{\"@type\":\"ReadAction\",\"target\":[\"https:\/\/ciffa.jkmprojects.com\/fr\/inscrivez-vous-maintenant\/\"]}]},{\"@type\":\"BreadcrumbList\",\"@id\":\"https:\/\/ciffa.jkmprojects.com\/fr\/inscrivez-vous-maintenant\/#breadcrumb\",\"itemListElement\":[{\"@type\":\"ListItem\",\"position\":1,\"name\":\"Home\",\"item\":\"https:\/\/ciffa.jkmprojects.com\/fr\/\"},{\"@type\":\"ListItem\",\"position\":2,\"name\":\"Inscrivez-vous maintenant\"}]},{\"@type\":\"WebSite\",\"@id\":\"https:\/\/ciffa.jkmprojects.com\/fr\/#website\",\"url\":\"https:\/\/ciffa.jkmprojects.com\/fr\/\",\"name\":\"ATIC\",\"description\":\"\",\"potentialAction\":[{\"@type\":\"SearchAction\",\"target\":{\"@type\":\"EntryPoint\",\"urlTemplate\":\"https:\/\/ciffa.jkmprojects.com\/fr\/?s={search_term_string}\"},\"query-input\":\"required name=search_term_string\"}],\"inLanguage\":\"fr-FR\"}]}<\/script>\n<!-- \/ Yoast SEO plugin. -->","yoast_head_json":{"title":"ATIC | Inscrivez-vous maintenant","description":"Voyez comment vous pouvez participer.","robots":{"index":"index","follow":"follow","max-snippet":"max-snippet:-1","max-image-preview":"max-image-preview:large","max-video-preview":"max-video-preview:-1"},"canonical":"https:\/\/ciffa.jkmprojects.com\/fr\/inscrivez-vous-maintenant\/","og_locale":"fr_FR","og_type":"article","og_title":"ATIC | Inscrivez-vous maintenant","og_description":"Voyez comment vous pouvez participer.","og_url":"https:\/\/ciffa.jkmprojects.com\/fr\/inscrivez-vous-maintenant\/","og_site_name":"ATIC","article_modified_time":"2022-04-05T18:46:14+00:00","og_image":[{"url":"https:\/\/ciffa.jkmprojects.com\/wp-content\/uploads\/2021\/01\/registerbanner.jpg"}],"twitter_card":"summary_large_image","twitter_misc":{"Dur\u00e9e de lecture estim\u00e9e":"5 minutes"},"schema":{"@context":"https:\/\/schema.org","@graph":[{"@type":"WebPage","@id":"https:\/\/ciffa.jkmprojects.com\/fr\/inscrivez-vous-maintenant\/","url":"https:\/\/ciffa.jkmprojects.com\/fr\/inscrivez-vous-maintenant\/","name":"ATIC | Inscrivez-vous maintenant","isPartOf":{"@id":"https:\/\/ciffa.jkmprojects.com\/fr\/#website"},"datePublished":"2021-01-08T15:58:50+00:00","dateModified":"2022-04-05T18:46:14+00:00","description":"Voyez comment vous pouvez participer.","breadcrumb":{"@id":"https:\/\/ciffa.jkmprojects.com\/fr\/inscrivez-vous-maintenant\/#breadcrumb"},"inLanguage":"fr-FR","potentialAction":[{"@type":"ReadAction","target":["https:\/\/ciffa.jkmprojects.com\/fr\/inscrivez-vous-maintenant\/"]}]},{"@type":"BreadcrumbList","@id":"https:\/\/ciffa.jkmprojects.com\/fr\/inscrivez-vous-maintenant\/#breadcrumb","itemListElement":[{"@type":"ListItem","position":1,"name":"Home","item":"https:\/\/ciffa.jkmprojects.com\/fr\/"},{"@type":"ListItem","position":2,"name":"Inscrivez-vous maintenant"}]},{"@type":"WebSite","@id":"https:\/\/ciffa.jkmprojects.com\/fr\/#website","url":"https:\/\/ciffa.jkmprojects.com\/fr\/","name":"ATIC","description":"","potentialAction":[{"@type":"SearchAction","target":{"@type":"EntryPoint","urlTemplate":"https:\/\/ciffa.jkmprojects.com\/fr\/?s={search_term_string}"},"query-input":"required name=search_term_string"}],"inLanguage":"fr-FR"}]}},"_links":{"self":[{"href":"https:\/\/ciffa.jkmprojects.com\/fr\/wp-json\/wp\/v2\/pages\/6673"}],"collection":[{"href":"https:\/\/ciffa.jkmprojects.com\/fr\/wp-json\/wp\/v2\/pages"}],"about":[{"href":"https:\/\/ciffa.jkmprojects.com\/fr\/wp-json\/wp\/v2\/types\/page"}],"author":[{"embeddable":true,"href":"https:\/\/ciffa.jkmprojects.com\/fr\/wp-json\/wp\/v2\/users\/1"}],"replies":[{"embeddable":true,"href":"https:\/\/ciffa.jkmprojects.com\/fr\/wp-json\/wp\/v2\/comments?post=6673"}],"version-history":[{"count":23,"href":"https:\/\/ciffa.jkmprojects.com\/fr\/wp-json\/wp\/v2\/pages\/6673\/revisions"}],"predecessor-version":[{"id":6860,"href":"https:\/\/ciffa.jkmprojects.com\/fr\/wp-json\/wp\/v2\/pages\/6673\/revisions\/6860"}],"wp:attachment":[{"href":"https:\/\/ciffa.jkmprojects.com\/fr\/wp-json\/wp\/v2\/media?parent=6673"}],"curies":[{"name":"wp","href":"https:\/\/api.w.org\/{rel}","templated":true}]}}